{"id":54024,"date":"2020-10-01T10:47:37","date_gmt":"2020-10-01T09:47:37","guid":{"rendered":"https:\/\/www.customeeple.com\/?post_type=product&#038;p=54024"},"modified":"2020-10-01T10:50:25","modified_gmt":"2020-10-01T09:50:25","slug":"sanguinary-guard","status":"publish","type":"product","link":"https:\/\/www.customeeple.com\/es\/producto\/sanguinary-guard\/","title":{"rendered":"Blood Angels Sanguinary Guard"},"content":{"rendered":"<p>La Sanguinary Guard son los mejores guerreros del Cap\u00edtulo de Blood Angels. Luchan con b\u00f3lters \u00c1ngelus que dejan libres ambas manos para usar las armas cuerpo a cuerpo. La Sanguinary Guard son una hermandad de mortales que se han convertido en dioses y sus gestas son material de leyendas.<\/p>\n<p>Este kit de pl\u00e1stico multicomponente contiene 95 componentes que te permitir\u00e1n montar una 5 Sanguinary Guards de los Blood Angels. Incluye 15 cabezas diferentes (5 con yelmo, 5 desnudas y 5 con m\u00e1scaras mortuoria), 15 hombreras elaboradas, 5 glavies encarmine, 6 b\u00f3lters \u00c1ngelus, una pistola inferno, una pistola de plasma, 5 variaciones de piernas y 5 torsos diferentes. Tambi\u00e9n incluye un estandarte con detalles esculpidos y una gama de bolsas y accesorios de los Blood Angels que te permitir\u00e1n personalizar tu unidad. Tambi\u00e9n se incluyen 5 peanas redondas de 32 mm.<\/p>\n","protected":false},"excerpt":{"rendered":"<p>Games Workshop Miniatures.<\/p>\n","protected":false},"featured_media":53948,"template":"","meta":{"_acf_changed":false},"product_brand":[],"product_cat":[1177,1180,1623,1229],"product_tag":[1422,1264,1179,785],"class_list":{"0":"post-54024","1":"product","2":"type-product","3":"status-publish","4":"has-post-thumbnail","6":"product_cat-games-workshop-es","7":"product_cat-retail-products-es","8":"product_cat-wargames-es-2","9":"product_cat-warhammer-40k-es","10":"product_tag-40000-es","11":"product_tag-boardgame-es","12":"product_tag-gamesworkshop-es","13":"product_tag-wargame-es-2","15":"first","16":"onbackorder","17":"sale","18":"taxable","19":"shipping-taxable","20":"purchasable","21":"product-type-simple"},"exclude_global_add_ons":[],"addons":[],"acf":[],"_links":{"self":[{"href":"https:\/\/www.customeeple.com\/es\/wp-json\/wp\/v2\/product\/54024","targetHints":{"allow":["GET"]}}],"collection":[{"href":"https:\/\/www.customeeple.com\/es\/wp-json\/wp\/v2\/product"}],"about":[{"href":"https:\/\/www.customeeple.com\/es\/wp-json\/wp\/v2\/types\/product"}],"wp:featuredmedia":[{"embeddable":true,"href":"https:\/\/www.customeeple.com\/es\/wp-json\/wp\/v2\/media\/53948"}],"wp:attachment":[{"href":"https:\/\/www.customeeple.com\/es\/wp-json\/wp\/v2\/media?parent=54024"}],"wp:term":[{"taxonomy":"product_brand","embeddable":true,"href":"https:\/\/www.customeeple.com\/es\/wp-json\/wp\/v2\/product_brand?post=54024"},{"taxonomy":"product_cat","embeddable":true,"href":"https:\/\/www.customeeple.com\/es\/wp-json\/wp\/v2\/product_cat?post=54024"},{"taxonomy":"product_tag","embeddable":true,"href":"https:\/\/www.customeeple.com\/es\/wp-json\/wp\/v2\/product_tag?post=54024"}],"curies":[{"name":"wp","href":"https:\/\/api.w.org\/{rel}","templated":true}]}}