{"id":54018,"date":"2020-10-01T10:36:47","date_gmt":"2020-10-01T09:36:47","guid":{"rendered":"https:\/\/www.customeeple.com\/?post_type=product&#038;p=54018"},"modified":"2024-11-27T12:15:07","modified_gmt":"2024-11-27T11:15:07","slug":"primaris-intercessors","status":"publish","type":"product","link":"https:\/\/www.customeeple.com\/es\/producto\/primaris-intercessors\/","title":{"rendered":"Primaris Intercessors"},"content":{"rendered":"<p>Un n\u00facleo fuerte de guerreros fiables y adaptables que cuenten con buena potencia de fuego mientras avanzan o defienden posiciones supone una ayuda inestimable para cualquier estratega. En el caso de las fuerzas de ataque reforzadas por hermanos de batalla Primaris, este papel lo desempe\u00f1an las escuadras de Intercessors. Estas escuadras son capaces de descargar salvas cruzadas de disparos, y a menudo forman el flexible n\u00facleo de combate de los reci\u00e9n fundados Cap\u00edtulos Primaris, aunque por supuesto muchos Cap\u00edtulos ya establecidos hacen uso de sus capacidades y los despliegan junto a las Tactical Squads.<\/p>\n<p>Este kit de pl\u00e1stico multicomponente contiene las piezas necesarias para montar una escuadra de 10 Primaris Intercessors. Equipados con servoarmaduras Tacticus Mark X para aprovechar su protecci\u00f3n y movilidad, demuestran ser guerreros fiables y adaptables, armados con rifles b\u00f3lter, que pueden pertenecer a una de tres variantes: el modelo est\u00e1ndar con cargador curvo, el rifle b\u00f3lter autom\u00e1tico con sobrecargador y caja de munici\u00f3n, o el rifle b\u00f3lter Silencio con mirilla de largo alcance y cargador recto. Hay 16 hombreras derechas decoradas con la iconograf\u00eda de los Intercessors, suficientes para cubrir todas las opciones de brazo, incluyendo 2 con un panel de radio abierto, 2 indicando con un gesto a la escuadra que se detenga, 2 empu\u00f1ando filoarmas y 2 disparando pistolas b\u00f3lter. Hay un total de 24 cabezas distintas disponibles en esta caja, tanto con yelmo como descubiertas.<\/p>\n<p>Las miniaturas pueden montarse como una escuadra de 10 soldados, una de 9 Intercessors y un Sergeant, o dos escuadras separadas de 5, cada una con su propio Sergeant. Los Sergeants cuentan con cabezas \u00fanicas, con cascos colgados del cintur\u00f3n y placas laterales para la cabeza que les ayudan a destacar.<\/p>\n<p>Para reflejar su versatilidad en batalla, los Intercessors traen diversos detalles adicionales que se les pueden a\u00f1adir: 12 fundas de pistola (2 de ellas vac\u00edas para los Intercessors que las llevan en mano), 10 bolsas de munici\u00f3n y granadas, 6 vainas de filoarmas (4 vac\u00edas), 4 fundas para una sola granada y 4 bolsas de munici\u00f3n de pistola b\u00f3lter.<\/p>\n<p>Los Primaris Intercessors se componen de 266 piezas, e incluyen 10 peanas redondas Citadel de 32 mm y una hoja de calcoman\u00edas.<\/p>\n","protected":false},"excerpt":{"rendered":"<p>Games Workshop boardgame.<\/p>\n","protected":false},"featured_media":53952,"template":"","meta":{"_acf_changed":false},"product_brand":[],"product_cat":[1177,1180,1372,1623,1229],"product_tag":[1422,1264,1179,785],"class_list":{"0":"post-54018","1":"product","2":"type-product","3":"status-publish","4":"has-post-thumbnail","6":"product_cat-games-workshop-es","7":"product_cat-retail-products-es","8":"product_cat-sci-fi-es","9":"product_cat-wargames-es-2","10":"product_cat-warhammer-40k-es","11":"product_tag-40000-es","12":"product_tag-boardgame-es","13":"product_tag-gamesworkshop-es","14":"product_tag-wargame-es-2","16":"first","17":"instock","18":"sale","19":"taxable","20":"shipping-taxable","21":"purchasable","22":"product-type-simple"},"exclude_global_add_ons":[],"addons":[],"acf":[],"_links":{"self":[{"href":"https:\/\/www.customeeple.com\/es\/wp-json\/wp\/v2\/product\/54018","targetHints":{"allow":["GET"]}}],"collection":[{"href":"https:\/\/www.customeeple.com\/es\/wp-json\/wp\/v2\/product"}],"about":[{"href":"https:\/\/www.customeeple.com\/es\/wp-json\/wp\/v2\/types\/product"}],"wp:featuredmedia":[{"embeddable":true,"href":"https:\/\/www.customeeple.com\/es\/wp-json\/wp\/v2\/media\/53952"}],"wp:attachment":[{"href":"https:\/\/www.customeeple.com\/es\/wp-json\/wp\/v2\/media?parent=54018"}],"wp:term":[{"taxonomy":"product_brand","embeddable":true,"href":"https:\/\/www.customeeple.com\/es\/wp-json\/wp\/v2\/product_brand?post=54018"},{"taxonomy":"product_cat","embeddable":true,"href":"https:\/\/www.customeeple.com\/es\/wp-json\/wp\/v2\/product_cat?post=54018"},{"taxonomy":"product_tag","embeddable":true,"href":"https:\/\/www.customeeple.com\/es\/wp-json\/wp\/v2\/product_tag?post=54018"}],"curies":[{"name":"wp","href":"https:\/\/api.w.org\/{rel}","templated":true}]}}