{"id":54016,"date":"2020-10-01T10:33:15","date_gmt":"2020-10-01T09:33:15","guid":{"rendered":"https:\/\/www.customeeple.com\/?post_type=product&#038;p=54016"},"modified":"2020-10-01T10:35:50","modified_gmt":"2020-10-01T09:35:50","slug":"primaris-hellblasters","status":"publish","type":"product","link":"https:\/\/www.customeeple.com\/es\/producto\/primaris-hellblasters\/","title":{"rendered":"Primaris Hellblasters"},"content":{"rendered":"<p>Los observadores imperiales han comparado la potencia de fuego de una escuadra Hellblaster con la potencia calcinadora de una erupci\u00f3n estelar. Rayos y rayos de plasma cruzan la batalla; quienes est\u00e1n en el punto de mira de los Hellblasters son aniquilados r\u00e1pidamente, su armadura queda reducida a cenizas y su cuerpo a motas brillantes. Incluso los veh\u00edculos blindados acaban hechos montones de metal fundido. Desplegada en el momento y lugar adecuados, una \u00fanica escuadra Hellblaster puede contener el atronador asalto de una avanzadilla blindada, o hacer caer a la monstruosidad alien\u00edgena m\u00e1s tit\u00e1nica.<\/p>\n<p>Este kit de pl\u00e1stico multicomponente contiene las piezas necesarias para montar una escuadra de 10 Primaris Hellblasters. Equipados con servoarmaduras Tacticus Mark X, estos soldados renuncian a las complejas variaciones de equipo de muchos de sus hermanos de batalla, y prefieren concentrarse y especializarse en un \u00fanico tipo de armamento: el de plasma.<\/p>\n<p>Las miniaturas pueden montarse como una escuadra de 10 soldados, una de 9 Hellblasters y un Sergeant, o dos escuadras separadas de 5, cada una con su propio Sergeant. La escuadra entera puede armarse con diversas opciones de armas de plasma: se incluyen 10 incineradores de plasma, junto con los componentes para convertir cualquiera de ellos en incinerador de plasma de asalto o pesado, como prefieras. Las variantes de asalto y pesada cuentan con ca\u00f1ones alternativos, frascos de munici\u00f3n y un cableado distinto para conectar el arma a la mochila de los Hellblasters. Hay 4 incineradores que est\u00e1n siendo transportados en lugar de empu\u00f1ados; tienes la opci\u00f3n de armar a 4 Hellblasters con pistolas de plasma en la otra mano.<\/p>\n<p>Un inconveniente (algunos lo consideran una ventaja) de las armas de plasma es su tendencia a sobrecalentarse; hay varios componentes opcionales para reflejarlo. Se incluyen opciones de cabezas descubiertas con graves quemaduras para el Sergeant, y tambi\u00e9n brazos bi\u00f3nicos que sugieren p\u00e9rdidas de extremidades en accidentes con el plasma. Tambi\u00e9n vienen incluidos abundantes fundas de pistola, relicarios, racimos de granadas y sellos de pureza.<\/p>\n<p>Los Primaris Hellblasters se componen de 250 piezas, e incluyen 10 peanas redondas Citadel de 32 mm y una hoja de calcoman\u00edas.<\/p>\n","protected":false},"excerpt":{"rendered":"<p>Games Workshop boardgame.<\/p>\n","protected":false},"featured_media":53954,"template":"","meta":{"_acf_changed":false},"product_brand":[],"product_cat":[1177,1180,1372,1623,1229],"product_tag":[1422,1264,1179,785],"class_list":{"0":"post-54016","1":"product","2":"type-product","3":"status-publish","4":"has-post-thumbnail","6":"product_cat-games-workshop-es","7":"product_cat-retail-products-es","8":"product_cat-sci-fi-es","9":"product_cat-wargames-es-2","10":"product_cat-warhammer-40k-es","11":"product_tag-40000-es","12":"product_tag-boardgame-es","13":"product_tag-gamesworkshop-es","14":"product_tag-wargame-es-2","16":"first","17":"instock","18":"sale","19":"taxable","20":"shipping-taxable","21":"purchasable","22":"product-type-simple"},"exclude_global_add_ons":[],"addons":[],"acf":[],"_links":{"self":[{"href":"https:\/\/www.customeeple.com\/es\/wp-json\/wp\/v2\/product\/54016","targetHints":{"allow":["GET"]}}],"collection":[{"href":"https:\/\/www.customeeple.com\/es\/wp-json\/wp\/v2\/product"}],"about":[{"href":"https:\/\/www.customeeple.com\/es\/wp-json\/wp\/v2\/types\/product"}],"wp:featuredmedia":[{"embeddable":true,"href":"https:\/\/www.customeeple.com\/es\/wp-json\/wp\/v2\/media\/53954"}],"wp:attachment":[{"href":"https:\/\/www.customeeple.com\/es\/wp-json\/wp\/v2\/media?parent=54016"}],"wp:term":[{"taxonomy":"product_brand","embeddable":true,"href":"https:\/\/www.customeeple.com\/es\/wp-json\/wp\/v2\/product_brand?post=54016"},{"taxonomy":"product_cat","embeddable":true,"href":"https:\/\/www.customeeple.com\/es\/wp-json\/wp\/v2\/product_cat?post=54016"},{"taxonomy":"product_tag","embeddable":true,"href":"https:\/\/www.customeeple.com\/es\/wp-json\/wp\/v2\/product_tag?post=54016"}],"curies":[{"name":"wp","href":"https:\/\/api.w.org\/{rel}","templated":true}]}}