{"id":53988,"date":"2020-09-29T12:34:48","date_gmt":"2020-09-29T11:34:48","guid":{"rendered":"https:\/\/www.customeeple.com\/?post_type=product&#038;p=53988"},"modified":"2020-09-29T12:36:42","modified_gmt":"2020-09-29T11:36:42","slug":"primaris-inceptors","status":"publish","type":"product","link":"https:\/\/www.customeeple.com\/es\/producto\/primaris-inceptors\/","title":{"rendered":"Primaris Inceptors"},"content":{"rendered":"<p>Los Inceptors, los m\u00e1s veloces entre los hermanos Primaris, son la punta de lanza de sus ej\u00e9rcitos. Golpean al enemigo de forma s\u00fabita y apabullante, aturdi\u00e9ndolos mientras las siguientes oleadas de Space Marines consolidan el ataque. Equipados con propulsores de salto y armaduras reforzadas, los Inceptors pueden saltar desde el extremo m\u00e1s exterior de la atm\u00f3sfera de un planeta y descender serpenteando y virando hasta caer en picado en el coraz\u00f3n de las tropas enemigas.<\/p>\n<p>Este kit de pl\u00e1stico multicomponente contiene las piezas necesarias para montar un conjunto de 3 Primaris Inceptors. Equipados con servoarmaduras Mark X y con voluminosos propulsores de salto (reactores de propulsi\u00f3n montados en la espalda del Space Marine, que permiten dar saltos veloces y poderosos para acortar r\u00e1pidamente la distancia con el enemigo), tienen una silueta \u00fanica y f\u00e1cil de identificar. Los propios propulsores de salto y las capuchas reforzadas que protegen la cabeza de los Inceptors del inmenso calor de los cohetes del propulsor dominan la miniatura, con accesorios \u00fanicos como aletas, aparatos para absorber el choque que se pegan a las botas, y cables y ventilaciones adicionales. Los Inceptors pueden armarse con 2 exterminadores de plasma cada uno o 2 b\u00f3lters de asalto cada uno; los exterminadores de plasma llevan potentes escudos para proteger contra las descargas de calor y los b\u00f3lters de asalto cuentan con distintivos cargadores en forma de caja.<\/p>\n<p>Se incluyen 5 cascos, dise\u00f1ados para usarse con las capuchas reforzadas; \u00a1no hay cabezas descubiertas aqu\u00ed, por supuesto! Tambi\u00e9n vienen 3 yelmos reforzados y 4 sellos de pureza, incluyendo uno doble que se usa para distinguir al Sergeant.<\/p>\n<p>Los Primaris Inceptors se componen de 117 piezas e incluyen 3 peanas redondas Citadel de 40mm, 3 soportes de pl\u00e1stico para voladores de 45mm, y una hoja de calcoman\u00edas de infanter\u00eda de los Primaris Space Marines.<\/p>\n","protected":false},"excerpt":{"rendered":"<p>Games Workshop miniatures.<\/p>\n","protected":false},"featured_media":53956,"template":"","meta":{"_acf_changed":false},"product_brand":[],"product_cat":[1177,1180,1372,1623,1229],"product_tag":[1179],"class_list":{"0":"post-53988","1":"product","2":"type-product","3":"status-publish","4":"has-post-thumbnail","6":"product_cat-games-workshop-es","7":"product_cat-retail-products-es","8":"product_cat-sci-fi-es","9":"product_cat-wargames-es-2","10":"product_cat-warhammer-40k-es","11":"product_tag-gamesworkshop-es","13":"first","14":"onbackorder","15":"sale","16":"taxable","17":"shipping-taxable","18":"purchasable","19":"product-type-simple"},"exclude_global_add_ons":[],"addons":[],"acf":[],"_links":{"self":[{"href":"https:\/\/www.customeeple.com\/es\/wp-json\/wp\/v2\/product\/53988","targetHints":{"allow":["GET"]}}],"collection":[{"href":"https:\/\/www.customeeple.com\/es\/wp-json\/wp\/v2\/product"}],"about":[{"href":"https:\/\/www.customeeple.com\/es\/wp-json\/wp\/v2\/types\/product"}],"wp:featuredmedia":[{"embeddable":true,"href":"https:\/\/www.customeeple.com\/es\/wp-json\/wp\/v2\/media\/53956"}],"wp:attachment":[{"href":"https:\/\/www.customeeple.com\/es\/wp-json\/wp\/v2\/media?parent=53988"}],"wp:term":[{"taxonomy":"product_brand","embeddable":true,"href":"https:\/\/www.customeeple.com\/es\/wp-json\/wp\/v2\/product_brand?post=53988"},{"taxonomy":"product_cat","embeddable":true,"href":"https:\/\/www.customeeple.com\/es\/wp-json\/wp\/v2\/product_cat?post=53988"},{"taxonomy":"product_tag","embeddable":true,"href":"https:\/\/www.customeeple.com\/es\/wp-json\/wp\/v2\/product_tag?post=53988"}],"curies":[{"name":"wp","href":"https:\/\/api.w.org\/{rel}","templated":true}]}}