{"id":53984,"date":"2020-09-29T12:09:06","date_gmt":"2020-09-29T11:09:06","guid":{"rendered":"https:\/\/www.customeeple.com\/?post_type=product&#038;p=53984"},"modified":"2026-03-25T11:54:52","modified_gmt":"2026-03-25T10:54:52","slug":"wolf-guard-terminators","status":"publish","type":"product","link":"https:\/\/www.customeeple.com\/es\/producto\/wolf-guard-terminators\/","title":{"rendered":"Wolf Guard Terminators"},"content":{"rendered":"<p>Todo guerrero de los Space Wolves sue\u00f1a con tener un puesto en la Wolf Guard. Ser miembro de esta hermandad selecta implica blandir el armamento m\u00e1s mort\u00edfero mientras se sirve como guardia personal de un Wolf Lord.<\/p>\n<p>Enfundados en grandes armaduras sagradas, los Wolf Guard Terminators son una fraternidad de campeones casi invulnerables, todos ellos ansiosos por dar muerte al enemigo a su manera preferida.<\/p>\n<p>Esta caja contiene cinco Wolf Guard Terminators multicomponente de pl\u00e1stico. Este kit de 100 piezas incluye cinco pares de piernas diferentes, cinco torsos diferentes, 13 variantes de hombreras y 13 cabezas. Tambi\u00e9n contiene cuatro pares de garras de lobo, un ca\u00f1\u00f3n de asalto, cuatro martillos de trueno y escudos de tormenta, un lanzallamas pesado, cinco b\u00f3lteres de asalto, tres pu\u00f1os de combate, dos pu\u00f1os sierra, un hacha g\u00e9lida y una espada de energ\u00eda. Las miniaturas se suministran con peanas redondas de 40 mm.<\/p>\n","protected":false},"excerpt":{"rendered":"<p>Games Workshop miniatures.<\/p>\n","protected":false},"featured_media":84288,"template":"","meta":{"_acf_changed":false},"product_brand":[],"product_cat":[1177,1180,1372,1623,1229],"product_tag":[1179,1223],"class_list":{"0":"post-53984","1":"product","2":"type-product","3":"status-publish","4":"has-post-thumbnail","6":"product_cat-games-workshop-es","7":"product_cat-retail-products-es","8":"product_cat-sci-fi-es","9":"product_cat-wargames-es-2","10":"product_cat-warhammer-40k-es","11":"product_tag-gamesworkshop-es","12":"product_tag-spacemarines-es","14":"first","15":"onbackorder","16":"sale","17":"taxable","18":"shipping-taxable","19":"purchasable","20":"product-type-simple"},"exclude_global_add_ons":[],"addons":[],"acf":[],"_links":{"self":[{"href":"https:\/\/www.customeeple.com\/es\/wp-json\/wp\/v2\/product\/53984","targetHints":{"allow":["GET"]}}],"collection":[{"href":"https:\/\/www.customeeple.com\/es\/wp-json\/wp\/v2\/product"}],"about":[{"href":"https:\/\/www.customeeple.com\/es\/wp-json\/wp\/v2\/types\/product"}],"wp:featuredmedia":[{"embeddable":true,"href":"https:\/\/www.customeeple.com\/es\/wp-json\/wp\/v2\/media\/84288"}],"wp:attachment":[{"href":"https:\/\/www.customeeple.com\/es\/wp-json\/wp\/v2\/media?parent=53984"}],"wp:term":[{"taxonomy":"product_brand","embeddable":true,"href":"https:\/\/www.customeeple.com\/es\/wp-json\/wp\/v2\/product_brand?post=53984"},{"taxonomy":"product_cat","embeddable":true,"href":"https:\/\/www.customeeple.com\/es\/wp-json\/wp\/v2\/product_cat?post=53984"},{"taxonomy":"product_tag","embeddable":true,"href":"https:\/\/www.customeeple.com\/es\/wp-json\/wp\/v2\/product_tag?post=53984"}],"curies":[{"name":"wp","href":"https:\/\/api.w.org\/{rel}","templated":true}]}}