{"id":53980,"date":"2020-09-29T11:45:11","date_gmt":"2020-09-29T10:45:11","guid":{"rendered":"https:\/\/www.customeeple.com\/?post_type=product&#038;p=53980"},"modified":"2020-09-29T12:06:48","modified_gmt":"2020-09-29T11:06:48","slug":"stormfang-gunship","status":"publish","type":"product","link":"https:\/\/www.customeeple.com\/es\/producto\/stormfang-gunship\/","title":{"rendered":"Stormfang Gunship"},"content":{"rendered":"<p>La Stormfang Gunship est\u00e1 dise\u00f1ada para dominar los cielos mientras destroza a todos aquellos que se opongan a los Hijos de Russ.<\/p>\n<p>Este kit de pl\u00e1stico multicomponente te permite montar una Stormfang Gunship. Est\u00e1 equipada con un destructor congelante que recorre todo su fuselaje. Esta arma formidable est\u00e1 dise\u00f1ada para enfriar al enemigo hasta el cero absoluto en un instante. Las dos barquillas laterales se pueden equipar con diversas armas: b\u00f3lteres pesados acoplados, lanzamisiles martillo celestial o ca\u00f1ones de fusi\u00f3n acoplados. El casco puede montar dos misiles stormstrike o un ca\u00f1\u00f3n l\u00e1ser acoplado.<\/p>\n<p>La Stormfang tiene un punto de acceso en la parte trasera del casco y puede transportar hasta seis Space Wolves. Tambi\u00e9n incluye abundante iconograf\u00eda, como escudos, pieles y cadenas, con las que puedes personalizar tu Stormfang Gunship.<\/p>\n<p>Este kit tambi\u00e9n se puede montar como nave de asalto Stormwolf. \u00a0<\/p>\n","protected":false},"excerpt":{"rendered":"<p>Games Workshop boardgame.<\/p>\n","protected":false},"featured_media":53962,"template":"","meta":{"_acf_changed":false},"product_brand":[],"product_cat":[1177,1180,1372,1623,1229],"product_tag":[1422,1264,1179,785],"class_list":{"0":"post-53980","1":"product","2":"type-product","3":"status-publish","4":"has-post-thumbnail","6":"product_cat-games-workshop-es","7":"product_cat-retail-products-es","8":"product_cat-sci-fi-es","9":"product_cat-wargames-es-2","10":"product_cat-warhammer-40k-es","11":"product_tag-40000-es","12":"product_tag-boardgame-es","13":"product_tag-gamesworkshop-es","14":"product_tag-wargame-es-2","16":"first","17":"onbackorder","18":"sale","19":"taxable","20":"shipping-taxable","21":"purchasable","22":"product-type-simple"},"exclude_global_add_ons":[],"addons":[],"acf":[],"_links":{"self":[{"href":"https:\/\/www.customeeple.com\/es\/wp-json\/wp\/v2\/product\/53980","targetHints":{"allow":["GET"]}}],"collection":[{"href":"https:\/\/www.customeeple.com\/es\/wp-json\/wp\/v2\/product"}],"about":[{"href":"https:\/\/www.customeeple.com\/es\/wp-json\/wp\/v2\/types\/product"}],"wp:featuredmedia":[{"embeddable":true,"href":"https:\/\/www.customeeple.com\/es\/wp-json\/wp\/v2\/media\/53962"}],"wp:attachment":[{"href":"https:\/\/www.customeeple.com\/es\/wp-json\/wp\/v2\/media?parent=53980"}],"wp:term":[{"taxonomy":"product_brand","embeddable":true,"href":"https:\/\/www.customeeple.com\/es\/wp-json\/wp\/v2\/product_brand?post=53980"},{"taxonomy":"product_cat","embeddable":true,"href":"https:\/\/www.customeeple.com\/es\/wp-json\/wp\/v2\/product_cat?post=53980"},{"taxonomy":"product_tag","embeddable":true,"href":"https:\/\/www.customeeple.com\/es\/wp-json\/wp\/v2\/product_tag?post=53980"}],"curies":[{"name":"wp","href":"https:\/\/api.w.org\/{rel}","templated":true}]}}