{"id":53978,"date":"2020-09-29T11:42:09","date_gmt":"2020-09-29T10:42:09","guid":{"rendered":"https:\/\/www.customeeple.com\/?post_type=product&#038;p=53978"},"modified":"2021-03-02T12:25:57","modified_gmt":"2021-03-02T11:25:57","slug":"marcadores-de-tablero-de-juego","status":"publish","type":"product","link":"https:\/\/www.customeeple.com\/es\/producto\/marcadores-de-tablero-de-juego\/","title":{"rendered":"Marcadores de tablero de juego de 40k (5 unidades)"},"content":{"rendered":"<div class=\"tlid-input input\">\n<div class=\"source-wrap\">\n<div class=\"input-full-height-wrapper tlid-input-full-height-wrapper\">\n<div class=\"source-input\">\n<div class=\"source-footer-wrap source-or-target-footer\">\n<div class=\"character-count tlid-character-count\">\n<div class=\"cc-ctr normal\"><\/div>\n<\/div>\n<\/div>\n<\/div>\n<\/div>\n<\/div>\n<\/div>\n<div class=\"tlid-results-container results-container\">\n<div class=\"tlid-result result-dict-wrapper\">\n<div class=\"result tlid-copy-target\">\n<div class=\"text-wrap tlid-copy-target\">\n<div class=\"result-shield-container tlid-copy-target\" tabindex=\"0\">\n<p><span class=\"tlid-translation translation\" lang=\"es\"><span class=\"\" tabindex=\"-1\" title=\"\" contenteditable=\"false\">Marcadores de zona de juego para indicar el \u00e1rea de juego en un Warhammer 40k en una mesa m\u00e1s grande.<\/span><\/span><\/p>\n<p><span class=\"\" title=\"\">Estos est\u00e1n dise\u00f1ados espec\u00edficamente para adaptarse a la 9a edici\u00f3n de Warhammer 40k, siguiendo todas las pautas del cap\u00edtulo aprobado 2020.<\/span><\/p>\n<\/div>\n<\/div>\n<\/div>\n<\/div>\n<\/div>\n<p>Cada Set tiene 6 unidades con diferentes n\u00fameros<\/p>\n<p>Creemos que estas piezas encajar\u00e1n perfectamente en el juego Warhammer 40k<\/p>\n<p><strong style=\"font-size: 14px; line-height: 1.5em;\">Material:\u00a0<\/strong> m<span style=\"font-size: 14px; line-height: 1.5em;\">etacrilato<\/span><\/p>\n<div class=\"moreinfo\">\n<p dir=\"ltr\"><strong>Espesor:<\/strong> 3 mm<\/p>\n<p dir=\"ltr\"><strong>Tama\u00f1o:<\/strong><\/p>\n<p dir=\"ltr\"><strong>Cantidad:<\/strong> 5 marcadores<\/p>\n<p><strong>Use:<\/strong> Marcadores para juegos de ambiente industrial \/ Post apocaliptico<\/p>\n<\/div>\n<div><strong>WARHAMMER 40k<\/strong>\u00a0es un juego publicado por\u00a0<strong>Games Workshop<\/strong>\u00a0Customeeple no esta afiliado con esta compa\u00f1ia y este producto no est\u00e1 apoyado pro ellos de ninguna manera.<\/div>\n<div><\/div>\n<div class=\"infopreorder\"><strong>Nota:<\/strong> El color de las piezas puede variar ligeramente del de las fotos.<\/div>\n","protected":false},"excerpt":{"rendered":"<p>Marcadores acrilicos compatibles warhammer 40k 2020<\/p>\n","protected":false},"featured_media":53976,"template":"","meta":{"_acf_changed":false},"product_brand":[],"product_cat":[1122,1427,1229],"product_tag":[1979,1677,1114,787],"class_list":{"0":"post-53978","1":"product","2":"type-product","3":"status-publish","4":"has-post-thumbnail","6":"product_cat-sw-es","7":"product_cat-kill-team-es","8":"product_cat-warhammer-40k-es","9":"product_tag-kill-team-es","10":"product_tag-necromunda-es-2","11":"product_tag-shadow-war-armageddon-es","12":"product_tag-warhammer-40k-es-2","13":"pa_methacrylate-colors-amarill-fluor-mfye","14":"pa_methacrylate-colors-azul-fluor-mfbl-es","15":"pa_methacrylate-colors-humo-trans-mtsm","16":"pa_methacrylate-colors-naranja-fluor-mfor-es","17":"pa_methacrylate-colors-naranja-fluor-mfor-es-2","18":"pa_methacrylate-colors-magenta-fluor-mfma-es","19":"pa_methacrylate-colors-verde-fluor-mfgr","21":"first","22":"instock","23":"taxable","24":"shipping-taxable","25":"purchasable","26":"product-type-variable"},"exclude_global_add_ons":[],"addons":[],"acf":[],"_links":{"self":[{"href":"https:\/\/www.customeeple.com\/es\/wp-json\/wp\/v2\/product\/53978","targetHints":{"allow":["GET"]}}],"collection":[{"href":"https:\/\/www.customeeple.com\/es\/wp-json\/wp\/v2\/product"}],"about":[{"href":"https:\/\/www.customeeple.com\/es\/wp-json\/wp\/v2\/types\/product"}],"wp:featuredmedia":[{"embeddable":true,"href":"https:\/\/www.customeeple.com\/es\/wp-json\/wp\/v2\/media\/53976"}],"wp:attachment":[{"href":"https:\/\/www.customeeple.com\/es\/wp-json\/wp\/v2\/media?parent=53978"}],"wp:term":[{"taxonomy":"product_brand","embeddable":true,"href":"https:\/\/www.customeeple.com\/es\/wp-json\/wp\/v2\/product_brand?post=53978"},{"taxonomy":"product_cat","embeddable":true,"href":"https:\/\/www.customeeple.com\/es\/wp-json\/wp\/v2\/product_cat?post=53978"},{"taxonomy":"product_tag","embeddable":true,"href":"https:\/\/www.customeeple.com\/es\/wp-json\/wp\/v2\/product_tag?post=53978"}],"curies":[{"name":"wp","href":"https:\/\/api.w.org\/{rel}","templated":true}]}}