{"id":53970,"date":"2020-09-29T11:00:12","date_gmt":"2020-09-29T10:00:12","guid":{"rendered":"https:\/\/www.customeeple.com\/?post_type=product&#038;p=53970"},"modified":"2020-09-29T11:04:04","modified_gmt":"2020-09-29T10:04:04","slug":"annihilation-barge","status":"publish","type":"product","link":"https:\/\/www.customeeple.com\/es\/producto\/annihilation-barge\/","title":{"rendered":"Annihilation Barge"},"content":{"rendered":"<p>Las Plataformas de Aniquilaci\u00f3n son las plataformas de apoyo anti-infanter\u00eda m\u00e1s usadas por los Necrones. Est\u00e1n armadas con un destructor tesla acoplado, un ca\u00f1\u00f3n que dispara arcos de rel\u00e1mpagos sobrenaturales.<\/p>\n<p>&nbsp;<\/p>\n<p>La Plataforma de Aniquilaci\u00f3n es una miniatura sobrecogedora, llena de detalles tales como orbes y glifos din\u00e1sticos, paneles met\u00e1licos o tubos segmentados, que tendr\u00e1 una presencia imponente en cualquier colecci\u00f3n de miniaturas. Su parte central tiene dos salientes similares a guada\u00f1as, cuyas puntas cubren a dos Necrones que manejan los tableros de mandos del veh\u00edculo. Sobre ellos se encuentra un destructor tesla acoplado.<\/p>\n<p>&nbsp;<\/p>\n<p>Esta caja de miniaturas multicomponente de pl\u00e1stico contiene 84 piezas, dos hojas de calcoman\u00edas Necron, dos m\u00e1stiles para voladores Citadel, una peana para voladores Citadel de 60 mm y una peana redonda Citadel de 32 mm, con las que montar una Annihilaton Barge o una Necron Catacomb Command Barge.<\/p>\n","protected":false},"excerpt":{"rendered":"<p>Games Workshop Miniatures.<\/p>\n","protected":false},"featured_media":53910,"template":"","meta":{"_acf_changed":false},"product_brand":[],"product_cat":[1177,1180,1623,1229],"product_tag":[1422,1264,1179,785],"class_list":{"0":"post-53970","1":"product","2":"type-product","3":"status-publish","4":"has-post-thumbnail","6":"product_cat-games-workshop-es","7":"product_cat-retail-products-es","8":"product_cat-wargames-es-2","9":"product_cat-warhammer-40k-es","10":"product_tag-40000-es","11":"product_tag-boardgame-es","12":"product_tag-gamesworkshop-es","13":"product_tag-wargame-es-2","15":"first","16":"onbackorder","17":"sale","18":"taxable","19":"shipping-taxable","20":"purchasable","21":"product-type-simple"},"exclude_global_add_ons":[],"addons":[],"acf":[],"_links":{"self":[{"href":"https:\/\/www.customeeple.com\/es\/wp-json\/wp\/v2\/product\/53970","targetHints":{"allow":["GET"]}}],"collection":[{"href":"https:\/\/www.customeeple.com\/es\/wp-json\/wp\/v2\/product"}],"about":[{"href":"https:\/\/www.customeeple.com\/es\/wp-json\/wp\/v2\/types\/product"}],"wp:featuredmedia":[{"embeddable":true,"href":"https:\/\/www.customeeple.com\/es\/wp-json\/wp\/v2\/media\/53910"}],"wp:attachment":[{"href":"https:\/\/www.customeeple.com\/es\/wp-json\/wp\/v2\/media?parent=53970"}],"wp:term":[{"taxonomy":"product_brand","embeddable":true,"href":"https:\/\/www.customeeple.com\/es\/wp-json\/wp\/v2\/product_brand?post=53970"},{"taxonomy":"product_cat","embeddable":true,"href":"https:\/\/www.customeeple.com\/es\/wp-json\/wp\/v2\/product_cat?post=53970"},{"taxonomy":"product_tag","embeddable":true,"href":"https:\/\/www.customeeple.com\/es\/wp-json\/wp\/v2\/product_tag?post=53970"}],"curies":[{"name":"wp","href":"https:\/\/api.w.org\/{rel}","templated":true}]}}