{"id":53968,"date":"2020-09-29T10:55:51","date_gmt":"2020-09-29T09:55:52","guid":{"rendered":"https:\/\/www.customeeple.com\/?post_type=product&#038;p=53968"},"modified":"2020-09-29T10:59:44","modified_gmt":"2020-09-29T09:59:44","slug":"roboute-guilliman","status":"publish","type":"product","link":"https:\/\/www.customeeple.com\/es\/producto\/roboute-guilliman\/","title":{"rendered":"Space Marines: Roboute Guilliman"},"content":{"rendered":"<p>Estratega, h\u00e9roe, hijo vengador. Roboute Guilliman es el Primarca de los Ultramarines, Se\u00f1or de Ultramar, y un l\u00edder incomparable de la humanidad. Resucitado por los Adeptus Mechanicus y los Ynnari, pretende unificar las fuerzas del Imperium y hacer retroceder a los secuaces de los Dioses Oscuros. Superando en altura incluso a los heroicos hermanos de batalla de su Cap\u00edtulo, Guilliman se encamina a la guerra con expresi\u00f3n severa. Empu\u00f1a la ardiente Espada del Emperador, y porta la Mano del Dominio, con la que puede desmenuzar tanques y aplastar enemigos con facilidad. Pero la mayor arma del Primarca es su brillante mente estrat\u00e9gica, que sentencia a sus enemigos antes de que la batalla haya empezado siquiera.\u00a0<\/p>\n<p>Este kit de pl\u00e1stico multicomponente contiene las piezas necesarias para montar a Roboute Guilliman, Primarca de los Ultramarines. Es una miniatura de tama\u00f1o impresionante, cuya cabeza y hombros superan en altura a los Primaris Space Marines, y tiene un sinf\u00edn de detalles: la Armadura del Destino que recubre su cuerpo est\u00e1 cubierta de hermosas filigranas ornamentadas en todas sus piezas, con \u00e1quilas esculpidas, sellos de pureza, cr\u00e1neos y emblemas de los Ultramarines en cada superficie. Su mochila alada cuenta con una placa de fabricaci\u00f3n del Adeptus Mechanicus y un glorioso halo de hierro, con varios cables y tubos conect\u00e1ndolo a las armas que mantiene en funcionamiento. La Espada del Emperador, que empu\u00f1a con su diestra, es una enorme hoja que arde con furia justiciera (y llamas), mientras que la Mano del Dominio, el enorme guantelete de su mano zurda, es tambi\u00e9n capaz de desatar lluvias de disparos perforantes. Tienes la opci\u00f3n de montar a Guilliman con la cabeza descubierta, o con un casco de aspecto agresivo; ambas alternativas cuentan con una corona de laurel.\u00a0<\/p>\n<p>Esta miniatura se compone de 44 piezas, e incluye una peana redonda Citadel de 60 mm esculpida, que representa a Guilliman sobre una \u00e1guila imperial rota, flanqueado por dos antorchas ardientes.<\/p>\n","protected":false},"excerpt":{"rendered":"<p>Games Workshop boardgame.<\/p>\n","protected":false},"featured_media":53908,"template":"","meta":{"_acf_changed":false},"product_brand":[],"product_cat":[1177,1180,1372,1623,1229],"product_tag":[1422,1264,1179,785],"class_list":{"0":"post-53968","1":"product","2":"type-product","3":"status-publish","4":"has-post-thumbnail","6":"product_cat-games-workshop-es","7":"product_cat-retail-products-es","8":"product_cat-sci-fi-es","9":"product_cat-wargames-es-2","10":"product_cat-warhammer-40k-es","11":"product_tag-40000-es","12":"product_tag-boardgame-es","13":"product_tag-gamesworkshop-es","14":"product_tag-wargame-es-2","16":"first","17":"onbackorder","18":"sale","19":"taxable","20":"shipping-taxable","21":"purchasable","22":"product-type-simple"},"exclude_global_add_ons":[],"addons":[],"acf":[],"_links":{"self":[{"href":"https:\/\/www.customeeple.com\/es\/wp-json\/wp\/v2\/product\/53968","targetHints":{"allow":["GET"]}}],"collection":[{"href":"https:\/\/www.customeeple.com\/es\/wp-json\/wp\/v2\/product"}],"about":[{"href":"https:\/\/www.customeeple.com\/es\/wp-json\/wp\/v2\/types\/product"}],"wp:featuredmedia":[{"embeddable":true,"href":"https:\/\/www.customeeple.com\/es\/wp-json\/wp\/v2\/media\/53908"}],"wp:attachment":[{"href":"https:\/\/www.customeeple.com\/es\/wp-json\/wp\/v2\/media?parent=53968"}],"wp:term":[{"taxonomy":"product_brand","embeddable":true,"href":"https:\/\/www.customeeple.com\/es\/wp-json\/wp\/v2\/product_brand?post=53968"},{"taxonomy":"product_cat","embeddable":true,"href":"https:\/\/www.customeeple.com\/es\/wp-json\/wp\/v2\/product_cat?post=53968"},{"taxonomy":"product_tag","embeddable":true,"href":"https:\/\/www.customeeple.com\/es\/wp-json\/wp\/v2\/product_tag?post=53968"}],"curies":[{"name":"wp","href":"https:\/\/api.w.org\/{rel}","templated":true}]}}