{"id":53876,"date":"2020-09-22T12:28:17","date_gmt":"2020-09-22T11:28:17","guid":{"rendered":"https:\/\/www.customeeple.com\/?post_type=product&#038;p=53876"},"modified":"2020-09-22T17:14:54","modified_gmt":"2020-09-22T16:14:54","slug":"marcadores-de-objetivos-de-cuero-40k","status":"publish","type":"product","link":"https:\/\/www.customeeple.com\/es\/producto\/marcadores-de-objetivos-de-cuero-40k\/","title":{"rendered":"Marcadores de objetivos de cuero 40k (6 unidades)"},"content":{"rendered":"<p>Marcadores de zona de Objetivo de Cuero PU para facilmente identificar si una miniatura esta dentro del rango de un objetivo en una partida de Warhammer 40k, el c\u00edrculo peque\u00f1o con la calavera mide 40 mm y cada c\u00edrculo exterior mide 1 pulgada m\u00e1s.<\/p>\n<p>Estos est\u00e1n dise\u00f1ados espec\u00edficamente para adaptarse a la 9a edici\u00f3n de Warhammer 40k, siguiendo todas las pautas del \u00abAprobado por el Cap\u00edtulo 2020\u00bb.<\/p>\n<p>Cada Set tiene 6 unidades con diferentes n\u00fameros<\/p>\n<p>Creemos que estas piezas encajar\u00e1n perfectamente en el juego Warhammer 40k<\/p>\n<p><strong style=\"font-size: 14px; line-height: 1.5em;\">Material: <\/strong><span style=\"font-size: 14px; line-height: 1.5em;\">Cuero PU<\/span><\/p>\n<div class=\"moreinfo\">\n<p dir=\"ltr\"><strong>Espesor:<\/strong> 0,10 mm<\/p>\n<p dir=\"ltr\"><strong>Tama\u00f1o:<\/strong> un c\u00edrculo de 19,24 cm (40 mm de centro + 3 \u00abde radio)<\/p>\n<p dir=\"ltr\"><strong>Cantidad:<\/strong>\u00a06 marcadores<\/p>\n<p><strong>Use:<\/strong> Marcadores para juegos de ambiente industrial \/ Post apocaliptico<\/div>\n<div><strong>WARHAMMER 40k<\/strong>\u00a0es un juego publicado por\u00a0<strong>Games Workshop<\/strong>\u00a0Customeeple no esta afiliado con esta compa\u00f1ia y este producto no est\u00e1 apoyado pro ellos de ninguna manera.<\/div>\n<div>\u00a0<\/div>\n<div class=\"infopreorder\"><strong>Nota:<\/strong> El color de las piezas puede variar ligeramente del de las fotos.<\/div>\n","protected":false},"excerpt":{"rendered":"<p>Marcadores de cuero compatibles warhammer 40k 2020<\/p>\n","protected":false},"featured_media":53879,"template":"","meta":{"_acf_changed":false},"product_brand":[],"product_cat":[1122,1427,1229],"product_tag":[1979,1677,1114,787],"class_list":{"0":"post-53876","1":"product","2":"type-product","3":"status-publish","4":"has-post-thumbnail","6":"product_cat-sw-es","7":"product_cat-kill-team-es","8":"product_cat-warhammer-40k-es","9":"product_tag-kill-team-es","10":"product_tag-necromunda-es-2","11":"product_tag-shadow-war-armageddon-es","12":"product_tag-warhammer-40k-es-2","14":"first","15":"instock","16":"taxable","17":"shipping-taxable","18":"purchasable","19":"product-type-simple"},"exclude_global_add_ons":[],"addons":[],"acf":[],"_links":{"self":[{"href":"https:\/\/www.customeeple.com\/es\/wp-json\/wp\/v2\/product\/53876","targetHints":{"allow":["GET"]}}],"collection":[{"href":"https:\/\/www.customeeple.com\/es\/wp-json\/wp\/v2\/product"}],"about":[{"href":"https:\/\/www.customeeple.com\/es\/wp-json\/wp\/v2\/types\/product"}],"wp:featuredmedia":[{"embeddable":true,"href":"https:\/\/www.customeeple.com\/es\/wp-json\/wp\/v2\/media\/53879"}],"wp:attachment":[{"href":"https:\/\/www.customeeple.com\/es\/wp-json\/wp\/v2\/media?parent=53876"}],"wp:term":[{"taxonomy":"product_brand","embeddable":true,"href":"https:\/\/www.customeeple.com\/es\/wp-json\/wp\/v2\/product_brand?post=53876"},{"taxonomy":"product_cat","embeddable":true,"href":"https:\/\/www.customeeple.com\/es\/wp-json\/wp\/v2\/product_cat?post=53876"},{"taxonomy":"product_tag","embeddable":true,"href":"https:\/\/www.customeeple.com\/es\/wp-json\/wp\/v2\/product_tag?post=53876"}],"curies":[{"name":"wp","href":"https:\/\/api.w.org\/{rel}","templated":true}]}}