{"id":53864,"date":"2020-09-19T11:49:13","date_gmt":"2020-09-19T10:49:13","guid":{"rendered":"https:\/\/www.customeeple.com\/?post_type=product&#038;p=53864"},"modified":"2020-09-19T11:51:40","modified_gmt":"2020-09-19T10:51:40","slug":"the-light-of-eltharion","status":"publish","type":"product","link":"https:\/\/www.customeeple.com\/es\/producto\/the-light-of-eltharion\/","title":{"rendered":"The Light of Eltharion"},"content":{"rendered":"<p>Eltharion no tiene forma f\u00edsica, solo una esencia espiritual que recibe una fuerza asombrosa a trav\u00e9s de la magia de Teclis. Antepasado de la raza Lumineth, su esp\u00edritu vengativo es el de un guerrero poderoso y un h\u00e9roe inspirador para aquellos aelves que son testigos de su luz brillante.<\/p>\n<p>Tanto si est\u00e1s e est\u00e9s conmemorando el Mundo Pret\u00e9rito como si simplemente quieres cortar en pedazos a los campeones enemigos, no puedes equivocarte con The Light of Eltharion. Este legendario h\u00e9roe es un excelente duelista, en su momento m\u00e1s \u00e1lgido cuando se enfrenta a otros h\u00e9roes. \u00a1Adem\u00e1s, the Light of Eltharion se asegurar\u00e1 de que tus otras unidades no huyan incluso bajo una fuerte presi\u00f3n!<\/p>\n<p>Con este kit puedes montar una miniatura de The Light of Eltharion. Su dise\u00f1o innovador la convierte en una miniatura como ninguna otra: \u00a1una armadura hueca y animada! Incluso si no la usas en una colecci\u00f3n de Lumineth Realm-lords, vale la pena elegirla solo para pintarla. Este set se suministra en 15 piezas de pl\u00e1stico e incluye una peana redonda de 50 mm.<\/p>\n","protected":false},"excerpt":{"rendered":"<p>Games Workshop boardgame.<\/p>\n","protected":false},"featured_media":53669,"template":"","meta":{"_acf_changed":false},"product_brand":[],"product_cat":[1400,1177,1180,1372,1623,1654],"product_tag":[1264,1179,785],"class_list":{"0":"post-53864","1":"product","2":"type-product","3":"status-publish","4":"has-post-thumbnail","6":"product_cat-fantasia","7":"product_cat-games-workshop-es","8":"product_cat-retail-products-es","9":"product_cat-sci-fi-es","10":"product_cat-wargames-es-2","11":"product_cat-warhammer-age-of-sigmar-es-2","12":"product_tag-boardgame-es","13":"product_tag-gamesworkshop-es","14":"product_tag-wargame-es-2","15":"pa_language-in","16":"pa_language-spanish","18":"first","19":"onbackorder","20":"sale","21":"taxable","22":"shipping-taxable","23":"purchasable","24":"product-type-simple"},"exclude_global_add_ons":[],"addons":[],"acf":[],"_links":{"self":[{"href":"https:\/\/www.customeeple.com\/es\/wp-json\/wp\/v2\/product\/53864","targetHints":{"allow":["GET"]}}],"collection":[{"href":"https:\/\/www.customeeple.com\/es\/wp-json\/wp\/v2\/product"}],"about":[{"href":"https:\/\/www.customeeple.com\/es\/wp-json\/wp\/v2\/types\/product"}],"wp:featuredmedia":[{"embeddable":true,"href":"https:\/\/www.customeeple.com\/es\/wp-json\/wp\/v2\/media\/53669"}],"wp:attachment":[{"href":"https:\/\/www.customeeple.com\/es\/wp-json\/wp\/v2\/media?parent=53864"}],"wp:term":[{"taxonomy":"product_brand","embeddable":true,"href":"https:\/\/www.customeeple.com\/es\/wp-json\/wp\/v2\/product_brand?post=53864"},{"taxonomy":"product_cat","embeddable":true,"href":"https:\/\/www.customeeple.com\/es\/wp-json\/wp\/v2\/product_cat?post=53864"},{"taxonomy":"product_tag","embeddable":true,"href":"https:\/\/www.customeeple.com\/es\/wp-json\/wp\/v2\/product_tag?post=53864"}],"curies":[{"name":"wp","href":"https:\/\/api.w.org\/{rel}","templated":true}]}}