{"id":53858,"date":"2020-09-19T11:30:51","date_gmt":"2020-09-19T10:30:51","guid":{"rendered":"https:\/\/www.customeeple.com\/?post_type=product&#038;p=53858"},"modified":"2020-09-19T11:33:23","modified_gmt":"2020-09-19T10:33:23","slug":"alarith-stonemage","status":"publish","type":"product","link":"https:\/\/www.customeeple.com\/es\/producto\/alarith-stonemage\/","title":{"rendered":"Alarith Stonemage"},"content":{"rendered":"<p>Primeros entre los disc\u00edpulos de Teclis en aprender el camino de los aelementiri, los Stonemages llevan el poder de la monta\u00f1a al campo de batalla. Pueden controlar rocas, cantos rodados e incluso la gravedad misma para aplastar y confundir a sus adversarios.<\/p>\n<p>Los Alarith Stonemage son lanzadores de hechizos de apoyo vital en un ej\u00e9rcito de Lumineth Realm-Lords, que utilizan hechizos permanentes, el Saber de las monta\u00f1as y la gravedad misma para destruir enemigos y mejorar tus propias fuerzas. Son geniales por s\u00ed mismos o al mando de un grupo de Alarith Stoneguard, lo que les permite atravesar armaduras con una facilidad pasmosa.<\/p>\n<p>Con este kit puedes montar un Alarith Stonemage. suministrado en 13 piezas de pl\u00e1stico y con 1 peana redonda de 40 mm.<\/p>\n","protected":false},"excerpt":{"rendered":"<p>Games Workshop boardgame.<\/p>\n","protected":false},"featured_media":53846,"template":"","meta":{"_acf_changed":false},"product_brand":[],"product_cat":[1400,1177,1180,1372,1623,1654],"product_tag":[1264,1179,785],"class_list":{"0":"post-53858","1":"product","2":"type-product","3":"status-publish","4":"has-post-thumbnail","6":"product_cat-fantasia","7":"product_cat-games-workshop-es","8":"product_cat-retail-products-es","9":"product_cat-sci-fi-es","10":"product_cat-wargames-es-2","11":"product_cat-warhammer-age-of-sigmar-es-2","12":"product_tag-boardgame-es","13":"product_tag-gamesworkshop-es","14":"product_tag-wargame-es-2","15":"pa_language-in","16":"pa_language-spanish","18":"first","19":"onbackorder","20":"sale","21":"taxable","22":"shipping-taxable","23":"purchasable","24":"product-type-simple"},"exclude_global_add_ons":[],"addons":[],"acf":[],"_links":{"self":[{"href":"https:\/\/www.customeeple.com\/es\/wp-json\/wp\/v2\/product\/53858","targetHints":{"allow":["GET"]}}],"collection":[{"href":"https:\/\/www.customeeple.com\/es\/wp-json\/wp\/v2\/product"}],"about":[{"href":"https:\/\/www.customeeple.com\/es\/wp-json\/wp\/v2\/types\/product"}],"wp:featuredmedia":[{"embeddable":true,"href":"https:\/\/www.customeeple.com\/es\/wp-json\/wp\/v2\/media\/53846"}],"wp:attachment":[{"href":"https:\/\/www.customeeple.com\/es\/wp-json\/wp\/v2\/media?parent=53858"}],"wp:term":[{"taxonomy":"product_brand","embeddable":true,"href":"https:\/\/www.customeeple.com\/es\/wp-json\/wp\/v2\/product_brand?post=53858"},{"taxonomy":"product_cat","embeddable":true,"href":"https:\/\/www.customeeple.com\/es\/wp-json\/wp\/v2\/product_cat?post=53858"},{"taxonomy":"product_tag","embeddable":true,"href":"https:\/\/www.customeeple.com\/es\/wp-json\/wp\/v2\/product_tag?post=53858"}],"curies":[{"name":"wp","href":"https:\/\/api.w.org\/{rel}","templated":true}]}}