{"id":53856,"date":"2020-09-19T11:25:23","date_gmt":"2020-09-19T10:25:23","guid":{"rendered":"https:\/\/www.customeeple.com\/?post_type=product&#038;p=53856"},"modified":"2024-07-14T00:00:08","modified_gmt":"2024-07-13T23:00:08","slug":"alarith-stoneguard","status":"publish","type":"product","link":"https:\/\/www.customeeple.com\/es\/producto\/alarith-stoneguard\/","title":{"rendered":"Alarith Stoneguard"},"content":{"rendered":"<p>Los templos de Alarith aceptan la monta\u00f1a como su amo y, al hacerlo, heredan parte de su fuerza y resistencia. Luchan como objetos inamovibles, empu\u00f1ando martillos m\u00e1gicos que pueden aplastar cr\u00e1neos enemigos en un solo golpe perfectamente medido.<\/p>\n<p>Los Alarith Stoneguard son una infanter\u00eda de \u00e9lite capaz de meterse en los combates m\u00e1s densos y salir victoriosos. Ya sea sacando al enemigo de los objetivos a golpes o rechazando a un lado de un golpe aplastante a las unidades m\u00e1s duras de tu enemigo, encontrar\u00e1s que la Stoneguard son el martillo y el yunque, todo en uno.<\/p>\n<p>Con este kit puedes montar 5 Alarith Stoneguard, con opciones para un Portaestandarte y unTruestone Seneschal. Cada Alarith Stoneguard puede montarse con su elecci\u00f3n de mazo de piedra o martillo perforador de diamantes, mientras que el Truestone Seneschal puede empu\u00f1ar un par de martillos de estrato. Este kit se suministra en 63 piezas de pl\u00e1stico y viene con 5 peanas redondas de 32 mm.<\/p>\n","protected":false},"excerpt":{"rendered":"<p>Games Workshop accesories.<\/p>\n","protected":false},"featured_media":53844,"template":"","meta":{"_acf_changed":false},"product_brand":[],"product_cat":[1400,1177,1180,1623,1654],"product_tag":[1178,1179],"class_list":{"0":"post-53856","1":"product","2":"type-product","3":"status-publish","4":"has-post-thumbnail","6":"product_cat-fantasia","7":"product_cat-games-workshop-es","8":"product_cat-retail-products-es","9":"product_cat-wargames-es-2","10":"product_cat-warhammer-age-of-sigmar-es-2","11":"product_tag-ageofsigmar-es","12":"product_tag-gamesworkshop-es","14":"first","15":"onbackorder","16":"sale","17":"taxable","18":"shipping-taxable","19":"purchasable","20":"product-type-simple"},"exclude_global_add_ons":[],"addons":[],"acf":[],"_links":{"self":[{"href":"https:\/\/www.customeeple.com\/es\/wp-json\/wp\/v2\/product\/53856","targetHints":{"allow":["GET"]}}],"collection":[{"href":"https:\/\/www.customeeple.com\/es\/wp-json\/wp\/v2\/product"}],"about":[{"href":"https:\/\/www.customeeple.com\/es\/wp-json\/wp\/v2\/types\/product"}],"wp:featuredmedia":[{"embeddable":true,"href":"https:\/\/www.customeeple.com\/es\/wp-json\/wp\/v2\/media\/53844"}],"wp:attachment":[{"href":"https:\/\/www.customeeple.com\/es\/wp-json\/wp\/v2\/media?parent=53856"}],"wp:term":[{"taxonomy":"product_brand","embeddable":true,"href":"https:\/\/www.customeeple.com\/es\/wp-json\/wp\/v2\/product_brand?post=53856"},{"taxonomy":"product_cat","embeddable":true,"href":"https:\/\/www.customeeple.com\/es\/wp-json\/wp\/v2\/product_cat?post=53856"},{"taxonomy":"product_tag","embeddable":true,"href":"https:\/\/www.customeeple.com\/es\/wp-json\/wp\/v2\/product_tag?post=53856"}],"curies":[{"name":"wp","href":"https:\/\/api.w.org\/{rel}","templated":true}]}}