{"id":53837,"date":"2020-09-19T10:44:54","date_gmt":"2020-09-19T09:44:54","guid":{"rendered":"https:\/\/www.customeeple.com\/?post_type=product&#038;p=53837"},"modified":"2020-09-19T10:54:45","modified_gmt":"2020-09-19T09:54:45","slug":"vanari-dawnriders","status":"publish","type":"product","link":"https:\/\/www.customeeple.com\/es\/producto\/vanari-dawnriders\/","title":{"rendered":"Vanari Dawnriders"},"content":{"rendered":"<p>Los Dawnriders cargan contra el enemigo en formaci\u00f3n cerrada, desorganizando sus filas y ensartando con sus lanzas los pechos de sus principales adversarios antes de saltar sobre sus cad\u00e1veres para que sus nobles corceles puedan pisotear a los que se esconden detr\u00e1s.<\/p>\n<p>Los Vanari Dawnriders son una caballer\u00eda especializada en el choque contra infanter\u00eda, ideal para atravesar hordas de esqueletos, grots u \u00a1otros cualquiera lo suficientemente desafortunados como para quedar atrapados en su camino! Son perfectos para atravesar las l\u00edneas enemigas o usar su velocidad superior para flanquear m\u00e1quinas de guerra vulnerables y magos en la l\u00ednea de fondo.<\/p>\n<p>Con este kit puedes montar 5 Vanari Dawnriders, con opciones para montar un Steedmaster y un Portaestandarte. Los escudos intercambiables y las crestas de los cascos te permiten personalizarlos. Consta de 79 piezas de pl\u00e1stico y viene con 5 peanas ovaladas de 60 mm x 35 mm.<\/p>\n","protected":false},"excerpt":{"rendered":"<p>Games Workshop accesories.<\/p>\n","protected":false},"featured_media":53850,"template":"","meta":{"_acf_changed":false},"product_brand":[],"product_cat":[1400,1177,1180,1623,1654],"product_tag":[1178,1179],"class_list":{"0":"post-53837","1":"product","2":"type-product","3":"status-publish","4":"has-post-thumbnail","6":"product_cat-fantasia","7":"product_cat-games-workshop-es","8":"product_cat-retail-products-es","9":"product_cat-wargames-es-2","10":"product_cat-warhammer-age-of-sigmar-es-2","11":"product_tag-ageofsigmar-es","12":"product_tag-gamesworkshop-es","14":"first","15":"onbackorder","16":"sale","17":"taxable","18":"shipping-taxable","19":"purchasable","20":"product-type-simple"},"exclude_global_add_ons":[],"addons":[],"acf":[],"_links":{"self":[{"href":"https:\/\/www.customeeple.com\/es\/wp-json\/wp\/v2\/product\/53837","targetHints":{"allow":["GET"]}}],"collection":[{"href":"https:\/\/www.customeeple.com\/es\/wp-json\/wp\/v2\/product"}],"about":[{"href":"https:\/\/www.customeeple.com\/es\/wp-json\/wp\/v2\/types\/product"}],"wp:featuredmedia":[{"embeddable":true,"href":"https:\/\/www.customeeple.com\/es\/wp-json\/wp\/v2\/media\/53850"}],"wp:attachment":[{"href":"https:\/\/www.customeeple.com\/es\/wp-json\/wp\/v2\/media?parent=53837"}],"wp:term":[{"taxonomy":"product_brand","embeddable":true,"href":"https:\/\/www.customeeple.com\/es\/wp-json\/wp\/v2\/product_brand?post=53837"},{"taxonomy":"product_cat","embeddable":true,"href":"https:\/\/www.customeeple.com\/es\/wp-json\/wp\/v2\/product_cat?post=53837"},{"taxonomy":"product_tag","embeddable":true,"href":"https:\/\/www.customeeple.com\/es\/wp-json\/wp\/v2\/product_tag?post=53837"}],"curies":[{"name":"wp","href":"https:\/\/api.w.org\/{rel}","templated":true}]}}