{"id":53744,"date":"2020-09-07T20:45:31","date_gmt":"2020-09-07T19:45:31","guid":{"rendered":"https:\/\/www.customeeple.com\/?post_type=product&#038;p=53744"},"modified":"2020-09-07T20:47:28","modified_gmt":"2020-09-07T19:47:28","slug":"space-marines-terminator-squad","status":"publish","type":"product","link":"https:\/\/www.customeeple.com\/es\/producto\/space-marines-terminator-squad\/","title":{"rendered":"Space Marines Terminator Squad"},"content":{"rendered":"<p>Los Exterminadores est\u00e1n entre los mayores h\u00e9roes de la Humanidad. Se trata de guerreros valientes cuyo continuo heroismo se combina con un terrible armamento y una idomable masa blindada de los Dreadnoughts t\u00e1cticos. Ning\u00fan enemigo est\u00e1 a salvo en un ataque de los Exterminadores, ya que son imparables y nunca se rinden.<\/p>\n<p>&nbsp;<\/p>\n<p>Esta caja contiene cinco Exterminadores de los Marines Espaciales multicomponente de pl\u00e1stico e incluye un Sargento. Esta caja tambi\u00e9n incluye componentes adicionales gracias a los cuales podr\u00e1s tener Exterminadores equipados con un ca\u00f1\u00f3n de asalto, un lanzallamas pesado, un lanzamisiles Cicl\u00f3n y pu\u00f1os sierra. Las miniaturas se suministran con peanas redondas de 40 mm.<\/p>\n","protected":false},"excerpt":{"rendered":"<p>Games Workshop miniatures.<\/p>\n","protected":false},"featured_media":53928,"template":"","meta":{"_acf_changed":false},"product_brand":[],"product_cat":[1177,1180,1372,1623,1229],"product_tag":[1179,1223],"class_list":{"0":"post-53744","1":"product","2":"type-product","3":"status-publish","4":"has-post-thumbnail","6":"product_cat-games-workshop-es","7":"product_cat-retail-products-es","8":"product_cat-sci-fi-es","9":"product_cat-wargames-es-2","10":"product_cat-warhammer-40k-es","11":"product_tag-gamesworkshop-es","12":"product_tag-spacemarines-es","14":"first","15":"onbackorder","16":"sale","17":"taxable","18":"shipping-taxable","19":"purchasable","20":"product-type-simple"},"exclude_global_add_ons":[],"addons":[],"acf":[],"_links":{"self":[{"href":"https:\/\/www.customeeple.com\/es\/wp-json\/wp\/v2\/product\/53744","targetHints":{"allow":["GET"]}}],"collection":[{"href":"https:\/\/www.customeeple.com\/es\/wp-json\/wp\/v2\/product"}],"about":[{"href":"https:\/\/www.customeeple.com\/es\/wp-json\/wp\/v2\/types\/product"}],"wp:featuredmedia":[{"embeddable":true,"href":"https:\/\/www.customeeple.com\/es\/wp-json\/wp\/v2\/media\/53928"}],"wp:attachment":[{"href":"https:\/\/www.customeeple.com\/es\/wp-json\/wp\/v2\/media?parent=53744"}],"wp:term":[{"taxonomy":"product_brand","embeddable":true,"href":"https:\/\/www.customeeple.com\/es\/wp-json\/wp\/v2\/product_brand?post=53744"},{"taxonomy":"product_cat","embeddable":true,"href":"https:\/\/www.customeeple.com\/es\/wp-json\/wp\/v2\/product_cat?post=53744"},{"taxonomy":"product_tag","embeddable":true,"href":"https:\/\/www.customeeple.com\/es\/wp-json\/wp\/v2\/product_tag?post=53744"}],"curies":[{"name":"wp","href":"https:\/\/api.w.org\/{rel}","templated":true}]}}