{"id":53741,"date":"2020-09-07T20:37:57","date_gmt":"2020-09-07T19:37:57","guid":{"rendered":"https:\/\/www.customeeple.com\/?post_type=product&#038;p=53741"},"modified":"2024-07-14T00:00:08","modified_gmt":"2024-07-13T23:00:08","slug":"ork-trukk","status":"publish","type":"product","link":"https:\/\/www.customeeple.com\/es\/producto\/ork-trukk\/","title":{"rendered":"Kami\u00f3n"},"content":{"rendered":"<p>Los kamiones est\u00e1n asignados al transporte de pe\u00f1az de guerreros orkos al combate lo m\u00e1s r\u00e1pido posible. Cada partida de guerra y clan &#8216;tunear\u00e1&#8217; sus camiones para reflejar sus propias preferencias. Por ejemplo, un veh\u00edculo Goff ser\u00e1 funcional, con un gran compartimento para los tripulantes, mientras que uno del Sol Malvado siempre tendr\u00e1 motores sobredimensionados y una mano de pintura roja.<\/p>\n<p>Esta caja contiene un kami\u00f3n de pl\u00e1stico multicomponente, e incluye una plataforma para un akribillador pezado, una plancha pa&#8217;pazar, bola de demolizi\u00f3n y ezpol\u00f3n reforzado.<\/p>\n","protected":false},"excerpt":{"rendered":"<p>Warhammer 40,000 miniatures.<\/p>\n","protected":false},"featured_media":74565,"template":"","meta":{"_acf_changed":false},"product_brand":[],"product_cat":[1177,1180,1372,1623,1229],"product_tag":[1179],"class_list":{"0":"post-53741","1":"product","2":"type-product","3":"status-publish","4":"has-post-thumbnail","6":"product_cat-games-workshop-es","7":"product_cat-retail-products-es","8":"product_cat-sci-fi-es","9":"product_cat-wargames-es-2","10":"product_cat-warhammer-40k-es","11":"product_tag-gamesworkshop-es","12":"pa_language-in","13":"pa_language-spanish","15":"first","16":"onbackorder","17":"sale","18":"taxable","19":"shipping-taxable","20":"purchasable","21":"product-type-simple"},"exclude_global_add_ons":[],"addons":[],"acf":[],"_links":{"self":[{"href":"https:\/\/www.customeeple.com\/es\/wp-json\/wp\/v2\/product\/53741","targetHints":{"allow":["GET"]}}],"collection":[{"href":"https:\/\/www.customeeple.com\/es\/wp-json\/wp\/v2\/product"}],"about":[{"href":"https:\/\/www.customeeple.com\/es\/wp-json\/wp\/v2\/types\/product"}],"wp:featuredmedia":[{"embeddable":true,"href":"https:\/\/www.customeeple.com\/es\/wp-json\/wp\/v2\/media\/74565"}],"wp:attachment":[{"href":"https:\/\/www.customeeple.com\/es\/wp-json\/wp\/v2\/media?parent=53741"}],"wp:term":[{"taxonomy":"product_brand","embeddable":true,"href":"https:\/\/www.customeeple.com\/es\/wp-json\/wp\/v2\/product_brand?post=53741"},{"taxonomy":"product_cat","embeddable":true,"href":"https:\/\/www.customeeple.com\/es\/wp-json\/wp\/v2\/product_cat?post=53741"},{"taxonomy":"product_tag","embeddable":true,"href":"https:\/\/www.customeeple.com\/es\/wp-json\/wp\/v2\/product_tag?post=53741"}],"curies":[{"name":"wp","href":"https:\/\/api.w.org\/{rel}","templated":true}]}}