{"id":53735,"date":"2020-09-07T20:25:42","date_gmt":"2020-09-07T19:25:42","guid":{"rendered":"https:\/\/www.customeeple.com\/?post_type=product&#038;p=53735"},"modified":"2024-07-14T00:00:06","modified_gmt":"2024-07-13T23:00:06","slug":"crud-creek-nosepickers-snotling-blood-bowl-team","status":"publish","type":"product","link":"https:\/\/www.customeeple.com\/es\/producto\/crud-creek-nosepickers-snotling-blood-bowl-team\/","title":{"rendered":"Crud Creek Nosepickers \u2013 Equipo de Snotlings de Blood Bowl"},"content":{"rendered":"<p>Los Snotlings han sentido desde siempre una gran admiraci\u00f3n por el deporte del Blood Bowl, aunque solo lo disfrutasen desde los banquillos o la grada. Rara vez se han atrevido a saltar al campo&#8230; por motivos obvios. Bueno, pues eso est\u00e1 a punto de cambiar, ya que los Crud Creek Nosepickers han decidido valientemente (o inconscientemente) convertirse en pioneros de su diminuta especie. Est\u00e1n m\u00e1s que listos para llenar el terreno de juego con una aut\u00e9ntica horda de jugadores apestosos, mugrientos y del tama\u00f1o de un chupito, armados con todos los estrafalarios cachivaches y trucos idiotas que se les han ocurrido tras estrujar a fondo sus cerebros sobrecargados de setas alucin\u00f3genas.<\/p>\n<p>Si bien los Snotlings hacen que, por comparaci\u00f3n, los Halflings parezcan criaturas atl\u00e9ticas y los Goblins parezcan robustos, lo que estos ca\u00f1amones tienen de sobras es&#8230; bueno, \u00a1mogoll\u00f3n de Snotlings! Son tan peque\u00f1os y en\u00e9rgicos que los \u00e1rbitros nunca son capaces de llevar la cuenta de cu\u00e1ntos hay sobre el campo a la vez. Su ventaja num\u00e9rica, combinada con su predisposici\u00f3n a retorcer o directamente saltarse las reglas, los hacen jugadores impredecibles. En resumen, los Snotlings son aficionados a todos los chanchullos y jugarretas que hacen del Blood Bowl un deporte tan bonito. No solo son divertidos de ver, sino que de hecho algunos de sus trucos les pueden llegar a servir para ganar un partido de tanto en tanto, lo que obliga a sus rivales a emplearse siempre a fondo contra ellos.<\/p>\n<p>Este kit de pl\u00e1stico multicomponente contiene todas las piezas necesarias para montar los Crud Creek Nosepickers, un equipo de Snotlings para usar en partidos de Blood Bowl. Consta de 12 Snotlings, 2 Snotling Fungus Flingas, 2 Snotling Fun-Hoppas, 2 Snotling Stilty Runnas y 2 Snotling Pump Wagons. Tambi\u00e9n incluye 2 fichas de turno, 2 monedas, 4 balones de tem\u00e1tica Snotling, 20 peanas de 25 mm y 2 peanas de 32 mm con agujeros.<\/p>\n","protected":false},"excerpt":{"rendered":"<p>Games Workshop Blood Bowl Team.<\/p>\n","protected":false},"featured_media":53659,"template":"","meta":{"_acf_changed":false},"product_brand":[],"product_cat":[1258,1400,1177,1653,1555,1180,1554],"product_tag":[1250,1179],"class_list":{"0":"post-53735","1":"product","2":"type-product","3":"status-publish","4":"has-post-thumbnail","6":"product_cat-blood-bowl-es","7":"product_cat-fantasia","8":"product_cat-games-workshop-es","9":"product_cat-boardgames","10":"product_cat-miniature-games-es","11":"product_cat-retail-products-es","12":"product_cat-wargames-es","13":"product_tag-blood-bowl-es","14":"product_tag-gamesworkshop-es","16":"first","17":"onbackorder","18":"sale","19":"taxable","20":"shipping-taxable","21":"purchasable","22":"product-type-simple"},"exclude_global_add_ons":[],"addons":[],"acf":[],"_links":{"self":[{"href":"https:\/\/www.customeeple.com\/es\/wp-json\/wp\/v2\/product\/53735","targetHints":{"allow":["GET"]}}],"collection":[{"href":"https:\/\/www.customeeple.com\/es\/wp-json\/wp\/v2\/product"}],"about":[{"href":"https:\/\/www.customeeple.com\/es\/wp-json\/wp\/v2\/types\/product"}],"wp:featuredmedia":[{"embeddable":true,"href":"https:\/\/www.customeeple.com\/es\/wp-json\/wp\/v2\/media\/53659"}],"wp:attachment":[{"href":"https:\/\/www.customeeple.com\/es\/wp-json\/wp\/v2\/media?parent=53735"}],"wp:term":[{"taxonomy":"product_brand","embeddable":true,"href":"https:\/\/www.customeeple.com\/es\/wp-json\/wp\/v2\/product_brand?post=53735"},{"taxonomy":"product_cat","embeddable":true,"href":"https:\/\/www.customeeple.com\/es\/wp-json\/wp\/v2\/product_cat?post=53735"},{"taxonomy":"product_tag","embeddable":true,"href":"https:\/\/www.customeeple.com\/es\/wp-json\/wp\/v2\/product_tag?post=53735"}],"curies":[{"name":"wp","href":"https:\/\/api.w.org\/{rel}","templated":true}]}}