{"id":53731,"date":"2020-09-07T20:16:34","date_gmt":"2020-09-07T19:16:34","guid":{"rendered":"https:\/\/www.customeeple.com\/?post_type=product&#038;p=53731"},"modified":"2022-05-15T09:16:26","modified_gmt":"2022-05-15T08:16:26","slug":"jotunn-h-grade-industrial-servitor-ogryns","status":"publish","type":"product","link":"https:\/\/www.customeeple.com\/es\/producto\/jotunn-h-grade-industrial-servitor-ogryns\/","title":{"rendered":"&#8216;Jotunn&#8217; H-Grade Industrial Servitor Ogryns"},"content":{"rendered":"<p>Los Ogryns son una de las razas de pseudohumanos m\u00e1s comunes en todo el Imperium. Lo que les falta en inteligencia lo compensan con creces en t\u00e9rminos de fuerza. Como tales, tienen una gran demanda en la colmena, donde desempe\u00f1an una variedad de roles. Por supuesto, se sabe que algunas bandas llevan a sus Servitor Ogryns a la batalla con ellas, donde pueden demostrar ser un fant\u00e1stico ecualizador contra bandas mejor equipadas.<\/p>\n<p>A\u00f1ade un poco de fuerza adicional a tu banda con estos dos Ogryns: agr\u00e9galos a tu banda Slave Ogryn o contr\u00e1talos como Brutes para cualquier otra banda. Independientemente de c\u00f3mo los incuyas, estos Ogryns te proporcionar\u00e1n la fuerza bruta necesaria para dominar la colmena.<\/p>\n<p>Con estos kits de pl\u00e1stico de 57 piezas puedes montar dos Jotunn H-Grade Servitor Ogryns. Vienen con m\u00faltiples opciones de cabeza, incluida una variante de Lobo-esclavo y tambi\u00e9n presentan diferentes cuerpos, mochilas opcionales, pu\u00f1os augm\u00e9ticos, soldadores tormenta, perforadores y la opci\u00f3n de montar Ogryns con un solo brazo, aunque dist\u00e1n mucho de estar \u00ab\u00bbsin brazos\u00bb\u00bb. El kit se suministra con dos peanas redondas de Necromunda de 40 mm.<\/p>\n<p>Las reglas para agregar un Ogryn Brute a cualquier banda se pueden encontrar en Gangs of the Underhive, House of Chains y House of Blades.<\/p>\n","protected":false},"excerpt":{"rendered":"<p>Games Workshop boardgame.<\/p>\n","protected":false},"featured_media":53649,"template":"","meta":{"_acf_changed":false},"product_brand":[],"product_cat":[1177,1583,1180,1372,1623],"product_tag":[1264,1179,785],"class_list":{"0":"post-53731","1":"product","2":"type-product","3":"status-publish","4":"has-post-thumbnail","6":"product_cat-games-workshop-es","7":"product_cat-necromunda-es","8":"product_cat-retail-products-es","9":"product_cat-sci-fi-es","10":"product_cat-wargames-es-2","11":"product_tag-boardgame-es","12":"product_tag-gamesworkshop-es","13":"product_tag-wargame-es-2","15":"first","16":"onbackorder","17":"sale","18":"taxable","19":"shipping-taxable","20":"purchasable","21":"product-type-simple"},"exclude_global_add_ons":[],"addons":[],"acf":[],"_links":{"self":[{"href":"https:\/\/www.customeeple.com\/es\/wp-json\/wp\/v2\/product\/53731","targetHints":{"allow":["GET"]}}],"collection":[{"href":"https:\/\/www.customeeple.com\/es\/wp-json\/wp\/v2\/product"}],"about":[{"href":"https:\/\/www.customeeple.com\/es\/wp-json\/wp\/v2\/types\/product"}],"wp:featuredmedia":[{"embeddable":true,"href":"https:\/\/www.customeeple.com\/es\/wp-json\/wp\/v2\/media\/53649"}],"wp:attachment":[{"href":"https:\/\/www.customeeple.com\/es\/wp-json\/wp\/v2\/media?parent=53731"}],"wp:term":[{"taxonomy":"product_brand","embeddable":true,"href":"https:\/\/www.customeeple.com\/es\/wp-json\/wp\/v2\/product_brand?post=53731"},{"taxonomy":"product_cat","embeddable":true,"href":"https:\/\/www.customeeple.com\/es\/wp-json\/wp\/v2\/product_cat?post=53731"},{"taxonomy":"product_tag","embeddable":true,"href":"https:\/\/www.customeeple.com\/es\/wp-json\/wp\/v2\/product_tag?post=53731"}],"curies":[{"name":"wp","href":"https:\/\/api.w.org\/{rel}","templated":true}]}}