{"id":53716,"date":"2020-09-07T18:36:41","date_gmt":"2020-09-07T17:36:42","guid":{"rendered":"https:\/\/www.customeeple.com\/?post_type=product&#038;p=53716"},"modified":"2020-09-07T18:38:44","modified_gmt":"2020-09-07T17:38:44","slug":"vindicator","status":"publish","type":"product","link":"https:\/\/www.customeeple.com\/es\/producto\/vindicator\/","title":{"rendered":"Vindicator"},"content":{"rendered":"<p>El Vindicator de los Space Marines, igual que el Rhino, es la miniatura de un veh\u00edculo incre\u00edblemente duro y bien acorazado. El Vindicator tiene una pl\u00e9tora de detalles, como descargadores de humo y un reflector, los tubos de escape y las orugas met\u00e1licas, y las pesadas escotillas e im\u00e1genes del Aquila Imperial. El ca\u00f1\u00f3n Demolisher es un arma inmensa que ocupa el centro del frontal del veh\u00edculo y adem\u00e1s se puede armar al Vindicator con un misil cazador-asesino y un b\u00f3lter de asalto. La escotilla puede montarse cerrada, o abierta, dejando visible al comandante del tanque.<\/p>\n<p>Esta caja de pl\u00e1stico multicomponente contienen 99 piezas con las que montar un Vindicator de los Space Marines.<\/p>\n<p>Esta miniaturas se suministra sin pintar y requiere montaje; aconsejamos el uso del Pegamento para pl\u00e1stico Citadel y las pinturas Citadel.<\/p>\n","protected":false},"excerpt":{"rendered":"<p>Games Workshop boardgame.<\/p>\n","protected":false},"featured_media":53695,"template":"","meta":{"_acf_changed":false},"product_brand":[],"product_cat":[1177,1180,1372,1623,1229],"product_tag":[1422,1264,1179,785],"class_list":{"0":"post-53716","1":"product","2":"type-product","3":"status-publish","4":"has-post-thumbnail","6":"product_cat-games-workshop-es","7":"product_cat-retail-products-es","8":"product_cat-sci-fi-es","9":"product_cat-wargames-es-2","10":"product_cat-warhammer-40k-es","11":"product_tag-40000-es","12":"product_tag-boardgame-es","13":"product_tag-gamesworkshop-es","14":"product_tag-wargame-es-2","16":"first","17":"onbackorder","18":"sale","19":"taxable","20":"shipping-taxable","21":"purchasable","22":"product-type-simple"},"exclude_global_add_ons":[],"addons":[],"acf":[],"_links":{"self":[{"href":"https:\/\/www.customeeple.com\/es\/wp-json\/wp\/v2\/product\/53716","targetHints":{"allow":["GET"]}}],"collection":[{"href":"https:\/\/www.customeeple.com\/es\/wp-json\/wp\/v2\/product"}],"about":[{"href":"https:\/\/www.customeeple.com\/es\/wp-json\/wp\/v2\/types\/product"}],"wp:featuredmedia":[{"embeddable":true,"href":"https:\/\/www.customeeple.com\/es\/wp-json\/wp\/v2\/media\/53695"}],"wp:attachment":[{"href":"https:\/\/www.customeeple.com\/es\/wp-json\/wp\/v2\/media?parent=53716"}],"wp:term":[{"taxonomy":"product_brand","embeddable":true,"href":"https:\/\/www.customeeple.com\/es\/wp-json\/wp\/v2\/product_brand?post=53716"},{"taxonomy":"product_cat","embeddable":true,"href":"https:\/\/www.customeeple.com\/es\/wp-json\/wp\/v2\/product_cat?post=53716"},{"taxonomy":"product_tag","embeddable":true,"href":"https:\/\/www.customeeple.com\/es\/wp-json\/wp\/v2\/product_tag?post=53716"}],"curies":[{"name":"wp","href":"https:\/\/api.w.org\/{rel}","templated":true}]}}