{"id":53712,"date":"2020-09-07T18:24:56","date_gmt":"2020-09-07T17:24:56","guid":{"rendered":"https:\/\/www.customeeple.com\/?post_type=product&#038;p=53712"},"modified":"2020-09-07T18:30:01","modified_gmt":"2020-09-07T17:30:01","slug":"stormraven-gunship","status":"publish","type":"product","link":"https:\/\/www.customeeple.com\/es\/producto\/stormraven-gunship\/","title":{"rendered":"Ca\u00f1onera Stormraven"},"content":{"rendered":"<p>La Ca\u00f1onera Stormraven es una nave blindada realmente vers\u00e1til que combina la funci\u00f3n de nave de transporte, nave de asalto y transporte blindado.<\/p>\n<p>&nbsp;<\/p>\n<p>La Ca\u00f1onera Stormraven puede considerarse el tanque de los cielos. Est\u00e1 equipada con dos sets de alas dobladas situadas en la parte posterior (unas m\u00e1s grandes que las otras), propulsores en la parte superior y panels blindados. Su interior tambi\u00e9n es rico en detalles y puede pintarse antes de proceder al montaje del veh\u00edculo. Adem\u00e1s tiene una cabina transparente de pl\u00e1stico a trav\u00e9s de la cu\u00e1l puede verse al piloto y al artillero de la torreta. La Ca\u00f1onera Stormraven est\u00e1 equipada con una amplia variedad de armas como b\u00f3lteres pesados, ca\u00f1ones de asalto, ca\u00f1ones de plasma, misiles Bloodstrike y una magnetopresa modificada.<\/p>\n<p>&nbsp;<\/p>\n<p>Esta caja de pl\u00e1stico contiene 116 componentes, una peana voladora y una peana grande ovalada con los que montar una Ca\u00f1onera Stormraven.<\/p>\n<p>&nbsp;<\/p>\n<p>Las miniaturas vienen sin pintar y requieren montaje; aconsejamos el uso del Pegamento para pl\u00e1stico Citadel y las pinturas Citadel.<\/p>\n","protected":false},"excerpt":{"rendered":"<p>Games Workshop boardgame.<\/p>\n","protected":false},"featured_media":53697,"template":"","meta":{"_acf_changed":false},"product_brand":[],"product_cat":[1177,1180,1372,1229],"product_tag":[1422,1264,1179,785],"class_list":{"0":"post-53712","1":"product","2":"type-product","3":"status-publish","4":"has-post-thumbnail","6":"product_cat-games-workshop-es","7":"product_cat-retail-products-es","8":"product_cat-sci-fi-es","9":"product_cat-warhammer-40k-es","10":"product_tag-40000-es","11":"product_tag-boardgame-es","12":"product_tag-gamesworkshop-es","13":"product_tag-wargame-es-2","14":"pa_language-in","15":"pa_language-spanish","17":"first","18":"onbackorder","19":"sale","20":"taxable","21":"shipping-taxable","22":"purchasable","23":"product-type-simple"},"exclude_global_add_ons":[],"addons":[],"acf":[],"_links":{"self":[{"href":"https:\/\/www.customeeple.com\/es\/wp-json\/wp\/v2\/product\/53712","targetHints":{"allow":["GET"]}}],"collection":[{"href":"https:\/\/www.customeeple.com\/es\/wp-json\/wp\/v2\/product"}],"about":[{"href":"https:\/\/www.customeeple.com\/es\/wp-json\/wp\/v2\/types\/product"}],"wp:featuredmedia":[{"embeddable":true,"href":"https:\/\/www.customeeple.com\/es\/wp-json\/wp\/v2\/media\/53697"}],"wp:attachment":[{"href":"https:\/\/www.customeeple.com\/es\/wp-json\/wp\/v2\/media?parent=53712"}],"wp:term":[{"taxonomy":"product_brand","embeddable":true,"href":"https:\/\/www.customeeple.com\/es\/wp-json\/wp\/v2\/product_brand?post=53712"},{"taxonomy":"product_cat","embeddable":true,"href":"https:\/\/www.customeeple.com\/es\/wp-json\/wp\/v2\/product_cat?post=53712"},{"taxonomy":"product_tag","embeddable":true,"href":"https:\/\/www.customeeple.com\/es\/wp-json\/wp\/v2\/product_tag?post=53712"}],"curies":[{"name":"wp","href":"https:\/\/api.w.org\/{rel}","templated":true}]}}