{"id":53710,"date":"2020-09-07T18:16:53","date_gmt":"2020-09-07T17:16:53","guid":{"rendered":"https:\/\/www.customeeple.com\/?post_type=product&#038;p=53710"},"modified":"2023-04-28T00:00:10","modified_gmt":"2023-04-27T23:00:10","slug":"primaris-apothecary","status":"publish","type":"product","link":"https:\/\/www.customeeple.com\/es\/producto\/primaris-apothecary\/","title":{"rendered":"Primaris Apothecary"},"content":{"rendered":"<p>Los Apothecaries se encuentran entre los Space Marines m\u00e1s honrados de su Cap\u00edtulo. Su papel es asegurar el bienestar de sus hermanos. Donde esta funci\u00f3n resulta m\u00e1s obvia es en el campo de batalla, donde un Apothecary sirve como m\u00e9dico de emergencia. Pero su tarea m\u00e1s importante tiene que ver con los muertos. Un Apothecary puede recoger los \u00f3rganos progenoides de un Space Marine ca\u00eddo, asegurando la creaci\u00f3n de futuros guerreros y la continuidad del Cap\u00edtulo.<\/p>\n<p>Este kit de pl\u00e1stico multicomponente contiene las piezas necesarias para montar un Primaris Apothecary. Est\u00e1 cubierto de una servoarmadura Mk X de gran detalle, e incluye m\u00e1s detalles y aparatos que el Primaris Space Marine est\u00e1ndar, beneficios de su rol en combate. En su placa pectoral se aprecian varias jarras can\u00f3pticas con sellos de pureza: \u00e9stas se llenan con los \u00f3rganos progenoides que han superado su escrutinio y se utilizar\u00e1n en la creaci\u00f3n de m\u00e1s Primaris Space Marines. En su mano derecha sostiene un \u00f3rgano en el que fija su mirada y otra jarra can\u00f3ptica cuelga de su brazo, lista para utilizarla. Su brazo izquierdo sostiene un narthecium, el sombr\u00edo instrumento de su arte, aunque puede sustituirse por una pistola absolver (a menudo lo \u00faltimo que ver\u00e1 un hermano ca\u00eddo\u2026)<\/p>\n<p>Para a\u00f1adir detalles y opciones a este kit se incluye una selecci\u00f3n de lentes de inspecci\u00f3n quir\u00fargica y linternas, junto con una sierra, servoinyectores, taladros y todo tipo de piezas. Como a\u00f1adido especialmente macabro se incluye a un Space Marine con una gran incisi\u00f3n realizada por el narthecium del Apothecary que puede a\u00f1adirse a la peana.<\/p>\n<p>El Primaris Apothecary se compone de 28 piezas e incluye una peana redonda Citadel de 40 mm. Este kit incluye tambi\u00e9n una hoja de calcolman\u00edas de personaje Ultramarine, que muestra iconograf\u00eda de Captain, Chaplain, Librarian y Lieutenant.<\/p>\n","protected":false},"excerpt":{"rendered":"<p>Warhammer 40,000 miniatures.<\/p>\n","protected":false},"featured_media":53691,"template":"","meta":{"_acf_changed":false},"product_brand":[],"product_cat":[1177,1180,1372,1623,1229],"product_tag":[1179],"class_list":{"0":"post-53710","1":"product","2":"type-product","3":"status-publish","4":"has-post-thumbnail","6":"product_cat-games-workshop-es","7":"product_cat-retail-products-es","8":"product_cat-sci-fi-es","9":"product_cat-wargames-es-2","10":"product_cat-warhammer-40k-es","11":"product_tag-gamesworkshop-es","13":"first","14":"onbackorder","15":"sale","16":"taxable","17":"shipping-taxable","18":"purchasable","19":"product-type-simple"},"exclude_global_add_ons":[],"addons":[],"acf":[],"_links":{"self":[{"href":"https:\/\/www.customeeple.com\/es\/wp-json\/wp\/v2\/product\/53710","targetHints":{"allow":["GET"]}}],"collection":[{"href":"https:\/\/www.customeeple.com\/es\/wp-json\/wp\/v2\/product"}],"about":[{"href":"https:\/\/www.customeeple.com\/es\/wp-json\/wp\/v2\/types\/product"}],"wp:featuredmedia":[{"embeddable":true,"href":"https:\/\/www.customeeple.com\/es\/wp-json\/wp\/v2\/media\/53691"}],"wp:attachment":[{"href":"https:\/\/www.customeeple.com\/es\/wp-json\/wp\/v2\/media?parent=53710"}],"wp:term":[{"taxonomy":"product_brand","embeddable":true,"href":"https:\/\/www.customeeple.com\/es\/wp-json\/wp\/v2\/product_brand?post=53710"},{"taxonomy":"product_cat","embeddable":true,"href":"https:\/\/www.customeeple.com\/es\/wp-json\/wp\/v2\/product_cat?post=53710"},{"taxonomy":"product_tag","embeddable":true,"href":"https:\/\/www.customeeple.com\/es\/wp-json\/wp\/v2\/product_tag?post=53710"}],"curies":[{"name":"wp","href":"https:\/\/api.w.org\/{rel}","templated":true}]}}