{"id":53707,"date":"2020-09-07T18:01:35","date_gmt":"2020-09-07T17:01:35","guid":{"rendered":"https:\/\/www.customeeple.com\/?post_type=product&#038;p=53707"},"modified":"2023-04-01T00:00:12","modified_gmt":"2023-03-31T23:00:12","slug":"necron-immortals-deathmarks","status":"publish","type":"product","link":"https:\/\/www.customeeple.com\/es\/producto\/necron-immortals-deathmarks\/","title":{"rendered":"Necron Immortals\/Deathmarks"},"content":{"rendered":"<p>Como tropas de choque del ej\u00e9rcito Necron, las falanges de Immortals luchan por la victoria usando todas las t\u00e1cticas a su alcance, y son capaces de soportar f\u00e1cilemente una salva de fuego de b\u00f3lter pesado.<\/p>\n<p>&nbsp;<\/p>\n<p>Los Necron Immortals poseen la cl\u00e1sica cara de esqueleto met\u00e1lico tan espeluznante y t\u00edpica de su raza. Sus largas extremidades tienen pernos en las articulaciones, su cuerpo tiene un aspecto encorvado y su cabeza y hombros van protegidos por un collar\u00edn blindado. Lucen sutiles iconos Necrons en el estern\u00f3n. Puedes equipar a tus Immortals con los devastadores bl\u00e1steres gauss o con carabinas tesla.<\/p>\n<p>&nbsp;<\/p>\n<p>Esta caja de miniaturas multicomponente de pl\u00e1stico contiene 80 piezas, dos hojas de calcoman\u00edas Necron y cinco peanas redondas Citadel de 32 mm, con las que montar cinco Necron Immortals o cinco Necron Deathmarks.<\/p>\n","protected":false},"excerpt":{"rendered":"<p>Warhammer 40,000 miniatures.<\/p>\n","protected":false},"featured_media":53689,"template":"","meta":{"_acf_changed":false},"product_brand":[],"product_cat":[1177,1180,1372,1623,1229],"product_tag":[1179],"class_list":{"0":"post-53707","1":"product","2":"type-product","3":"status-publish","4":"has-post-thumbnail","6":"product_cat-games-workshop-es","7":"product_cat-retail-products-es","8":"product_cat-sci-fi-es","9":"product_cat-wargames-es-2","10":"product_cat-warhammer-40k-es","11":"product_tag-gamesworkshop-es","13":"first","14":"instock","15":"sale","16":"taxable","17":"shipping-taxable","18":"purchasable","19":"product-type-simple"},"exclude_global_add_ons":[],"addons":[],"acf":[],"_links":{"self":[{"href":"https:\/\/www.customeeple.com\/es\/wp-json\/wp\/v2\/product\/53707","targetHints":{"allow":["GET"]}}],"collection":[{"href":"https:\/\/www.customeeple.com\/es\/wp-json\/wp\/v2\/product"}],"about":[{"href":"https:\/\/www.customeeple.com\/es\/wp-json\/wp\/v2\/types\/product"}],"wp:featuredmedia":[{"embeddable":true,"href":"https:\/\/www.customeeple.com\/es\/wp-json\/wp\/v2\/media\/53689"}],"wp:attachment":[{"href":"https:\/\/www.customeeple.com\/es\/wp-json\/wp\/v2\/media?parent=53707"}],"wp:term":[{"taxonomy":"product_brand","embeddable":true,"href":"https:\/\/www.customeeple.com\/es\/wp-json\/wp\/v2\/product_brand?post=53707"},{"taxonomy":"product_cat","embeddable":true,"href":"https:\/\/www.customeeple.com\/es\/wp-json\/wp\/v2\/product_cat?post=53707"},{"taxonomy":"product_tag","embeddable":true,"href":"https:\/\/www.customeeple.com\/es\/wp-json\/wp\/v2\/product_tag?post=53707"}],"curies":[{"name":"wp","href":"https:\/\/api.w.org\/{rel}","templated":true}]}}