{"id":53703,"date":"2020-09-07T17:48:51","date_gmt":"2020-09-07T16:48:51","guid":{"rendered":"https:\/\/www.customeeple.com\/?post_type=product&#038;p=53703"},"modified":"2020-09-07T17:54:52","modified_gmt":"2020-09-07T16:54:52","slug":"triarch-praetorians","status":"publish","type":"product","link":"https:\/\/www.customeeple.com\/es\/producto\/triarch-praetorians\/","title":{"rendered":"Triarch Praetorians"},"content":{"rendered":"<p>A medida que m\u00e1s y m\u00e1s Necrones se han despertado de su sue\u00f1o, los Pretorianos de la Triarca han ido reemergiendo para unirse a las legiones din\u00e1sticas. Los Pretorianos de la Triarca tienen una gran responsabilidad: asegurarse de que las dinast\u00edas de Necrones nunca caigan.&nbsp;<\/p>\n<p>Las miniaturas de Pretorianos de la Triarca est\u00e1n muy detalladas, mostrando en toda su gloria la rica iconograf\u00eda y los glifos din\u00e1sticos necrones. Adem\u00e1s del aspecto esquel\u00e9tico y met\u00e1lico que es t\u00edpico de su raza, llevan taparrabos de segmentos met\u00e1licos, y blanden pesadas armas. Los Pretorianos de la Triarca suelen blandir Varas del Pacto pero pueden ser mejorados para sustituirlas por cuchillas de vac\u00edo y lanzapart\u00edculas.&nbsp;<\/p>\n<p>Esta caja de miniaturas multicomponente de pl\u00e1stico contiene 111 piezas, dos hojas de calcoman\u00edas Necron y cinco peanas redondas Citadel de 32 mm, con las que montar cinco Necron Necron Praetorians o cinco Lychguards.<\/p>\n","protected":false},"excerpt":{"rendered":"<p>Games Workshop Miniatures.<\/p>\n","protected":false},"featured_media":53685,"template":"","meta":{"_acf_changed":false},"product_brand":[],"product_cat":[1177,1180,1229],"product_tag":[1422,1264,1179,785],"class_list":{"0":"post-53703","1":"product","2":"type-product","3":"status-publish","4":"has-post-thumbnail","6":"product_cat-games-workshop-es","7":"product_cat-retail-products-es","8":"product_cat-warhammer-40k-es","9":"product_tag-40000-es","10":"product_tag-boardgame-es","11":"product_tag-gamesworkshop-es","12":"product_tag-wargame-es-2","14":"first","15":"onbackorder","16":"sale","17":"taxable","18":"shipping-taxable","19":"purchasable","20":"product-type-simple"},"exclude_global_add_ons":[],"addons":[],"acf":[],"_links":{"self":[{"href":"https:\/\/www.customeeple.com\/es\/wp-json\/wp\/v2\/product\/53703","targetHints":{"allow":["GET"]}}],"collection":[{"href":"https:\/\/www.customeeple.com\/es\/wp-json\/wp\/v2\/product"}],"about":[{"href":"https:\/\/www.customeeple.com\/es\/wp-json\/wp\/v2\/types\/product"}],"wp:featuredmedia":[{"embeddable":true,"href":"https:\/\/www.customeeple.com\/es\/wp-json\/wp\/v2\/media\/53685"}],"wp:attachment":[{"href":"https:\/\/www.customeeple.com\/es\/wp-json\/wp\/v2\/media?parent=53703"}],"wp:term":[{"taxonomy":"product_brand","embeddable":true,"href":"https:\/\/www.customeeple.com\/es\/wp-json\/wp\/v2\/product_brand?post=53703"},{"taxonomy":"product_cat","embeddable":true,"href":"https:\/\/www.customeeple.com\/es\/wp-json\/wp\/v2\/product_cat?post=53703"},{"taxonomy":"product_tag","embeddable":true,"href":"https:\/\/www.customeeple.com\/es\/wp-json\/wp\/v2\/product_tag?post=53703"}],"curies":[{"name":"wp","href":"https:\/\/api.w.org\/{rel}","templated":true}]}}