{"id":53701,"date":"2020-09-07T17:42:33","date_gmt":"2020-09-07T16:42:33","guid":{"rendered":"https:\/\/www.customeeple.com\/?post_type=product&#038;p=53701"},"modified":"2020-09-07T17:47:57","modified_gmt":"2020-09-07T16:47:57","slug":"canoptek-spyder","status":"publish","type":"product","link":"https:\/\/www.customeeple.com\/es\/producto\/canoptek-spyder\/","title":{"rendered":"Canoptek Spyder"},"content":{"rendered":"<p>A diferencia de sus maestros necrones, las Ara\u00f1as Can\u00f3pticas nunca duermen, sino que durante eones se dedican al cuidado de las estructuras de su mundo necr\u00f3polis. Aunque en esencia se trata de un dron automatizado, una Ara\u00f1a Can\u00f3ptica es un enemigo formidable cuando la situaci\u00f3n lo requiere. Cualquier enemigo lo bastante insensato como para acercarse a una Ara\u00f1a Can\u00f3ptica, ver\u00e1 como le arrancan la piel de los huesos mediante un dispositivo de pinzas y herramientas mec\u00e1nicas. Si una tr\u00edada de Ara\u00f1as Can\u00f3pticas opera al un\u00edsono, una de ellas asume el mando para aprovechar al m\u00e1ximo la capacidad de procesamiento del resto y crear una s\u00faper mente gest\u00e1ltica mucho mayor que la suma de sus partes. Esta eficiencia la comparten con todos los Espectros Can\u00f3pticos y Escarabajos Can\u00f3pticos de las inmediaciones, permitiendo que sean las Ara\u00f1as Can\u00f3pticas quienes respondan con un movimiento coordinado y preciso ante cualquier amenaza, y as\u00ed velando por la seguridad de sus maestros.<\/p>\n<p>En cuanto a salvajes constructos mec\u00e1nicos se refiere, no hay nada m\u00e1s desagradable que una Ara\u00f1a Can\u00f3ptica. Cuando no est\u00e1 desgarrando infanter\u00eda o tanques enemigos con una colecci\u00f3n de garfios y cuchillas, suele estar reparando tus veh\u00edculos da\u00f1ados. Y, como guinda del pastel, incluso en el fragor de la batalla, la Ara\u00f1a Can\u00f3ptica puede liberar a los Escarabajos Can\u00f3pticos que lleva en su abdomen para reforzar tu ej\u00e9rcito e irritar a tus adversarios.<\/p>\n<p>Esta caja de pl\u00e1stico multicomponente contiene 30 componentes con los que montar una Ara\u00f1a Can\u00f3ptica de los Necrones y se suministran con dos pies de pl\u00e1stico con bola en la parte superior y una peana de voladores grande. La miniatura viene sin pintar y requiere montaje; aconsejamos el uso de Pegamento para pl\u00e1stico y Pinturas Citadel.<\/p>\n","protected":false},"excerpt":{"rendered":"<p>Miniaturas para Warhammer 40K<\/p>\n","protected":false},"featured_media":53683,"template":"","meta":{"_acf_changed":false},"product_brand":[],"product_cat":[1177,1180,1372,1623,1229],"product_tag":[1179],"class_list":{"0":"post-53701","1":"product","2":"type-product","3":"status-publish","4":"has-post-thumbnail","6":"product_cat-games-workshop-es","7":"product_cat-retail-products-es","8":"product_cat-sci-fi-es","9":"product_cat-wargames-es-2","10":"product_cat-warhammer-40k-es","11":"product_tag-gamesworkshop-es","12":"pa_language-in","13":"pa_language-spanish","15":"first","16":"onbackorder","17":"sale","18":"taxable","19":"shipping-taxable","20":"purchasable","21":"product-type-simple"},"exclude_global_add_ons":[],"addons":[],"acf":[],"_links":{"self":[{"href":"https:\/\/www.customeeple.com\/es\/wp-json\/wp\/v2\/product\/53701","targetHints":{"allow":["GET"]}}],"collection":[{"href":"https:\/\/www.customeeple.com\/es\/wp-json\/wp\/v2\/product"}],"about":[{"href":"https:\/\/www.customeeple.com\/es\/wp-json\/wp\/v2\/types\/product"}],"wp:featuredmedia":[{"embeddable":true,"href":"https:\/\/www.customeeple.com\/es\/wp-json\/wp\/v2\/media\/53683"}],"wp:attachment":[{"href":"https:\/\/www.customeeple.com\/es\/wp-json\/wp\/v2\/media?parent=53701"}],"wp:term":[{"taxonomy":"product_brand","embeddable":true,"href":"https:\/\/www.customeeple.com\/es\/wp-json\/wp\/v2\/product_brand?post=53701"},{"taxonomy":"product_cat","embeddable":true,"href":"https:\/\/www.customeeple.com\/es\/wp-json\/wp\/v2\/product_cat?post=53701"},{"taxonomy":"product_tag","embeddable":true,"href":"https:\/\/www.customeeple.com\/es\/wp-json\/wp\/v2\/product_tag?post=53701"}],"curies":[{"name":"wp","href":"https:\/\/api.w.org\/{rel}","templated":true}]}}