{"id":53116,"date":"2020-07-24T23:01:31","date_gmt":"2020-07-24T22:01:31","guid":{"rendered":"https:\/\/www.customeeple.com\/?post_type=product&#038;p=53116"},"modified":"2020-07-24T23:15:53","modified_gmt":"2020-07-24T22:15:53","slug":"ten-thunder-faction-book","status":"publish","type":"product","link":"https:\/\/www.customeeple.com\/es\/producto\/ten-thunder-faction-book\/","title":{"rendered":"Ten Thunder Faction Book"},"content":{"rendered":"<p>PRODUCTO EN INGL\u00c9S<\/p>\n<p>Contiene todas las cartas de estad\u00edsticas y actualizaciones necesarias para jugar la facci\u00f3n dada dentro de Malifaux Third Edition. Cada libro de facci\u00f3n tambi\u00e9n incluye nuevas historias que ampl\u00edan el rico universo de Malifaux, adem\u00e1s de las descripciones de cada modelo dentro de esa facci\u00f3n.<\/p>\n","protected":false},"excerpt":{"rendered":"<p>New Rulebook for Malifaux M3E.<\/p>\n","protected":false},"featured_media":53102,"template":"","meta":{"_acf_changed":false},"product_brand":[],"product_cat":[1400,1219,1671,1180],"product_tag":[1652],"class_list":{"0":"post-53116","1":"product","2":"type-product","3":"status-publish","4":"has-post-thumbnail","6":"product_cat-fantasia","7":"product_cat-books-es-2","8":"product_cat-malifaux-es-3","9":"product_cat-retail-products-es","10":"product_tag-malifaux-es-2","12":"first","13":"outofstock","14":"sale","15":"taxable","16":"shipping-taxable","17":"purchasable","18":"product-type-simple"},"exclude_global_add_ons":[],"addons":[],"acf":[],"_links":{"self":[{"href":"https:\/\/www.customeeple.com\/es\/wp-json\/wp\/v2\/product\/53116","targetHints":{"allow":["GET"]}}],"collection":[{"href":"https:\/\/www.customeeple.com\/es\/wp-json\/wp\/v2\/product"}],"about":[{"href":"https:\/\/www.customeeple.com\/es\/wp-json\/wp\/v2\/types\/product"}],"wp:featuredmedia":[{"embeddable":true,"href":"https:\/\/www.customeeple.com\/es\/wp-json\/wp\/v2\/media\/53102"}],"wp:attachment":[{"href":"https:\/\/www.customeeple.com\/es\/wp-json\/wp\/v2\/media?parent=53116"}],"wp:term":[{"taxonomy":"product_brand","embeddable":true,"href":"https:\/\/www.customeeple.com\/es\/wp-json\/wp\/v2\/product_brand?post=53116"},{"taxonomy":"product_cat","embeddable":true,"href":"https:\/\/www.customeeple.com\/es\/wp-json\/wp\/v2\/product_cat?post=53116"},{"taxonomy":"product_tag","embeddable":true,"href":"https:\/\/www.customeeple.com\/es\/wp-json\/wp\/v2\/product_tag?post=53116"}],"curies":[{"name":"wp","href":"https:\/\/api.w.org\/{rel}","templated":true}]}}