{"id":52932,"date":"2020-07-11T18:11:03","date_gmt":"2020-07-11T17:11:03","guid":{"rendered":"https:\/\/www.customeeple.com\/?post_type=product&#038;p=52932"},"modified":"2020-07-11T18:13:18","modified_gmt":"2020-07-11T17:13:18","slug":"warhammer-age-of-sigmar-generals-handbook-2020-eng","status":"publish","type":"product","link":"https:\/\/www.customeeple.com\/es\/producto\/warhammer-age-of-sigmar-generals-handbook-2020-eng\/","title":{"rendered":"Warhammer Age of Sigmar: General&#8217;s Handbook 2020 (ENG)"},"content":{"rendered":"<p>Producto en ingl\u00e9s.<\/p>\n<p>El Manual de campo para Generales 2020 es la gu\u00eda esencial que actualiza las reglas b\u00e1sicas y mejora tus partidas de Warhammer Age of Sigmar. No importa c\u00f3mo te guste jugar, aqu\u00ed hay algo para ti.<\/p>\n<p>Dentro del Manual de campo para Generales de este a\u00f1o, encontrar\u00e1s&#8230;<\/p>\n<p>El C\u00f3digo del Jugador: un conjunto de pautas que seguir que aseguran una experiencia divertida y gratificante para todo jugador.<\/p>\n<p><strong>Nuevas reglas de Juego abierto:<\/strong><br \/>\n&#8211; Cielos de matanza: lleva la lucha a los cielos con batallas de altos vuelos entre las nubes. estas reglas fueron publicadas previamente en White Dwarf, incluyendo cinco planes de batalla (llamados Batalla en los cielos), nuevas hojas de unidad para usar monstruos voladores y m\u00e1quinas de guerra en Cielos de matanza, y campa\u00f1as para enlazar tus juegos entre s\u00ed.<br \/>\n&#8211; Generador de batallas de coalici\u00f3n de guerra abierta: libra partidas multijugador, con cada bando dividido en equipos. Luchar\u00e1s junto a tus compa\u00f1eros de equipo por la victoria total, pero cada jugador tendr\u00e1 sus propios planes secundarios que completar. Un nuevo conjunto de reglas y las tablas del generador aleatorio te asegurar\u00e1n no tener dos partidas iguales.<\/p>\n<p><strong>Nuevas reglas de Juego narrativo:<\/strong><br \/>\n&#8211; La m\u00e1quina de los susurros: lucha por el control de un mapa en una campa\u00f1a encadenada entre 4 a 7 jugadores.<br \/>\n&#8211; Reglas especiales de batallas en equipo: estas reglas ampliadas te permiten jugar con m\u00e1s de 2 jugadores, y est\u00e1n especialmente dise\u00f1adas para usarse en campa\u00f1as de la m\u00e1quina de los susurros, \u00a1incluyendo reglas para usar un Director de Juego neutral!<br \/>\n&#8211; Coalici\u00f3n de Muerte: utiliza las reglas de batalla en equipo y este conjunto de 3 planes de batalla para crear memorables experiencias multijugador.<br \/>\n&#8211; El yunque de la apoteosis: crea un H\u00e9roe a medida para liderar tus ej\u00e9rcitos, conquistar los Reinos Mortales y labrarse un nombre.<\/p>\n<p><strong>Nuevas reglas de Juego equilibrado:<\/strong><br \/>\n&#8211; Batallas campales actualizadas para la temporada 2020: iIndicaciones importantes sobre el tama\u00f1o de los ej\u00e9rcitos, l\u00edmites de puntos, roles en el campo de batalla, unidades aliadas, batallones de guerra y mucho m\u00e1s, esencial para el juego de torneos.<br \/>\n&#8211; 12 Planes de batallas campales: incluye en tus partidas un nuevo conjunto de desaf\u00edos estrat\u00e9gicos.<br \/>\n&#8211; Encuentros fortuitos: disputa partidas r\u00e1pidas y equilibradas en campos de batalla de peque\u00f1o tama\u00f1o, dise\u00f1adas para proporcionar toda la emoci\u00f3n del juego equilibrado en menos de 90 minutos, incluyendo seis nuevos planes de batalla de Encuentros fortuitos y reglas de torneo sugeridas.<br \/>\n&#8211; Batalla campal Coalici\u00f3n de Muerte: juega partidas de dos contra dos en batallas puntuales o torneos.<br \/>\n&#8211; Matriz de coalici\u00f3n: este gr\u00e1fico desglosa la interacci\u00f3n entre las 24 facciones existentes en Warhammer Age of Sigmar.<br \/>\n\u00a1Algunos ej\u00e9rcitos son mejores aliados que otros!<br \/>\n&#8211; Reglas Reino de la batalla: descubre las reglas que representan a cada uno de los reinos mortales en tus partidas, incluyendo potentes artefactos de los reinos y la Magia de la Reinoesfera.<br \/>\n&#8211; Objetivos auxiliares para Juego equilibrado: se presentan 18 objetivos nuevos y actualizados para la temporada 2020.<\/p>\n<p><strong>M\u00c1S:<\/strong><br \/>\n&#8211; Conquista Desatada: incluye packs de torneo para Batallas campales, Encuentros fortuitos, Coalici\u00f3n de muerte y batallas en Formato por equipos.<br \/>\n&#8211; Generadores de Ej\u00e9rcito de guerra abierta y de terreno: \u00a1desaf\u00edate a ti mismo con un ej\u00e9rcito generado al azar en un campo de batalla generado al azar! Deja que la historia se escriba sola.<br \/>\n&#8211; Perfiles de Batallas campales: este folleto de 32 p\u00e1ginas contiene valores en puntos de batallas campales, tama\u00f1os de unidades y roles de campo de batalla para las unidades que puedes usar en las partidas de Warhammer Age of Sigmar, as\u00ed como escenarios, hechizos permanentes, y miniaturas de Forge World y los Compendium.<\/p>\n","protected":false},"excerpt":{"rendered":"<p>Games Workshop rulebook.<\/p>\n","protected":false},"featured_media":52928,"template":"","meta":{"_acf_changed":false},"product_brand":[],"product_cat":[1400,1180,1654],"product_tag":[1178,1261,1179,1266],"class_list":{"0":"post-52932","1":"product","2":"type-product","3":"status-publish","4":"has-post-thumbnail","6":"product_cat-fantasia","7":"product_cat-retail-products-es","8":"product_cat-warhammer-age-of-sigmar-es-2","9":"product_tag-ageofsigmar-es","10":"product_tag-book-es","11":"product_tag-gamesworkshop-es","12":"product_tag-rulebook-es","14":"first","15":"onbackorder","16":"sale","17":"taxable","18":"shipping-taxable","19":"purchasable","20":"product-type-simple"},"exclude_global_add_ons":[],"addons":[],"acf":[],"_links":{"self":[{"href":"https:\/\/www.customeeple.com\/es\/wp-json\/wp\/v2\/product\/52932","targetHints":{"allow":["GET"]}}],"collection":[{"href":"https:\/\/www.customeeple.com\/es\/wp-json\/wp\/v2\/product"}],"about":[{"href":"https:\/\/www.customeeple.com\/es\/wp-json\/wp\/v2\/types\/product"}],"wp:featuredmedia":[{"embeddable":true,"href":"https:\/\/www.customeeple.com\/es\/wp-json\/wp\/v2\/media\/52928"}],"wp:attachment":[{"href":"https:\/\/www.customeeple.com\/es\/wp-json\/wp\/v2\/media?parent=52932"}],"wp:term":[{"taxonomy":"product_brand","embeddable":true,"href":"https:\/\/www.customeeple.com\/es\/wp-json\/wp\/v2\/product_brand?post=52932"},{"taxonomy":"product_cat","embeddable":true,"href":"https:\/\/www.customeeple.com\/es\/wp-json\/wp\/v2\/product_cat?post=52932"},{"taxonomy":"product_tag","embeddable":true,"href":"https:\/\/www.customeeple.com\/es\/wp-json\/wp\/v2\/product_tag?post=52932"}],"curies":[{"name":"wp","href":"https:\/\/api.w.org\/{rel}","templated":true}]}}