{"id":52862,"date":"2020-06-28T17:33:40","date_gmt":"2020-06-28T16:33:41","guid":{"rendered":"https:\/\/www.customeeple.com\/?post_type=product&#038;p=52862"},"modified":"2020-07-11T18:09:44","modified_gmt":"2020-07-11T17:09:44","slug":"ordo-xenos-lord-inquisitor-kyria-draxus","status":"publish","type":"product","link":"https:\/\/www.customeeple.com\/es\/producto\/ordo-xenos-lord-inquisitor-kyria-draxus\/","title":{"rendered":"Ordo Xenos Lord Inquisitor Kyria Draxus"},"content":{"rendered":"<p>Kyria Draxus es una audaz Lord Inquisidor del Ordo Xenos especializada en la caza y la erradicaci\u00f3n de la amenaza Necron. Pragm\u00e1tica hasta el punto de la inmoralidad, otros Inquisitors la han considerado radical durante mucho tiempo, aunque ninguno podr\u00eda tildar sus acciones m\u00e1s dr\u00e1sticas de imprudentes. Todos sus actos y elecciones tienen un fundamento l\u00f3gico y meditado. Sin embargo, cuando ella act\u00faa, la Lord Inquisidor es tan implacable e imparable como el movimiento de las placas continentales.<\/p>\n<p>Como inquisidora del Ordo Xenos, Kyria Draxus es un a\u00f1adido perfecto para cualquier ej\u00e9rcito imperial que se enfrente a la amenaza alien\u00edgena. Armada con un pu\u00f1o de energ\u00eda y un arma shuriken Aeldari llamada Cantaendechas, Kyria Draxus est\u00e1 bien equipada para enfrentarse a la muerte a casi cualquier distancia. Tambi\u00e9n est\u00e1 acompa\u00f1ada por su familiar wyvach, Shang, a trav\u00e9s del cu\u00e1l puede canalizar su energ\u00eda ps\u00edquica.<\/p>\n<p>Kyria Draxus consta de 10 piezas de pl\u00e1stico e incluye una peana redonda Citadel de 32 mm. La hoja de datos de Warhammer 40,000 para Kyria Draxus viene incluida en la caja.<\/p>\n","protected":false},"excerpt":{"rendered":"<p>Games Workshop Miniature.<\/p>\n","protected":false},"featured_media":52803,"template":"","meta":{"_acf_changed":false},"product_brand":[],"product_cat":[1177,1180,1372,1623,1229],"product_tag":[1179],"class_list":{"0":"post-52862","1":"product","2":"type-product","3":"status-publish","4":"has-post-thumbnail","6":"product_cat-games-workshop-es","7":"product_cat-retail-products-es","8":"product_cat-sci-fi-es","9":"product_cat-wargames-es-2","10":"product_cat-warhammer-40k-es","11":"product_tag-gamesworkshop-es","13":"first","14":"onbackorder","15":"sale","16":"taxable","17":"shipping-taxable","18":"purchasable","19":"product-type-simple"},"exclude_global_add_ons":[],"addons":[],"acf":[],"_links":{"self":[{"href":"https:\/\/www.customeeple.com\/es\/wp-json\/wp\/v2\/product\/52862","targetHints":{"allow":["GET"]}}],"collection":[{"href":"https:\/\/www.customeeple.com\/es\/wp-json\/wp\/v2\/product"}],"about":[{"href":"https:\/\/www.customeeple.com\/es\/wp-json\/wp\/v2\/types\/product"}],"wp:featuredmedia":[{"embeddable":true,"href":"https:\/\/www.customeeple.com\/es\/wp-json\/wp\/v2\/media\/52803"}],"wp:attachment":[{"href":"https:\/\/www.customeeple.com\/es\/wp-json\/wp\/v2\/media?parent=52862"}],"wp:term":[{"taxonomy":"product_brand","embeddable":true,"href":"https:\/\/www.customeeple.com\/es\/wp-json\/wp\/v2\/product_brand?post=52862"},{"taxonomy":"product_cat","embeddable":true,"href":"https:\/\/www.customeeple.com\/es\/wp-json\/wp\/v2\/product_cat?post=52862"},{"taxonomy":"product_tag","embeddable":true,"href":"https:\/\/www.customeeple.com\/es\/wp-json\/wp\/v2\/product_tag?post=52862"}],"curies":[{"name":"wp","href":"https:\/\/api.w.org\/{rel}","templated":true}]}}