{"id":52860,"date":"2020-06-28T17:30:01","date_gmt":"2020-06-28T16:30:01","guid":{"rendered":"https:\/\/www.customeeple.com\/?post_type=product&#038;p=52860"},"modified":"2023-04-28T00:00:09","modified_gmt":"2023-04-27T23:00:09","slug":"illuminor-szeras","status":"publish","type":"product","link":"https:\/\/www.customeeple.com\/es\/producto\/illuminor-szeras\/","title":{"rendered":"Illuminor Szeras"},"content":{"rendered":"<p>El objetivo del Illuminor Szeras es desentra\u00f1ar los misterios de la vida, porque teme ser una especie de dios pobre sin los secretos de la vida a su alcance. Szeras ha estado al borde de la comprensi\u00f3n durante muchos siglos, pero de alguna manera la comprensi\u00f3n \u00faltima siempre se le ha escapado. Aunque \u00e9sta es su obsesi\u00f3n, su aptitud para aumentar el armamento e incluso los cuerpos mec\u00e1nicos de sus compa\u00f1eros Necrons es incomparable. En ocasiones, el talento de Szeras tienen tanta demanda que puede ponerle precio, que invariablemente suele ser una incursi\u00f3n dirigida contra un mundo de su elecci\u00f3n. Szeras aprecia por encima de todo a los s\u00fabditos Aeldari, ya que inevitablemente producen resultados m\u00e1s intrigantes que cualquier otro ser de la galaxia. Una vez confiscados, sus espec\u00edmenes pueden contar con una existencia llena de dolor, aunque no necesariamente breve, en las catacumbas del laboratorio de Zantragora.<\/p>\n<p>El Illuminor Szeras es una gran elecci\u00f3n de C.G. para el ej\u00e9rcito de Necrons, capaz de aumentar mec\u00e1nicamente a sus guerreros y llevarlos a nuevas cotas de potencia en el campo de batalla. Empu\u00f1a una lanza arcana, arma antigua y terrible que puede usarse para golpear a los enemigos a distancia o derribarlos en combate.<\/p>\n<p>Este set consta de 34 piezas de pl\u00e1stico e incluye una peana redonda Citadel de 80 mm. La hoja de datos actualizada de Warhammer 40,000 para el Illuminor Szeras viene incluida en la caja.<\/p>\n<p>Illuminor Szeras is a powerful HQ choice for the Necrons army, able to mechanically augment his warriors to new heights of battlefield potency. He wields an eldritch lance \u2013 an ancient and terrible weapon that can be used to smite foes from afar or strike them down in combat.<\/p>\n<p>This pack is supplied as 34 plastic components and comes with a Citadel 80mm Round Base. The updated Warhammer 40,000 datasheet for Illuminor Szeras is included in the box.<\/p>\n","protected":false},"excerpt":{"rendered":"<p>Games Workshop miniatures.<\/p>\n","protected":false},"featured_media":52801,"template":"","meta":{"_acf_changed":false},"product_brand":[],"product_cat":[1177,1180,1372,1623,1229],"product_tag":[1179],"class_list":{"0":"post-52860","1":"product","2":"type-product","3":"status-publish","4":"has-post-thumbnail","6":"product_cat-games-workshop-es","7":"product_cat-retail-products-es","8":"product_cat-sci-fi-es","9":"product_cat-wargames-es-2","10":"product_cat-warhammer-40k-es","11":"product_tag-gamesworkshop-es","13":"first","14":"onbackorder","15":"sale","16":"taxable","17":"shipping-taxable","18":"purchasable","19":"product-type-simple"},"exclude_global_add_ons":[],"addons":[],"acf":[],"_links":{"self":[{"href":"https:\/\/www.customeeple.com\/es\/wp-json\/wp\/v2\/product\/52860","targetHints":{"allow":["GET"]}}],"collection":[{"href":"https:\/\/www.customeeple.com\/es\/wp-json\/wp\/v2\/product"}],"about":[{"href":"https:\/\/www.customeeple.com\/es\/wp-json\/wp\/v2\/types\/product"}],"wp:featuredmedia":[{"embeddable":true,"href":"https:\/\/www.customeeple.com\/es\/wp-json\/wp\/v2\/media\/52801"}],"wp:attachment":[{"href":"https:\/\/www.customeeple.com\/es\/wp-json\/wp\/v2\/media?parent=52860"}],"wp:term":[{"taxonomy":"product_brand","embeddable":true,"href":"https:\/\/www.customeeple.com\/es\/wp-json\/wp\/v2\/product_brand?post=52860"},{"taxonomy":"product_cat","embeddable":true,"href":"https:\/\/www.customeeple.com\/es\/wp-json\/wp\/v2\/product_cat?post=52860"},{"taxonomy":"product_tag","embeddable":true,"href":"https:\/\/www.customeeple.com\/es\/wp-json\/wp\/v2\/product_tag?post=52860"}],"curies":[{"name":"wp","href":"https:\/\/api.w.org\/{rel}","templated":true}]}}