{"id":52792,"date":"2020-06-28T16:45:11","date_gmt":"2020-06-28T15:45:11","guid":{"rendered":"https:\/\/www.customeeple.com\/?post_type=product&#038;p=52792"},"modified":"2021-08-06T10:18:00","modified_gmt":"2021-08-06T09:18:00","slug":"hangar-sw-legion-base-tops","status":"publish","type":"product","link":"https:\/\/www.customeeple.com\/es\/producto\/hangar-sw-legion-base-tops\/","title":{"rendered":"Hangar SW: Legion Base tops"},"content":{"rendered":"<div class=\"infopreorder\">Por lo general, el tama\u00f1o de la base de una miniatura es diferente al tama\u00f1o de la parte superior de la base, por ejemplo, una base de 30 mm de M2E Malifaux tiene 25 mm dentro del hueco, por lo que si no est\u00e1 seguro de lo que necesita, puedes verificar el tama\u00f1o de correlaci\u00f3n de base con la parte superior de la base<a href=\"http:\/\/www.customeeple.com\/base-top-size-guide\/\">\u00a0aqu\u00ed.<\/a><\/div>\n<\/div>\n<p>Nuestras Cubiertas de bases son perfectas para mejorar el aspecto de tus miniaturas de <strong><a href=\"https:\/\/www.fantasyflightgames.com\/en\/products\/star-wars-legion\/\" target=\"_blank\" rel=\"noopener noreferrer\">Star Wars Legion<\/a><\/strong><\/p>\n<p>El producto incluye un set de finas cubiertas grabadas con el dise\u00f1o, preparadas para ser pegadas encima de las bases est\u00e1ndar de <strong><a href=\"https:\/\/www.fantasyflightgames.com\/en\/products\/star-wars-legion\/\" target=\"_blank\" rel=\"noopener noreferrer\">Star Wars Legion<\/a>,<\/strong> sin a\u00f1adir demasiado grosor. Encajan perfectamente en bases de 27, 50 y 70 mm. Las bases plasticas <strong>NO\u00a0<\/strong>se incluyen, se venden por separado.<\/p>\n<p>Todas las piezas est\u00e1n fabricadas en cart\u00f3n de alta densidad, una superficie de cart\u00f3n para modelismo muy resistente, similar al DM (MDF). Casi no se notar\u00e1 el grosor al pegarlo a la base ya que mide 0,32mm de alto.<\/p>\n<p>Este No es un producto oficial y no esta apoyado por <a href=\"https:\/\/www.fantasyflightgames.com\/\"><strong>fantasy flight games<\/strong>.<\/a><\/p>\n<div class=\"moreinfo\">\n<p><strong>Material:<\/strong>\u00a0Cart\u00f3n de alta densidad<\/p>\n<p><strong>Espesor:\u00a0<\/strong>0,32 mm<strong><br \/>\n<\/strong><\/p>\n<p><strong>Tama\u00f1o:\u00a0<\/strong>Varia<\/p>\n<p><strong>Cantidad:\u00a0<\/strong>2 0 5 cubiertas circulares decorativas<\/p>\n<\/div>\n<p><strong><a href=\"https:\/\/www.fantasyflightgames.com\/en\/products\/star-wars-legion\/\" target=\"_blank\" rel=\"noopener noreferrer\">Star Wars Legion <\/a><\/strong>es un juego publicado por <a href=\"https:\/\/www.fantasyflightgames.com\/\"><strong>\u00a0fantasy flight games<\/strong>.<\/a>\u00a0<strong>Customeeple<\/strong> no esta asociado con esta compa\u00f1\u00eda de ning\u00fan modo.<\/p>\n<p><strong>Nota:\u00a0<\/strong>Este producto se vende sin pintar ni montar. El pintado de la foto es s\u00f3lo una sugerencia de pintado.<\/p>\n","protected":false},"excerpt":{"rendered":"<p>Decoraci\u00f3n para crear bases personalizadas para <strong><a href=\"https:\/\/www.fantasyflightgames.com\/en\/products\/star-wars-legion\/\" target=\"_blank\" rel=\"noopener noreferrer\">Star Wars Legion<\/a><\/strong><\/p>\n","protected":false},"featured_media":52824,"template":"","meta":{"_acf_changed":false},"product_brand":[],"product_cat":[304,1370,1372,1410],"product_tag":[948,2083,1351,2082],"class_list":{"0":"post-52792","1":"product","2":"type-product","3":"status-publish","4":"has-post-thumbnail","6":"product_cat-bases-es","7":"product_cat-customeeple-es","8":"product_cat-sci-fi-es","9":"product_cat-star-wars-legion-es","10":"product_tag-imperial-assault-es","11":"product_tag-legion-es","12":"product_tag-star-wars-es","13":"product_tag-star-wars-legion-es","14":"pa_bsize-23mm-5-uds","15":"pa_bsize-24mm","16":"pa_bsize-25mm","17":"pa_bsize-26mm-5-units","19":"pa_bsize-s32","20":"pa_bsize-40s","21":"pa_bsize-1082","22":"pa_bsize-50s","23":"pa_bsize-50mm-2-units-swlegion-shape","24":"pa_bsize-567","25":"pa_bsize-s59","26":"pa_bsize-70mm-1-units-swlegion-shape","28":"first","29":"instock","30":"taxable","31":"shipping-taxable","32":"purchasable","33":"product-type-variable","34":"has-default-attributes"},"exclude_global_add_ons":[],"addons":[],"acf":[],"_links":{"self":[{"href":"https:\/\/www.customeeple.com\/es\/wp-json\/wp\/v2\/product\/52792","targetHints":{"allow":["GET"]}}],"collection":[{"href":"https:\/\/www.customeeple.com\/es\/wp-json\/wp\/v2\/product"}],"about":[{"href":"https:\/\/www.customeeple.com\/es\/wp-json\/wp\/v2\/types\/product"}],"wp:featuredmedia":[{"embeddable":true,"href":"https:\/\/www.customeeple.com\/es\/wp-json\/wp\/v2\/media\/52824"}],"wp:attachment":[{"href":"https:\/\/www.customeeple.com\/es\/wp-json\/wp\/v2\/media?parent=52792"}],"wp:term":[{"taxonomy":"product_brand","embeddable":true,"href":"https:\/\/www.customeeple.com\/es\/wp-json\/wp\/v2\/product_brand?post=52792"},{"taxonomy":"product_cat","embeddable":true,"href":"https:\/\/www.customeeple.com\/es\/wp-json\/wp\/v2\/product_cat?post=52792"},{"taxonomy":"product_tag","embeddable":true,"href":"https:\/\/www.customeeple.com\/es\/wp-json\/wp\/v2\/product_tag?post=52792"}],"curies":[{"name":"wp","href":"https:\/\/api.w.org\/{rel}","templated":true}]}}