{"id":52480,"date":"2020-05-01T20:52:06","date_gmt":"2020-05-01T19:52:07","guid":{"rendered":"https:\/\/www.customeeple.com\/?post_type=product&#038;p=52480"},"modified":"2022-04-07T10:03:06","modified_gmt":"2022-04-07T09:03:06","slug":"star-wars-legion-1-4-fd-laser","status":"publish","type":"product","link":"https:\/\/www.customeeple.com\/es\/producto\/star-wars-legion-1-4-fd-laser\/","title":{"rendered":"Star Wars Legi\u00f3n: 1.4 FD L\u00e1ser (SPA)"},"content":{"rendered":"<div class=\"p_collection\">\n<div id=\"primary_block\" class=\"clearfix\">\n<div class=\"add-top p_collection\">\n<div>\n<div class=\"p_collection\">Este pack de expansi\u00f3n para Star Wars: Legi\u00f3n contiene 1 miniatura de \u00a0Dotaci\u00f3n de ca\u00f1\u00f3n l\u00e1ser 1.4 FD esculpida con todo lujo de detalle, \u00a0suficiente para desplegar una unidad de Apoyo, adem\u00e1s de nuevas cartas \u00a0de Unidad y Mejora que podr\u00e1s utilizar en tus batallas.<\/div>\n<\/div>\n<\/div>\n<\/div>\n<\/div>\n","protected":false},"excerpt":{"rendered":"<p>Boardgame.<\/p>\n","protected":false},"featured_media":52484,"template":"","meta":{"_acf_changed":false},"product_brand":[],"product_cat":[1180,1372,1410,1623],"product_tag":[1264,1280,1351],"class_list":{"0":"post-52480","1":"product","2":"type-product","3":"status-publish","4":"has-post-thumbnail","6":"product_cat-retail-products-es","7":"product_cat-sci-fi-es","8":"product_cat-star-wars-legion-es","9":"product_cat-wargames-es-2","10":"product_tag-boardgame-es","11":"product_tag-juego-de-mesa-es","12":"product_tag-star-wars-es","14":"first","15":"onbackorder","16":"sale","17":"taxable","18":"shipping-taxable","19":"purchasable","20":"product-type-simple"},"exclude_global_add_ons":[],"addons":[],"acf":[],"_links":{"self":[{"href":"https:\/\/www.customeeple.com\/es\/wp-json\/wp\/v2\/product\/52480","targetHints":{"allow":["GET"]}}],"collection":[{"href":"https:\/\/www.customeeple.com\/es\/wp-json\/wp\/v2\/product"}],"about":[{"href":"https:\/\/www.customeeple.com\/es\/wp-json\/wp\/v2\/types\/product"}],"wp:featuredmedia":[{"embeddable":true,"href":"https:\/\/www.customeeple.com\/es\/wp-json\/wp\/v2\/media\/52484"}],"wp:attachment":[{"href":"https:\/\/www.customeeple.com\/es\/wp-json\/wp\/v2\/media?parent=52480"}],"wp:term":[{"taxonomy":"product_brand","embeddable":true,"href":"https:\/\/www.customeeple.com\/es\/wp-json\/wp\/v2\/product_brand?post=52480"},{"taxonomy":"product_cat","embeddable":true,"href":"https:\/\/www.customeeple.com\/es\/wp-json\/wp\/v2\/product_cat?post=52480"},{"taxonomy":"product_tag","embeddable":true,"href":"https:\/\/www.customeeple.com\/es\/wp-json\/wp\/v2\/product_tag?post=52480"}],"curies":[{"name":"wp","href":"https:\/\/api.w.org\/{rel}","templated":true}]}}