{"id":52294,"date":"2020-04-06T11:00:52","date_gmt":"2020-04-06T10:00:52","guid":{"rendered":"https:\/\/www.customeeple.com\/?post_type=product&#038;p=52294"},"modified":"2020-11-07T20:01:14","modified_gmt":"2020-11-07T19:01:14","slug":"operation-kaldstrom-spa","status":"publish","type":"product","link":"https:\/\/www.customeeple.com\/es\/producto\/operation-kaldstrom-spa\/","title":{"rendered":"Operation: Kaldstr\u00f8m (SPA)"},"content":{"rendered":"<p><i>Kaldstr\u00f8m Battle Pack<\/i>\u00a0es una caja que contiene 14 miniaturas pertenecientes a dos ej\u00e9rcitos distintos, un reglamento introductorio, escenograf\u00eda de cart\u00f3n, dados\u2026 todo lo que necesitas para comenzar a coleccionar\u00a0<strong>Infinity CodeOne<\/strong>\u00a0o para completar tu colecci\u00f3n.<\/p>\n<div>\n<p>Adem\u00e1s,\u00a0<i>Operation: Kaldstr\u00f8m<\/i>\u00a0es la manera de introducirte en el reglamento de<strong>\u00a0Infinity CodeOne<\/strong>, ya que incluye un libreto a todo color con 5 misiones tutoriales para aprender a jugar, facilitando la comprensi\u00f3n de la mec\u00e1nica de juego de\u00a0<strong>Infinity CodeOne<\/strong>.<\/p>\n<p>Este libreto tambi\u00e9n incluye el trasfondo y los perfiles de tropa de las tropas que contiene el Battle Pack, junto con una gu\u00eda del Universo Infinity y consejos sobre c\u00f3mo profundizar m\u00e1s en \u00e9l.<\/p>\n<p><i>Operation: Kaldstr\u00f8m<\/i>\u00a0contiene 2 Starter Packs completamente nuevos de dos facciones diferentes: PanOcean\u00eda, la hiperpotencia en el Universo Infinity, y Yu Jing, su eterno rival. Un total de 14 miniaturas de metal de gran calidad y detalle.<\/p>\n<p>To complete the game experience, the Battle Pack includes a ready-to-play, double-sided printed cardboard scenery (4 Buildings, 4 Holoads, 2 Public Consoles, and 9 Blast Barriers), a Game Mat, 6 twenty-sided dices (3 for PanOceania and 3 for Yu Jing), and also cardboard Markers, Templates and a measuring tool. Everything you need to start playing!<\/p>\n<p>Corvus Belli will put Operation Kaldstrom up for sale during an exclusive pre-order from 16 March to 3 April, which will include a special miniature for free: \u201cKunai S. Mercenary Ninja\u201d.<\/p>\n<\/div>\n<hr \/>\n<p class=\"ng-star-inserted\">Caja\u00a0con<\/p>\n<div>\n<ul>\n<li>3 Fusileros<\/li>\n<li>1 Tropa Orco WinterFor<\/li>\n<li>1 N\u00f8kken, Equipo Especial de Reconocimiento e Intervenci\u00f3n<\/li>\n<li>1 Infirmarers de San L\u00e1zaro<\/li>\n<li>1 Caballero de Justicia (KOJ) de la Orden del Hospital<\/li>\n<li>3 Zhanshi<\/li>\n<li>1 Daofei, Secci\u00f3n T\u00e1ctica<\/li>\n<li>1 Batidor Guilang<\/li>\n<li>1 H\u00f9nd\u00f9n, Unidad de Emboscada<\/li>\n<li>1 Jujak Regiment, Infanter\u00eda de Choque Coreana<\/li>\n<\/ul>\n<\/div>\n<hr \/>\n<div class=\"mt-4\">\n<ul>\n<li><strong><i>Este producto no es un juguete.<\/i><\/strong>\u00a0\u00a0<i>No est\u00e1 pensado para ser usado por personas de 14 a\u00f1os o menos.<\/i><\/li>\n<li><i>Las miniaturas incluidas en nuestros productos se proveen sin pintar. Tambi\u00e9n puede requerir ensamblado. Los componentes reales pueden variar de los mostrados.<\/i><\/li>\n<\/ul>\n<\/div>\n","protected":false},"excerpt":{"rendered":"<p>Infinity miniatures.<\/p>\n","protected":false},"featured_media":52275,"template":"","meta":{"_acf_changed":false},"product_brand":[],"product_cat":[291,1653,1555,348,1668,1195,1180,1372,1185],"product_tag":[151,1271,1186],"class_list":{"0":"post-52294","1":"product","2":"type-product","3":"status-publish","4":"has-post-thumbnail","6":"product_cat-infinity-es-2","7":"product_cat-boardgames","8":"product_cat-miniature-games-es","9":"product_cat-lote-infinity-es-2","10":"product_cat-miniatures-es","11":"product_cat-pan0ceania-es","12":"product_cat-retail-products-es","13":"product_cat-sci-fi-es","14":"product_cat-yu-jing-es","15":"product_tag-infinity-es","16":"product_tag-pan0ceania-es","17":"product_tag-yujing-es","19":"first","20":"onbackorder","21":"sale","22":"taxable","23":"shipping-taxable","24":"purchasable","25":"product-type-simple"},"exclude_global_add_ons":[],"addons":[],"acf":[],"_links":{"self":[{"href":"https:\/\/www.customeeple.com\/es\/wp-json\/wp\/v2\/product\/52294","targetHints":{"allow":["GET"]}}],"collection":[{"href":"https:\/\/www.customeeple.com\/es\/wp-json\/wp\/v2\/product"}],"about":[{"href":"https:\/\/www.customeeple.com\/es\/wp-json\/wp\/v2\/types\/product"}],"wp:featuredmedia":[{"embeddable":true,"href":"https:\/\/www.customeeple.com\/es\/wp-json\/wp\/v2\/media\/52275"}],"wp:attachment":[{"href":"https:\/\/www.customeeple.com\/es\/wp-json\/wp\/v2\/media?parent=52294"}],"wp:term":[{"taxonomy":"product_brand","embeddable":true,"href":"https:\/\/www.customeeple.com\/es\/wp-json\/wp\/v2\/product_brand?post=52294"},{"taxonomy":"product_cat","embeddable":true,"href":"https:\/\/www.customeeple.com\/es\/wp-json\/wp\/v2\/product_cat?post=52294"},{"taxonomy":"product_tag","embeddable":true,"href":"https:\/\/www.customeeple.com\/es\/wp-json\/wp\/v2\/product_tag?post=52294"}],"curies":[{"name":"wp","href":"https:\/\/api.w.org\/{rel}","templated":true}]}}