{"id":52015,"date":"2020-03-18T13:49:29","date_gmt":"2020-03-18T12:49:29","guid":{"rendered":"https:\/\/www.customeeple.com\/product\/citadel-small-base-brush-s-base\/"},"modified":"2025-01-10T17:12:10","modified_gmt":"2025-01-10T16:12:10","slug":"citadel-small-base-brush-s-base","status":"publish","type":"product","link":"https:\/\/www.customeeple.com\/es\/producto\/citadel-small-base-brush-s-base\/","title":{"rendered":"Pinceles Citadel"},"content":{"rendered":"<p>Selecci\u00f3n de pinceles que facilitar\u00e1n usar el Sistema de Pintura Citadel para los principiantes y tambi\u00e9n para los veteranos.<\/p>\n","protected":false},"excerpt":{"rendered":"<p>Pincel Citadel.<\/p>\n","protected":false},"featured_media":52017,"template":"","meta":{"_acf_changed":false},"product_brand":[],"product_cat":[1177,1405,1401,1180,1623],"product_tag":[1857,1179,1856,1630],"class_list":{"0":"post-52015","1":"product","2":"type-product","3":"status-publish","4":"has-post-thumbnail","6":"product_cat-games-workshop-es","7":"product_cat-herramientas","8":"product_cat-pintura-y-modelismo","9":"product_cat-retail-products-es","10":"product_cat-wargames-es-2","11":"product_tag-brush-es","12":"product_tag-gamesworkshop-es","13":"product_tag-paintbrush-es","14":"product_tag-paints-es","16":"first","17":"instock","18":"sale","19":"taxable","20":"shipping-taxable","21":"purchasable","22":"product-type-variable"},"exclude_global_add_ons":[],"addons":[],"acf":[],"_links":{"self":[{"href":"https:\/\/www.customeeple.com\/es\/wp-json\/wp\/v2\/product\/52015","targetHints":{"allow":["GET"]}}],"collection":[{"href":"https:\/\/www.customeeple.com\/es\/wp-json\/wp\/v2\/product"}],"about":[{"href":"https:\/\/www.customeeple.com\/es\/wp-json\/wp\/v2\/types\/product"}],"wp:featuredmedia":[{"embeddable":true,"href":"https:\/\/www.customeeple.com\/es\/wp-json\/wp\/v2\/media\/52017"}],"wp:attachment":[{"href":"https:\/\/www.customeeple.com\/es\/wp-json\/wp\/v2\/media?parent=52015"}],"wp:term":[{"taxonomy":"product_brand","embeddable":true,"href":"https:\/\/www.customeeple.com\/es\/wp-json\/wp\/v2\/product_brand?post=52015"},{"taxonomy":"product_cat","embeddable":true,"href":"https:\/\/www.customeeple.com\/es\/wp-json\/wp\/v2\/product_cat?post=52015"},{"taxonomy":"product_tag","embeddable":true,"href":"https:\/\/www.customeeple.com\/es\/wp-json\/wp\/v2\/product_tag?post=52015"}],"curies":[{"name":"wp","href":"https:\/\/api.w.org\/{rel}","templated":true}]}}