{"id":51817,"date":"2020-03-15T13:46:21","date_gmt":"2020-03-15T12:46:21","guid":{"rendered":"https:\/\/www.customeeple.com\/?post_type=product&#038;p=51817"},"modified":"2024-05-27T10:05:49","modified_gmt":"2024-05-27T09:05:49","slug":"bohnanza-esp","status":"publish","type":"product","link":"https:\/\/www.customeeple.com\/es\/producto\/bohnanza-esp\/","title":{"rendered":"Bohnanza (ESP)"},"content":{"rendered":"<div class=\"product attribute overview\">\n<div class=\"value\">\n<p id=\"u980756-2\">Nuestro cl\u00e1sico juego de negociaci\u00f3n con jud\u00edas vuelve en su versi\u00f3n cl\u00e1sica, en un formato para llevar a todas partes y con un reglamento renovado.<\/p>\n<p id=\"u980756-5\">En Bohnanza los jugadores compiten por ser el mejor agricultor de todos, deben coleccionar jud\u00edas y venderlas para ganar monedas. Esto podr\u00eda ser f\u00e1cil, si no fuera porque s\u00f3lo se puede ir plantando por orden y por tipos de jud\u00edas y esto no siempre se consigue. A menudo har\u00e1 falta valerse de buenas negociaciones con los dem\u00e1s jugadores para salir ganando.<\/p>\n<p id=\"u980756-8\">Un juego de cartas estrat\u00e9gico y de negociaci\u00f3n, no apto para tiernos guisantes.<\/p>\n<\/div>\n<\/div>\n<p><strong>Cantidad de jugadores:<\/strong> 3-5<\/p>\n<p><strong>Duraci\u00f3n:<\/strong> 45 minutos<\/p>\n<p><strong>Edad:<\/strong> +10 a\u00f1os<\/p>\n","protected":false},"excerpt":{"rendered":"<p>Boardgame.<\/p>\n","protected":false},"featured_media":52143,"template":"","meta":{"_acf_changed":false},"product_brand":[],"product_cat":[1561,1557,1653,1180],"product_tag":[1264,1280],"class_list":{"0":"post-51817","1":"product","2":"type-product","3":"status-publish","4":"has-post-thumbnail","6":"product_cat-familiar-es","7":"product_cat-card-game-es","8":"product_cat-boardgames","9":"product_cat-retail-products-es","10":"product_tag-boardgame-es","11":"product_tag-juego-de-mesa-es","13":"first","14":"onbackorder","15":"sale","16":"taxable","17":"shipping-taxable","18":"purchasable","19":"product-type-simple"},"exclude_global_add_ons":[],"addons":[],"acf":[],"_links":{"self":[{"href":"https:\/\/www.customeeple.com\/es\/wp-json\/wp\/v2\/product\/51817","targetHints":{"allow":["GET"]}}],"collection":[{"href":"https:\/\/www.customeeple.com\/es\/wp-json\/wp\/v2\/product"}],"about":[{"href":"https:\/\/www.customeeple.com\/es\/wp-json\/wp\/v2\/types\/product"}],"wp:featuredmedia":[{"embeddable":true,"href":"https:\/\/www.customeeple.com\/es\/wp-json\/wp\/v2\/media\/52143"}],"wp:attachment":[{"href":"https:\/\/www.customeeple.com\/es\/wp-json\/wp\/v2\/media?parent=51817"}],"wp:term":[{"taxonomy":"product_brand","embeddable":true,"href":"https:\/\/www.customeeple.com\/es\/wp-json\/wp\/v2\/product_brand?post=51817"},{"taxonomy":"product_cat","embeddable":true,"href":"https:\/\/www.customeeple.com\/es\/wp-json\/wp\/v2\/product_cat?post=51817"},{"taxonomy":"product_tag","embeddable":true,"href":"https:\/\/www.customeeple.com\/es\/wp-json\/wp\/v2\/product_tag?post=51817"}],"curies":[{"name":"wp","href":"https:\/\/api.w.org\/{rel}","templated":true}]}}