{"id":51795,"date":"2020-03-15T13:15:48","date_gmt":"2020-03-15T12:15:48","guid":{"rendered":"https:\/\/www.customeeple.com\/?post_type=product&#038;p=51795"},"modified":"2020-03-15T13:34:46","modified_gmt":"2020-03-15T12:34:46","slug":"set-esp","status":"publish","type":"product","link":"https:\/\/www.customeeple.com\/es\/producto\/set-esp\/","title":{"rendered":"SET (ESP)"},"content":{"rendered":"<div class=\"product attribute overview\">\n<div class=\"value\">\n<p>Las 81 cartas de SET son todas diferentes. Cada una tiene 4 caracter\u00edsticas: s\u00edmbolo, color, cantidad de\u00a0s\u00edmbolos y fondo.<br \/>\nUn SET es un grupo de tres cartas donde cada una de las caracter\u00edsticas es igual en todas o diferente en\u00a0cada una de ellas. Se colocar\u00e1n 12 cartas en el centro de la mesa y todos los jugadores simultaneamente\u00a0buscar\u00e1n SETs. El primero en encontrar uno ganar\u00e1 las cartas y se rellenar\u00e1 la mesa. El jugador que m\u00e1s\u00a0SETs encuentre ganar\u00e1.<\/p>\n<p>Este juego dispone de 49 cartas y las corresponden fundas de 60x90mm<\/p>\n<\/div>\n<\/div>\n<p><strong>Cantidad de jugadores:<\/strong> 2,3,4,5,6 +<\/p>\n<p><strong>Duraci\u00f3n:<\/strong> 30<\/p>\n<p><strong>Edad:<\/strong> +8 a\u00f1os<\/p>\n","protected":false},"excerpt":{"rendered":"<p>Boardgame.<\/p>\n","protected":false},"featured_media":51797,"template":"","meta":{"_acf_changed":false},"product_brand":[],"product_cat":[1561,1564,1557,1653,1180],"product_tag":[1264,1280],"class_list":{"0":"post-51795","1":"product","2":"type-product","3":"status-publish","4":"has-post-thumbnail","6":"product_cat-familiar-es","7":"product_cat-childrens-es","8":"product_cat-card-game-es","9":"product_cat-boardgames","10":"product_cat-retail-products-es","11":"product_tag-boardgame-es","12":"product_tag-juego-de-mesa-es","14":"first","15":"onbackorder","16":"sale","17":"taxable","18":"shipping-taxable","19":"purchasable","20":"product-type-simple"},"exclude_global_add_ons":[],"addons":[],"acf":[],"_links":{"self":[{"href":"https:\/\/www.customeeple.com\/es\/wp-json\/wp\/v2\/product\/51795","targetHints":{"allow":["GET"]}}],"collection":[{"href":"https:\/\/www.customeeple.com\/es\/wp-json\/wp\/v2\/product"}],"about":[{"href":"https:\/\/www.customeeple.com\/es\/wp-json\/wp\/v2\/types\/product"}],"wp:featuredmedia":[{"embeddable":true,"href":"https:\/\/www.customeeple.com\/es\/wp-json\/wp\/v2\/media\/51797"}],"wp:attachment":[{"href":"https:\/\/www.customeeple.com\/es\/wp-json\/wp\/v2\/media?parent=51795"}],"wp:term":[{"taxonomy":"product_brand","embeddable":true,"href":"https:\/\/www.customeeple.com\/es\/wp-json\/wp\/v2\/product_brand?post=51795"},{"taxonomy":"product_cat","embeddable":true,"href":"https:\/\/www.customeeple.com\/es\/wp-json\/wp\/v2\/product_cat?post=51795"},{"taxonomy":"product_tag","embeddable":true,"href":"https:\/\/www.customeeple.com\/es\/wp-json\/wp\/v2\/product_tag?post=51795"}],"curies":[{"name":"wp","href":"https:\/\/api.w.org\/{rel}","templated":true}]}}