{"id":51774,"date":"2020-03-15T12:41:11","date_gmt":"2020-03-15T11:41:12","guid":{"rendered":"https:\/\/www.customeeple.com\/?post_type=product&#038;p=51774"},"modified":"2020-03-15T13:13:07","modified_gmt":"2020-03-15T12:13:07","slug":"labyrintix-esp","status":"publish","type":"product","link":"https:\/\/www.customeeple.com\/es\/producto\/labyrintix-esp\/","title":{"rendered":"Labyrintix (ESP)"},"content":{"rendered":"<div class=\"product attribute overview\">\n<div class=\"value\">\n<p>Djeco nos trae este juego de observaci\u00f3n y rapidez, muy divertido de jugar. Labyrintix es un juego que fomenta la percepci\u00f3n espacial, el pensamiento l\u00f3gico y la atenci\u00f3n.<\/p>\n<p>DEBER\u00c1S SER EL M\u00c1S R\u00c1PIDO PARA GANAR<\/p>\n<p>Este juego consta de 32 niveles, y en cada uno de ellos, el objetivo es\u00a0descifrar el c\u00f3digo de flechas para salir lo m\u00e1s r\u00e1pido posible del laberinto y as\u00ed poder coger el t\u00f3tem el primero.<\/p>\n<p>CONTIENE:<\/p>\n<ul>\n<li>4 t\u00f3tems<\/li>\n<li>32 cartas de niveles<\/li>\n<li>instrucciones en 12 idiomas<\/li>\n<\/ul>\n<\/div>\n<\/div>\n<div class=\"additional-attributes-wrapper table-wrapper\"><\/div>\n<p><strong>Cantidad de jugadores:<\/strong> 1,2,3,4,5,6<\/p>\n<p><strong>Duraci\u00f3n:<\/strong> 20<\/p>\n<p><strong>Edad:<\/strong> +8 a\u00f1os<\/p>\n","protected":false},"excerpt":{"rendered":"<p>Boardgame.<\/p>\n","protected":false},"featured_media":51776,"template":"","meta":{"_acf_changed":false},"product_brand":[],"product_cat":[1561,1564,1653,1180],"product_tag":[1264,1280],"class_list":{"0":"post-51774","1":"product","2":"type-product","3":"status-publish","4":"has-post-thumbnail","6":"product_cat-familiar-es","7":"product_cat-childrens-es","8":"product_cat-boardgames","9":"product_cat-retail-products-es","10":"product_tag-boardgame-es","11":"product_tag-juego-de-mesa-es","13":"first","14":"onbackorder","15":"taxable","16":"shipping-taxable","17":"purchasable","18":"product-type-simple"},"exclude_global_add_ons":[],"addons":[],"acf":[],"_links":{"self":[{"href":"https:\/\/www.customeeple.com\/es\/wp-json\/wp\/v2\/product\/51774","targetHints":{"allow":["GET"]}}],"collection":[{"href":"https:\/\/www.customeeple.com\/es\/wp-json\/wp\/v2\/product"}],"about":[{"href":"https:\/\/www.customeeple.com\/es\/wp-json\/wp\/v2\/types\/product"}],"wp:featuredmedia":[{"embeddable":true,"href":"https:\/\/www.customeeple.com\/es\/wp-json\/wp\/v2\/media\/51776"}],"wp:attachment":[{"href":"https:\/\/www.customeeple.com\/es\/wp-json\/wp\/v2\/media?parent=51774"}],"wp:term":[{"taxonomy":"product_brand","embeddable":true,"href":"https:\/\/www.customeeple.com\/es\/wp-json\/wp\/v2\/product_brand?post=51774"},{"taxonomy":"product_cat","embeddable":true,"href":"https:\/\/www.customeeple.com\/es\/wp-json\/wp\/v2\/product_cat?post=51774"},{"taxonomy":"product_tag","embeddable":true,"href":"https:\/\/www.customeeple.com\/es\/wp-json\/wp\/v2\/product_tag?post=51774"}],"curies":[{"name":"wp","href":"https:\/\/api.w.org\/{rel}","templated":true}]}}