{"id":51753,"date":"2020-03-15T11:56:05","date_gmt":"2020-03-15T10:56:05","guid":{"rendered":"https:\/\/www.customeeple.com\/?post_type=product&#038;p=51753"},"modified":"2020-03-15T12:29:07","modified_gmt":"2020-03-15T11:29:07","slug":"saboteur-deluxe-basico-expansion-esp","status":"publish","type":"product","link":"https:\/\/www.customeeple.com\/es\/producto\/saboteur-deluxe-basico-expansion-esp\/","title":{"rendered":"SABOTEUR DELUXE BASICO + EXPANSION (ESP)"},"content":{"rendered":"<div class=\"product attribute overview\">\n<div class=\"value\"><strong>\u00a1Nueva edici\u00f3n con expansi\u00f3n inclu\u00edda!<\/strong>\u00a0Si te gusta fastidiar a tus contrincantes, \u00e9ste es tu juego. Saboteur es un rap\u00eddisimo juego de cartas en el que tendr\u00e1s ser el que m\u00e1s pepitas de oro acumule. Tienes tres rondas para conseguirlo pero, \u00a1ojo!, cuidado con los enanos que sabotean tu b\u00fasqueda.<\/div>\n<\/div>\n<div class=\"additional-attributes-wrapper table-wrapper\"><\/div>\n<p><strong>Cantidad de jugadores:<\/strong> 3, 4, 5, 6, 7, 8, +8<\/p>\n<p><strong>Duraci\u00f3n:<\/strong> 30<\/p>\n<p><strong>Edad:<\/strong> +8 a\u00f1os<\/p>\n","protected":false},"excerpt":{"rendered":"<p>Boardgame.<\/p>\n","protected":false},"featured_media":51755,"template":"","meta":{"_acf_changed":false},"product_brand":[],"product_cat":[1557,1653,2347,1180],"product_tag":[1264,1280],"class_list":{"0":"post-51753","1":"product","2":"type-product","3":"status-publish","4":"has-post-thumbnail","6":"product_cat-card-game-es","7":"product_cat-boardgames","8":"product_cat-mercurio-es","9":"product_cat-retail-products-es","10":"product_tag-boardgame-es","11":"product_tag-juego-de-mesa-es","13":"first","14":"onbackorder","15":"sale","16":"taxable","17":"shipping-taxable","18":"purchasable","19":"product-type-simple"},"exclude_global_add_ons":[],"addons":[],"acf":[],"_links":{"self":[{"href":"https:\/\/www.customeeple.com\/es\/wp-json\/wp\/v2\/product\/51753","targetHints":{"allow":["GET"]}}],"collection":[{"href":"https:\/\/www.customeeple.com\/es\/wp-json\/wp\/v2\/product"}],"about":[{"href":"https:\/\/www.customeeple.com\/es\/wp-json\/wp\/v2\/types\/product"}],"wp:featuredmedia":[{"embeddable":true,"href":"https:\/\/www.customeeple.com\/es\/wp-json\/wp\/v2\/media\/51755"}],"wp:attachment":[{"href":"https:\/\/www.customeeple.com\/es\/wp-json\/wp\/v2\/media?parent=51753"}],"wp:term":[{"taxonomy":"product_brand","embeddable":true,"href":"https:\/\/www.customeeple.com\/es\/wp-json\/wp\/v2\/product_brand?post=51753"},{"taxonomy":"product_cat","embeddable":true,"href":"https:\/\/www.customeeple.com\/es\/wp-json\/wp\/v2\/product_cat?post=51753"},{"taxonomy":"product_tag","embeddable":true,"href":"https:\/\/www.customeeple.com\/es\/wp-json\/wp\/v2\/product_tag?post=51753"}],"curies":[{"name":"wp","href":"https:\/\/api.w.org\/{rel}","templated":true}]}}