{"id":51749,"date":"2020-03-15T10:58:42","date_gmt":"2020-03-15T09:58:43","guid":{"rendered":"https:\/\/www.customeeple.com\/?post_type=product&#038;p=51749"},"modified":"2020-03-15T12:28:00","modified_gmt":"2020-03-15T11:28:00","slug":"pixel-tangram-esp","status":"publish","type":"product","link":"https:\/\/www.customeeple.com\/es\/producto\/pixel-tangram-esp\/","title":{"rendered":"Pixel Tangram (ESP)"},"content":{"rendered":"<p>Consigue crear los extraterrestres de las tarjetas pieza a pieza. Necesitar\u00e1s mucha concentraci\u00f3n y reflexi\u00f3n para encontrar la pieza y la posici\u00f3n correcta para poder crear el mosaico. \u00a1Todas se parecen mucho! Pero no te preocupes, solo necesitar\u00e1s una buena orientaci\u00f3n espacial y mucha atenci\u00f3n para crear la imagen paso a paso.<\/p>\n<p><strong>Cantidad de jugadores:<\/strong> 1<\/p>\n<p><strong>Duraci\u00f3n:<\/strong> ?<\/p>\n<p><strong>Edad:<\/strong> +7 a\u00f1os<\/p>\n","protected":false},"excerpt":{"rendered":"<p>Boardgame.<\/p>\n","protected":false},"featured_media":51751,"template":"","meta":{"_acf_changed":false},"product_brand":[],"product_cat":[1990,1561,1564,1653,1180],"product_tag":[1264,1280],"class_list":{"0":"post-51749","1":"product","2":"type-product","3":"status-publish","4":"has-post-thumbnail","6":"product_cat-djeco","7":"product_cat-familiar-es","8":"product_cat-childrens-es","9":"product_cat-boardgames","10":"product_cat-retail-products-es","11":"product_tag-boardgame-es","12":"product_tag-juego-de-mesa-es","14":"first","15":"onbackorder","16":"taxable","17":"shipping-taxable","18":"purchasable","19":"product-type-simple"},"exclude_global_add_ons":[],"addons":[],"acf":[],"_links":{"self":[{"href":"https:\/\/www.customeeple.com\/es\/wp-json\/wp\/v2\/product\/51749","targetHints":{"allow":["GET"]}}],"collection":[{"href":"https:\/\/www.customeeple.com\/es\/wp-json\/wp\/v2\/product"}],"about":[{"href":"https:\/\/www.customeeple.com\/es\/wp-json\/wp\/v2\/types\/product"}],"wp:featuredmedia":[{"embeddable":true,"href":"https:\/\/www.customeeple.com\/es\/wp-json\/wp\/v2\/media\/51751"}],"wp:attachment":[{"href":"https:\/\/www.customeeple.com\/es\/wp-json\/wp\/v2\/media?parent=51749"}],"wp:term":[{"taxonomy":"product_brand","embeddable":true,"href":"https:\/\/www.customeeple.com\/es\/wp-json\/wp\/v2\/product_brand?post=51749"},{"taxonomy":"product_cat","embeddable":true,"href":"https:\/\/www.customeeple.com\/es\/wp-json\/wp\/v2\/product_cat?post=51749"},{"taxonomy":"product_tag","embeddable":true,"href":"https:\/\/www.customeeple.com\/es\/wp-json\/wp\/v2\/product_tag?post=51749"}],"curies":[{"name":"wp","href":"https:\/\/api.w.org\/{rel}","templated":true}]}}