{"id":51741,"date":"2020-03-15T10:45:32","date_gmt":"2020-03-15T09:45:32","guid":{"rendered":"https:\/\/www.customeeple.com\/?post_type=product&#038;p=51741"},"modified":"2025-11-09T09:14:59","modified_gmt":"2025-11-09T08:14:59","slug":"polyssimo-esp","status":"publish","type":"product","link":"https:\/\/www.customeeple.com\/es\/producto\/polyssimo-esp\/","title":{"rendered":"Polyssimo (ESP)"},"content":{"rendered":"<p>\u00bfJugamos al Tetris? Este divertido juego de ingenio, ser\u00e1 todo un desaf\u00edo para las mentes de grandes y peque\u00f1os. Polyssimo incluye 30 cartas de retos, donde se indica la posici\u00f3n de las piezas de inicio. El objetivo es completar todo el recuadro con el resto de las piezas. \u00a1Para cada desaf\u00edo solamente hay una soluci\u00f3n correcta!<\/p>\n<p><strong>Cantidad de jugadores:<\/strong> 2-4<\/p>\n<p><strong>Duraci\u00f3n:<\/strong> ?<\/p>\n<p><strong>Edad:<\/strong> +7 a\u00f1os<\/p>\n","protected":false},"excerpt":{"rendered":"<p>Boardgame.<\/p>\n","protected":false},"featured_media":51743,"template":"","meta":{"_acf_changed":false},"product_brand":[],"product_cat":[1990,1561,1564,1557,1653,1180],"product_tag":[1264,1280],"class_list":{"0":"post-51741","1":"product","2":"type-product","3":"status-publish","4":"has-post-thumbnail","6":"product_cat-djeco","7":"product_cat-familiar-es","8":"product_cat-childrens-es","9":"product_cat-card-game-es","10":"product_cat-boardgames","11":"product_cat-retail-products-es","12":"product_tag-boardgame-es","13":"product_tag-juego-de-mesa-es","15":"first","16":"instock","17":"taxable","18":"shipping-taxable","19":"purchasable","20":"product-type-simple"},"exclude_global_add_ons":[],"addons":[],"acf":[],"_links":{"self":[{"href":"https:\/\/www.customeeple.com\/es\/wp-json\/wp\/v2\/product\/51741","targetHints":{"allow":["GET"]}}],"collection":[{"href":"https:\/\/www.customeeple.com\/es\/wp-json\/wp\/v2\/product"}],"about":[{"href":"https:\/\/www.customeeple.com\/es\/wp-json\/wp\/v2\/types\/product"}],"wp:featuredmedia":[{"embeddable":true,"href":"https:\/\/www.customeeple.com\/es\/wp-json\/wp\/v2\/media\/51743"}],"wp:attachment":[{"href":"https:\/\/www.customeeple.com\/es\/wp-json\/wp\/v2\/media?parent=51741"}],"wp:term":[{"taxonomy":"product_brand","embeddable":true,"href":"https:\/\/www.customeeple.com\/es\/wp-json\/wp\/v2\/product_brand?post=51741"},{"taxonomy":"product_cat","embeddable":true,"href":"https:\/\/www.customeeple.com\/es\/wp-json\/wp\/v2\/product_cat?post=51741"},{"taxonomy":"product_tag","embeddable":true,"href":"https:\/\/www.customeeple.com\/es\/wp-json\/wp\/v2\/product_tag?post=51741"}],"curies":[{"name":"wp","href":"https:\/\/api.w.org\/{rel}","templated":true}]}}