{"id":51733,"date":"2020-03-15T10:36:38","date_gmt":"2020-03-15T09:36:38","guid":{"rendered":"https:\/\/www.customeeple.com\/?post_type=product&#038;p=51733"},"modified":"2020-03-15T12:27:04","modified_gmt":"2020-03-15T11:27:04","slug":"piko-piko-el-gusanito-esp","status":"publish","type":"product","link":"https:\/\/www.customeeple.com\/es\/producto\/piko-piko-el-gusanito-esp\/","title":{"rendered":"Piko Piko el gusanito (ESP)"},"content":{"rendered":"<div class=\"p_collection\">\n<div id=\"primary_block\" class=\"clearfix\">\n<div class=\"add-top p_collection\">\n<p>Divertido juego de dados para toda la familia. Consigue las raciones de gusanos de m\u00e1s valor de la parrilla lanzando los dados. Pero decide bien si lanzar o no m\u00e1s dados: puedes quedarte sin raci\u00f3n.<\/p>\n<\/div>\n<\/div>\n<\/div>\n<div class=\"product_components double-top add-border\">\n<div>\n<p><strong>Contenido<\/strong>: 8 dados, 16 fichas de raciones y reglas en espa\u00f1ol<\/p>\n<p><strong>Cantidad de jugadores<\/strong>: 2 a 7 jugadores<\/p>\n<p><strong>Duraci\u00f3n<\/strong>: 20-30 minutos<\/p>\n<p><strong>Edad<\/strong>: +8 a\u00f1os<\/p>\n<p><strong>Idioma<\/strong>: Espa\u00f1ol<\/p>\n<\/div>\n<div><\/div>\n<\/div>\n","protected":false},"excerpt":{"rendered":"<p>Boardgame.<\/p>\n","protected":false},"featured_media":51735,"template":"","meta":{"_acf_changed":false},"product_brand":[],"product_cat":[1561,1564,1562,1653,1180],"product_tag":[1264,1280],"class_list":{"0":"post-51733","1":"product","2":"type-product","3":"status-publish","4":"has-post-thumbnail","6":"product_cat-familiar-es","7":"product_cat-childrens-es","8":"product_cat-dice-games-es","9":"product_cat-boardgames","10":"product_cat-retail-products-es","11":"product_tag-boardgame-es","12":"product_tag-juego-de-mesa-es","14":"first","15":"instock","16":"sale","17":"taxable","18":"shipping-taxable","19":"purchasable","20":"product-type-simple"},"exclude_global_add_ons":[],"addons":[],"acf":[],"_links":{"self":[{"href":"https:\/\/www.customeeple.com\/es\/wp-json\/wp\/v2\/product\/51733","targetHints":{"allow":["GET"]}}],"collection":[{"href":"https:\/\/www.customeeple.com\/es\/wp-json\/wp\/v2\/product"}],"about":[{"href":"https:\/\/www.customeeple.com\/es\/wp-json\/wp\/v2\/types\/product"}],"wp:featuredmedia":[{"embeddable":true,"href":"https:\/\/www.customeeple.com\/es\/wp-json\/wp\/v2\/media\/51735"}],"wp:attachment":[{"href":"https:\/\/www.customeeple.com\/es\/wp-json\/wp\/v2\/media?parent=51733"}],"wp:term":[{"taxonomy":"product_brand","embeddable":true,"href":"https:\/\/www.customeeple.com\/es\/wp-json\/wp\/v2\/product_brand?post=51733"},{"taxonomy":"product_cat","embeddable":true,"href":"https:\/\/www.customeeple.com\/es\/wp-json\/wp\/v2\/product_cat?post=51733"},{"taxonomy":"product_tag","embeddable":true,"href":"https:\/\/www.customeeple.com\/es\/wp-json\/wp\/v2\/product_tag?post=51733"}],"curies":[{"name":"wp","href":"https:\/\/api.w.org\/{rel}","templated":true}]}}