{"id":51729,"date":"2020-03-15T10:32:29","date_gmt":"2020-03-15T09:32:29","guid":{"rendered":"https:\/\/www.customeeple.com\/?post_type=product&#038;p=51729"},"modified":"2020-03-15T12:26:57","modified_gmt":"2020-03-15T11:26:57","slug":"tip-top-clap-esp","status":"publish","type":"product","link":"https:\/\/www.customeeple.com\/es\/producto\/tip-top-clap-esp\/","title":{"rendered":"Tip Top Clap (ESP)"},"content":{"rendered":"<div class=\"p_collection\">\n<p>Juego de memoria. Se crea una serie de ruidos y de m\u00edmica y a lo largo del juego las risas est\u00e1n aseguradas para este juego de memoria in\u00e9dito!<\/p>\n<\/div>\n<div class=\"product_components double-top add-border\">\n<div>\n<p><strong>Contenido<\/strong>: 32 cartas<\/p>\n<p><strong>Cantidad de jugadores<\/strong>: 2-5<\/p>\n<p><strong>Duraci\u00f3n<\/strong>: 15 minutos<\/p>\n<p><strong>Edad<\/strong>: +6 a\u00f1os<\/p>\n<\/div>\n<div><\/div>\n<\/div>\n","protected":false},"excerpt":{"rendered":"<p>Boardgame.<\/p>\n","protected":false},"featured_media":51731,"template":"","meta":{"_acf_changed":false},"product_brand":[],"product_cat":[1990,1561,1564,1557,1653,1180],"product_tag":[1264,1691,1280],"class_list":{"0":"post-51729","1":"product","2":"type-product","3":"status-publish","4":"has-post-thumbnail","6":"product_cat-djeco","7":"product_cat-familiar-es","8":"product_cat-childrens-es","9":"product_cat-card-game-es","10":"product_cat-boardgames","11":"product_cat-retail-products-es","12":"product_tag-boardgame-es","13":"product_tag-djeco-es","14":"product_tag-juego-de-mesa-es","16":"first","17":"onbackorder","18":"taxable","19":"shipping-taxable","20":"purchasable","21":"product-type-simple"},"exclude_global_add_ons":[],"addons":[],"acf":[],"_links":{"self":[{"href":"https:\/\/www.customeeple.com\/es\/wp-json\/wp\/v2\/product\/51729","targetHints":{"allow":["GET"]}}],"collection":[{"href":"https:\/\/www.customeeple.com\/es\/wp-json\/wp\/v2\/product"}],"about":[{"href":"https:\/\/www.customeeple.com\/es\/wp-json\/wp\/v2\/types\/product"}],"wp:featuredmedia":[{"embeddable":true,"href":"https:\/\/www.customeeple.com\/es\/wp-json\/wp\/v2\/media\/51731"}],"wp:attachment":[{"href":"https:\/\/www.customeeple.com\/es\/wp-json\/wp\/v2\/media?parent=51729"}],"wp:term":[{"taxonomy":"product_brand","embeddable":true,"href":"https:\/\/www.customeeple.com\/es\/wp-json\/wp\/v2\/product_brand?post=51729"},{"taxonomy":"product_cat","embeddable":true,"href":"https:\/\/www.customeeple.com\/es\/wp-json\/wp\/v2\/product_cat?post=51729"},{"taxonomy":"product_tag","embeddable":true,"href":"https:\/\/www.customeeple.com\/es\/wp-json\/wp\/v2\/product_tag?post=51729"}],"curies":[{"name":"wp","href":"https:\/\/api.w.org\/{rel}","templated":true}]}}