{"id":51680,"date":"2020-03-14T17:45:02","date_gmt":"2020-03-14T16:45:03","guid":{"rendered":"https:\/\/www.customeeple.com\/?post_type=product&#038;p=51680"},"modified":"2020-03-18T14:43:13","modified_gmt":"2020-03-18T13:43:13","slug":"pandemic-esp","status":"publish","type":"product","link":"https:\/\/www.customeeple.com\/es\/producto\/pandemic-esp\/","title":{"rendered":"Pandemic (ESP)"},"content":{"rendered":"<div class=\"p_collection\">\n<div id=\"primary_block\" class=\"clearfix\">\n<div class=\"add-top p_collection\">\n<div>\n<p>Como miembros de un equipo especializado en la contenci\u00f3n de enfermedades, deber\u00e9is controlar la expansi\u00f3n de cuatro plagas mortales mientras intent\u00e1is descubrir sus respectivas curas. Para conseguirlo tus compa\u00f1eros y t\u00fa tendr\u00e9is que viajar a lo largo y ancho del globo, tratando a los infectados y buscando los recursos necesarios para sintetizar cada una de las curas. Si quer\u00e9is triunfar en esta misi\u00f3n, deber\u00e9is trabajar unidos. Pandemic es un juego cooperativo, lo que significa que todos los jugadores ganar\u00e1n o perder\u00e1n como equipo. El tiempo avanza sin descanso mientras las epidemias se suceden y nuevos brotes amenazan con extender la enfermedad. \u00bfPodr\u00e9is encontrar las cuatro curas a tiempo? \u00a1El destino de la humanidad est\u00e1 en vuestras manos!<\/p>\n<\/div>\n<p><strong>Cantidad de jugadores<\/strong>: 2 a 4 jugadores<\/p>\n<\/div>\n<\/div>\n<\/div>\n<div class=\"product_components double-top add-border\">\n<div>\n<p><strong>Duraci\u00f3n<\/strong>: 50 minutos<\/p>\n<p><strong>Edad<\/strong>: +10 a\u00f1os<\/p>\n<p><strong>Idioma<\/strong>: Espa\u00f1ol<\/p>\n<\/div>\n<div><\/div>\n<\/div>\n","protected":false},"excerpt":{"rendered":"<p>Boardgame.<\/p>\n","protected":false},"featured_media":51682,"template":"","meta":{"_acf_changed":false},"product_brand":[],"product_cat":[1561,1653,1556,1180],"product_tag":[1264,1280],"class_list":{"0":"post-51680","1":"product","2":"type-product","3":"status-publish","4":"has-post-thumbnail","6":"product_cat-familiar-es","7":"product_cat-boardgames","8":"product_cat-board-games-es","9":"product_cat-retail-products-es","10":"product_tag-boardgame-es","11":"product_tag-juego-de-mesa-es","13":"first","14":"outofstock","15":"taxable","16":"shipping-taxable","17":"purchasable","18":"product-type-simple"},"exclude_global_add_ons":[],"addons":[],"acf":[],"_links":{"self":[{"href":"https:\/\/www.customeeple.com\/es\/wp-json\/wp\/v2\/product\/51680","targetHints":{"allow":["GET"]}}],"collection":[{"href":"https:\/\/www.customeeple.com\/es\/wp-json\/wp\/v2\/product"}],"about":[{"href":"https:\/\/www.customeeple.com\/es\/wp-json\/wp\/v2\/types\/product"}],"wp:featuredmedia":[{"embeddable":true,"href":"https:\/\/www.customeeple.com\/es\/wp-json\/wp\/v2\/media\/51682"}],"wp:attachment":[{"href":"https:\/\/www.customeeple.com\/es\/wp-json\/wp\/v2\/media?parent=51680"}],"wp:term":[{"taxonomy":"product_brand","embeddable":true,"href":"https:\/\/www.customeeple.com\/es\/wp-json\/wp\/v2\/product_brand?post=51680"},{"taxonomy":"product_cat","embeddable":true,"href":"https:\/\/www.customeeple.com\/es\/wp-json\/wp\/v2\/product_cat?post=51680"},{"taxonomy":"product_tag","embeddable":true,"href":"https:\/\/www.customeeple.com\/es\/wp-json\/wp\/v2\/product_tag?post=51680"}],"curies":[{"name":"wp","href":"https:\/\/api.w.org\/{rel}","templated":true}]}}