{"id":51676,"date":"2020-03-14T17:39:22","date_gmt":"2020-03-14T16:39:23","guid":{"rendered":"https:\/\/www.customeeple.com\/?post_type=product&#038;p=51676"},"modified":"2020-03-15T12:23:41","modified_gmt":"2020-03-15T11:23:41","slug":"story-cubes-doctor-who-esp","status":"publish","type":"product","link":"https:\/\/www.customeeple.com\/es\/producto\/story-cubes-doctor-who-esp\/","title":{"rendered":"Story Cubes &#8211; Doctor Who (ESP)"},"content":{"rendered":"<div class=\"p_collection\">\n<p><strong>Story Cubes\u00a0<\/strong><strong>Doctor Who<\/strong>\u00a0es un juego enormemente divertido, que agudiza tu ingenio y afina tu imaginaci\u00f3n. Las im\u00e1genes fueron dise\u00f1adas por\u00a0<strong>Rory O&#8217;Connor<\/strong>, un irland\u00e9s especializado en entrenar la creatividad y solucionar problemas creativos. Se pueden utilizar para llegar a respuestas o decisiones de una manera indirecta e ingeniosa. Cada dado tiene\u00a0<strong>6 im\u00e1genes o iconos,<\/strong>\u00a0un total de\u00a0<strong>18 ideas<\/strong>\u00a0que mezcladas pueden generar millones de combinaciones.<\/p>\n<p>Lanza los dados y, comenzando por\u00a0<strong>\u00ab\u00c9rase una vez&#8230;\u00bb,<\/strong>\u00a0inv\u00e9ntate una historia que involucre los\u00a0<strong>3 resultados<\/strong>\u00a0de los dados.<\/p>\n<p>Juega con\u00a0<strong>Story Cubes\u00a0<\/strong><strong>Doctor Who<\/strong>\u00a0como un juego para uno o m\u00e1s jugadores, o como un party game en el que cada uno tiene que continuar la historia donde el anterior la ha dejado. Otorga puntos como premio por la rapidez de improvisaci\u00f3n, o por la inventiva, o\u00a0 la imaginaci\u00f3n&#8230;<\/p>\n<p>Adem\u00e1s, las instrucciones\u00a0<strong>incluyen varias maneras diferentes de utilizar los cubos para resolver problemas<\/strong>\u00a0como romper el bloqueo del escritor, mejorar su imaginaci\u00f3n y aumentar su capacidad de encontrar temas unificadores entre diversas im\u00e1genes&#8230;<\/p>\n<p><strong>Story Cubes\u00a0Doctor Who<\/strong>\u00a0se puede jugar combinado con cualquier otro juego de la familia de\u00a0<strong>story cubes<\/strong>\u00a0o de forma independiente.<\/p>\n<div align=\"justify\">\n<div><em><strong>\u00ab\u00c9rase una vez, en otro tiempo y espacio&#8230;\u00bb<\/strong><\/em><br \/>\n<em><strong>\u00bfQu\u00e9 alien\u00edgena estar\u00e1 desatando el caos en la Tierra? \u00bfA qu\u00e9 nuevo\u00a0rompecabezas se enfrentar\u00e1 el doctor? \u00bfD\u00f3nde ir\u00e1 ahora la TARDIS?<\/strong><\/em><\/div>\n<\/div>\n<\/div>\n<div class=\"product_components double-top add-border\">\n<div>\n<p><strong>Contenido<\/strong>: 9 dados y reglas<\/p>\n<p><strong>Cantidad de jugadores<\/strong>: 1-12<\/p>\n<p><strong>Duraci\u00f3n<\/strong>: 20 minutos<\/p>\n<p><strong>Edad<\/strong>: +6 a\u00f1os<\/p>\n<\/div>\n<div><\/div>\n<\/div>\n","protected":false},"excerpt":{"rendered":"<p>Boardgame.<\/p>\n","protected":false},"featured_media":51678,"template":"","meta":{"_acf_changed":false},"product_brand":[],"product_cat":[1561,1562,1653,1180],"product_tag":[1286,1264,1280],"class_list":{"0":"post-51676","1":"product","2":"type-product","3":"status-publish","4":"has-post-thumbnail","6":"product_cat-familiar-es","7":"product_cat-dice-games-es","8":"product_cat-boardgames","9":"product_cat-retail-products-es","10":"product_tag-asmodee-es","11":"product_tag-boardgame-es","12":"product_tag-juego-de-mesa-es","14":"first","15":"onbackorder","16":"taxable","17":"shipping-taxable","18":"purchasable","19":"product-type-simple"},"exclude_global_add_ons":[],"addons":[],"acf":[],"_links":{"self":[{"href":"https:\/\/www.customeeple.com\/es\/wp-json\/wp\/v2\/product\/51676","targetHints":{"allow":["GET"]}}],"collection":[{"href":"https:\/\/www.customeeple.com\/es\/wp-json\/wp\/v2\/product"}],"about":[{"href":"https:\/\/www.customeeple.com\/es\/wp-json\/wp\/v2\/types\/product"}],"wp:featuredmedia":[{"embeddable":true,"href":"https:\/\/www.customeeple.com\/es\/wp-json\/wp\/v2\/media\/51678"}],"wp:attachment":[{"href":"https:\/\/www.customeeple.com\/es\/wp-json\/wp\/v2\/media?parent=51676"}],"wp:term":[{"taxonomy":"product_brand","embeddable":true,"href":"https:\/\/www.customeeple.com\/es\/wp-json\/wp\/v2\/product_brand?post=51676"},{"taxonomy":"product_cat","embeddable":true,"href":"https:\/\/www.customeeple.com\/es\/wp-json\/wp\/v2\/product_cat?post=51676"},{"taxonomy":"product_tag","embeddable":true,"href":"https:\/\/www.customeeple.com\/es\/wp-json\/wp\/v2\/product_tag?post=51676"}],"curies":[{"name":"wp","href":"https:\/\/api.w.org\/{rel}","templated":true}]}}