{"id":51660,"date":"2020-03-14T17:00:05","date_gmt":"2020-03-14T16:00:05","guid":{"rendered":"https:\/\/www.customeeple.com\/?post_type=product&#038;p=51660"},"modified":"2020-03-14T17:10:59","modified_gmt":"2020-03-14T16:10:59","slug":"little-observation-esp","status":"publish","type":"product","link":"https:\/\/www.customeeple.com\/es\/producto\/little-observation-esp\/","title":{"rendered":"Little Observation (ESP)"},"content":{"rendered":"<p>La colecci\u00f3n de juegos Little ha sido creada para acercar a los m\u00e1s peque\u00f1os al mundo de los juegos de mesa de forma divertida. Little Observation es un juego de observaci\u00f3n, rapidez y asociaci\u00f3n de colores. Todas las mariposas se colocan encima de la mesa, tiramos los 2 dados y observamos los colores que aparecen. Quien sea m\u00e1s r\u00e1pido y atrape la mariposa formada por estos dos colores \u00a1gana una ficha!<\/p>\n<p><strong>Contenido:<\/strong> 9 mariposas de goma, 2 dados de colores y 30 fichas de puntos.<\/p>\n<p><strong>Cantidad de jugadores:<\/strong> 2-4<\/p>\n<p><strong>Duraci\u00f3n:<\/strong> 10 minutos<\/p>\n<p><strong>Edad:<\/strong> +2&#8217;5 a 5 a\u00f1os<\/p>\n","protected":false},"excerpt":{"rendered":"<p>Boardgame.<\/p>\n","protected":false},"featured_media":51662,"template":"","meta":{"_acf_changed":false},"product_brand":[],"product_cat":[1564,1653,1180],"product_tag":[1264,1280],"class_list":{"0":"post-51660","1":"product","2":"type-product","3":"status-publish","4":"has-post-thumbnail","6":"product_cat-childrens-es","7":"product_cat-boardgames","8":"product_cat-retail-products-es","9":"product_tag-boardgame-es","10":"product_tag-juego-de-mesa-es","12":"first","13":"onbackorder","14":"taxable","15":"shipping-taxable","16":"purchasable","17":"product-type-simple"},"exclude_global_add_ons":[],"addons":[],"acf":[],"_links":{"self":[{"href":"https:\/\/www.customeeple.com\/es\/wp-json\/wp\/v2\/product\/51660","targetHints":{"allow":["GET"]}}],"collection":[{"href":"https:\/\/www.customeeple.com\/es\/wp-json\/wp\/v2\/product"}],"about":[{"href":"https:\/\/www.customeeple.com\/es\/wp-json\/wp\/v2\/types\/product"}],"wp:featuredmedia":[{"embeddable":true,"href":"https:\/\/www.customeeple.com\/es\/wp-json\/wp\/v2\/media\/51662"}],"wp:attachment":[{"href":"https:\/\/www.customeeple.com\/es\/wp-json\/wp\/v2\/media?parent=51660"}],"wp:term":[{"taxonomy":"product_brand","embeddable":true,"href":"https:\/\/www.customeeple.com\/es\/wp-json\/wp\/v2\/product_brand?post=51660"},{"taxonomy":"product_cat","embeddable":true,"href":"https:\/\/www.customeeple.com\/es\/wp-json\/wp\/v2\/product_cat?post=51660"},{"taxonomy":"product_tag","embeddable":true,"href":"https:\/\/www.customeeple.com\/es\/wp-json\/wp\/v2\/product_tag?post=51660"}],"curies":[{"name":"wp","href":"https:\/\/api.w.org\/{rel}","templated":true}]}}