{"id":51656,"date":"2020-03-14T16:58:02","date_gmt":"2020-03-14T15:58:02","guid":{"rendered":"https:\/\/www.customeeple.com\/?post_type=product&#038;p=51656"},"modified":"2025-01-06T00:00:01","modified_gmt":"2025-01-05T23:00:01","slug":"little-circuit-esp","status":"publish","type":"product","link":"https:\/\/www.customeeple.com\/es\/producto\/little-circuit-esp\/","title":{"rendered":"Little Circuit (ESP)"},"content":{"rendered":"<p>La colecci\u00f3n de juegos Little ha sido creada para acercar a los m\u00e1s peque\u00f1os al mundo de los juegos de mesa de forma divertida. Little Circuit es un juego de recorrido y asociaci\u00f3n de colores. Cada jugador elige un animalito y lo coloca en su casilla de salida. El primer jugador lanza el dado y realiza la acci\u00f3n correspondiente: si aparece un color, avanza hasta la casilla del color del dado, si aparece una flor avanza hasta la casilla del mismo color y si aparece un abeja \u00a1ups! deber\u00e1 retroceder hasta la anterior casilla del mismo color.<\/p>\n<p><strong>Contenido:<\/strong> Contiene 4 animales de goma (perro, gato, vaca y conejo), 1 circuito formado por 6 piezas puzzle, 1 dado y 15 fichas de puntos.<\/p>\n<p><strong>Cantidad de jugadores:<\/strong> 2-4<\/p>\n<p><strong>Duraci\u00f3n:<\/strong> 10 minutos<\/p>\n<p><strong>Edad:<\/strong> +2&#8217;5 a 5 a\u00f1os<\/p>\n","protected":false},"excerpt":{"rendered":"<p>Boardgame.<\/p>\n","protected":false},"featured_media":51658,"template":"","meta":{"_acf_changed":false},"product_brand":[],"product_cat":[1990,1564,1653,1180],"product_tag":[1264,1280],"class_list":{"0":"post-51656","1":"product","2":"type-product","3":"status-publish","4":"has-post-thumbnail","6":"product_cat-djeco","7":"product_cat-childrens-es","8":"product_cat-boardgames","9":"product_cat-retail-products-es","10":"product_tag-boardgame-es","11":"product_tag-juego-de-mesa-es","13":"first","14":"onbackorder","15":"taxable","16":"shipping-taxable","17":"purchasable","18":"product-type-simple"},"exclude_global_add_ons":[],"addons":[],"acf":[],"_links":{"self":[{"href":"https:\/\/www.customeeple.com\/es\/wp-json\/wp\/v2\/product\/51656","targetHints":{"allow":["GET"]}}],"collection":[{"href":"https:\/\/www.customeeple.com\/es\/wp-json\/wp\/v2\/product"}],"about":[{"href":"https:\/\/www.customeeple.com\/es\/wp-json\/wp\/v2\/types\/product"}],"wp:featuredmedia":[{"embeddable":true,"href":"https:\/\/www.customeeple.com\/es\/wp-json\/wp\/v2\/media\/51658"}],"wp:attachment":[{"href":"https:\/\/www.customeeple.com\/es\/wp-json\/wp\/v2\/media?parent=51656"}],"wp:term":[{"taxonomy":"product_brand","embeddable":true,"href":"https:\/\/www.customeeple.com\/es\/wp-json\/wp\/v2\/product_brand?post=51656"},{"taxonomy":"product_cat","embeddable":true,"href":"https:\/\/www.customeeple.com\/es\/wp-json\/wp\/v2\/product_cat?post=51656"},{"taxonomy":"product_tag","embeddable":true,"href":"https:\/\/www.customeeple.com\/es\/wp-json\/wp\/v2\/product_tag?post=51656"}],"curies":[{"name":"wp","href":"https:\/\/api.w.org\/{rel}","templated":true}]}}