{"id":51627,"date":"2020-03-14T15:41:59","date_gmt":"2020-03-14T14:41:59","guid":{"rendered":"https:\/\/www.customeeple.com\/?post_type=product&#038;p=51627"},"modified":"2020-03-14T15:58:19","modified_gmt":"2020-03-14T14:58:19","slug":"rhino-hero-super-battle-esp","status":"publish","type":"product","link":"https:\/\/www.customeeple.com\/es\/producto\/rhino-hero-super-battle-esp\/","title":{"rendered":"Rhino Hero Super Battle (ESP)"},"content":{"rendered":"<p>Rhino Hero, el superh\u00e9roe m\u00e1s querido y admirado en el mundo, entra de nuevo en acci\u00f3n. Se sube sin miedo a los edificios m\u00e1s altos para divisar a ladrones y bribones, pero, aunque es fuerte como un le\u00f3n y listo como un zorro, tambi\u00e9n es tan pesado como un rinoceronte. Ahora, adem\u00e1s de escalar rascacielos, se disputar\u00e1n duras batallas entre los cuatro superh\u00e9roes: Rhino Hero, Jirafa Boy, Big E. y Batg\u00fcin. \u00bfQui\u00e9n se bate en duelo por la victoria y no se deja amedrentar por los monos-ara\u00f1a?<\/p>\n<p><strong>Cantidad de jugadores:<\/strong> 2-4<\/p>\n<p><strong>Duraci\u00f3n:<\/strong> 10-20 minutos<\/p>\n<p><strong>Edad:<\/strong> +6 a\u00f1os<\/p>\n","protected":false},"excerpt":{"rendered":"<p>Boardgame.<\/p>\n","protected":false},"featured_media":51629,"template":"","meta":{"_acf_changed":false},"product_brand":[],"product_cat":[1991,1564,1653,1180],"product_tag":[1264,1284,1280],"class_list":{"0":"post-51627","1":"product","2":"type-product","3":"status-publish","4":"has-post-thumbnail","6":"product_cat-ha-es","7":"product_cat-childrens-es","8":"product_cat-boardgames","9":"product_cat-retail-products-es","10":"product_tag-boardgame-es","11":"product_tag-devir-es","12":"product_tag-juego-de-mesa-es","14":"first","15":"onbackorder","16":"sale","17":"taxable","18":"shipping-taxable","19":"purchasable","20":"product-type-simple"},"exclude_global_add_ons":[],"addons":[],"acf":[],"_links":{"self":[{"href":"https:\/\/www.customeeple.com\/es\/wp-json\/wp\/v2\/product\/51627","targetHints":{"allow":["GET"]}}],"collection":[{"href":"https:\/\/www.customeeple.com\/es\/wp-json\/wp\/v2\/product"}],"about":[{"href":"https:\/\/www.customeeple.com\/es\/wp-json\/wp\/v2\/types\/product"}],"wp:featuredmedia":[{"embeddable":true,"href":"https:\/\/www.customeeple.com\/es\/wp-json\/wp\/v2\/media\/51629"}],"wp:attachment":[{"href":"https:\/\/www.customeeple.com\/es\/wp-json\/wp\/v2\/media?parent=51627"}],"wp:term":[{"taxonomy":"product_brand","embeddable":true,"href":"https:\/\/www.customeeple.com\/es\/wp-json\/wp\/v2\/product_brand?post=51627"},{"taxonomy":"product_cat","embeddable":true,"href":"https:\/\/www.customeeple.com\/es\/wp-json\/wp\/v2\/product_cat?post=51627"},{"taxonomy":"product_tag","embeddable":true,"href":"https:\/\/www.customeeple.com\/es\/wp-json\/wp\/v2\/product_tag?post=51627"}],"curies":[{"name":"wp","href":"https:\/\/api.w.org\/{rel}","templated":true}]}}