{"id":51623,"date":"2020-03-14T15:32:00","date_gmt":"2020-03-14T14:32:00","guid":{"rendered":"https:\/\/www.customeeple.com\/?post_type=product&#038;p=51623"},"modified":"2024-07-21T10:05:29","modified_gmt":"2024-07-21T09:05:29","slug":"dobble-infantil-esp","status":"publish","type":"product","link":"https:\/\/www.customeeple.com\/es\/producto\/dobble-infantil-esp\/","title":{"rendered":"Dobble Infantil (ESP)"},"content":{"rendered":"<div class=\"p_collection\">\n<div id=\"primary_block\" class=\"clearfix\">\n<div class=\"add-top p_collection\">\n<p>Dobble un juego con m\u00e1s de 50 s\u00edmbolos, 55 cartas, con uno, y solamente un s\u00edmbolo id\u00e9ntico entre cada carta. \u00bfSer\u00e1s capaz de descubrirlo?<\/p>\n<p><em>Dobble Kids<\/em>\u00a0contiene 30 cartas, 30 animales y un animal \u00a0id\u00e9ntico entre cada dos carta del juego. Para ganar, encu\u00e9ntralo antes \u00a0que tus amigos. Como su hermano mayor,\u00a0<em>Dobble Kids\u00a0<\/em>contiene 5 mini juegos que utilizan ese principio. Tres est\u00e1n inspirados en los de\u00a0<em>Dobble<\/em>, \u00a0y otros dos est\u00e1n espec\u00edficamente dise\u00f1ados para esta versi\u00f3n infantil. \u00a0Con el fin de simplificar el juego y su duraci\u00f3n hay menos s\u00edmbolos en \u00a0cada carta que en el\u00a0<em>Dobble\u00a0<\/em>original&#8230; \u00a1Ideal para partidas entre edades muy diferentes!<\/p>\n<\/div>\n<\/div>\n<\/div>\n<div class=\"product_components double-top add-border\">\n<div>\n<p><strong>Cantidad de jugadores<\/strong>: 2 a 8 jugadores<\/p>\n<p><strong>Duraci\u00f3n<\/strong>: 10 minutos<\/p>\n<p><strong>Edad<\/strong>: +3 a\u00f1os<\/p>\n<p><strong>Idioma<\/strong>: Espa\u00f1ol<\/p>\n<\/div>\n<div><\/div>\n<\/div>\n","protected":false},"excerpt":{"rendered":"<p>Boardgame.<\/p>\n","protected":false},"featured_media":51625,"template":"","meta":{"_acf_changed":false},"product_brand":[],"product_cat":[1561,1564,1557,1653,1180],"product_tag":[1264,1280],"class_list":{"0":"post-51623","1":"product","2":"type-product","3":"status-publish","4":"has-post-thumbnail","6":"product_cat-familiar-es","7":"product_cat-childrens-es","8":"product_cat-card-game-es","9":"product_cat-boardgames","10":"product_cat-retail-products-es","11":"product_tag-boardgame-es","12":"product_tag-juego-de-mesa-es","14":"first","15":"onbackorder","16":"sale","17":"taxable","18":"shipping-taxable","19":"purchasable","20":"product-type-simple"},"exclude_global_add_ons":[],"addons":[],"acf":[],"_links":{"self":[{"href":"https:\/\/www.customeeple.com\/es\/wp-json\/wp\/v2\/product\/51623","targetHints":{"allow":["GET"]}}],"collection":[{"href":"https:\/\/www.customeeple.com\/es\/wp-json\/wp\/v2\/product"}],"about":[{"href":"https:\/\/www.customeeple.com\/es\/wp-json\/wp\/v2\/types\/product"}],"wp:featuredmedia":[{"embeddable":true,"href":"https:\/\/www.customeeple.com\/es\/wp-json\/wp\/v2\/media\/51625"}],"wp:attachment":[{"href":"https:\/\/www.customeeple.com\/es\/wp-json\/wp\/v2\/media?parent=51623"}],"wp:term":[{"taxonomy":"product_brand","embeddable":true,"href":"https:\/\/www.customeeple.com\/es\/wp-json\/wp\/v2\/product_brand?post=51623"},{"taxonomy":"product_cat","embeddable":true,"href":"https:\/\/www.customeeple.com\/es\/wp-json\/wp\/v2\/product_cat?post=51623"},{"taxonomy":"product_tag","embeddable":true,"href":"https:\/\/www.customeeple.com\/es\/wp-json\/wp\/v2\/product_tag?post=51623"}],"curies":[{"name":"wp","href":"https:\/\/api.w.org\/{rel}","templated":true}]}}