{"id":51619,"date":"2020-03-14T15:19:30","date_gmt":"2020-03-14T14:19:30","guid":{"rendered":"https:\/\/www.customeeple.com\/?post_type=product&#038;p=51619"},"modified":"2020-03-14T15:58:06","modified_gmt":"2020-03-14T14:58:06","slug":"unlock-exotic-adventures-esp","status":"publish","type":"product","link":"https:\/\/www.customeeple.com\/es\/producto\/unlock-exotic-adventures-esp\/","title":{"rendered":"Unlock! Exotic Adventures (ESP)"},"content":{"rendered":"<div class=\"p_collection\">\n<div id=\"primary_block\" class=\"clearfix\">\n<div class=\"add-top p_collection\">\n<div>\n<p>Unlock! Exotic Adventures es un juego cooperativo basado en los Escape Room. En esta edici\u00f3n, tres aventuras te mantendr\u00e1n totalmente enganchado: &#8211; La Noche de los Espantani\u00f1os: \u00a1Los espantani\u00f1os han invadido los sue\u00f1os de William! Unid vuestras fuerzas para ahuyentarlos y permitirle dormir tranquilo. &#8211; El \u00daltimo Cuento de Scheherazade: El cuento definitivo de \u201cLas mil y una noches\u201d. El sult\u00e1n est\u00e1 a punto de condenar a muerte a Scheherazade. \u00a1Id volando a rescatarla! &#8211; Expedici\u00f3n: Challenger: \u00a1Explorad un valle repleto de dinosaurios y salvad a los miembros de la \u00faltima expedici\u00f3n del profesor Challenger! \u00a1Busca en los escenarios! \u00a1Combina objetos! \u00a1Resuelve puzles!<\/p>\n<\/div>\n<p><strong>Cantidad de jugadores<\/strong>: 2 a 6 jugadores<\/p>\n<p><strong>Contenido:<\/strong><\/p>\n<ul>\n<li>1 Reglamento<\/li>\n<li>1 Tutorial (10 cartas)<\/li>\n<li>3 Aventuras (180 Cartas)<\/li>\n<li>1 Cuaderno de viaje<\/li>\n<li>1 Hoja de papel<\/li>\n<\/ul>\n<\/div>\n<\/div>\n<\/div>\n<div class=\"product_components double-top add-border\">\n<div>\n<p><strong>Duraci\u00f3n<\/strong>: 1 hora<\/p>\n<p><strong>Edad<\/strong>: +10 a\u00f1os<\/p>\n<p><strong>Idioma<\/strong>: Espa\u00f1ol<\/p>\n<\/div>\n<div><\/div>\n<\/div>\n","protected":false},"excerpt":{"rendered":"<p>Boardgame.<\/p>\n","protected":false},"featured_media":51621,"template":"","meta":{"_acf_changed":false},"product_brand":[],"product_cat":[2343,1561,1653,1180],"product_tag":[1264,1280],"class_list":{"0":"post-51619","1":"product","2":"type-product","3":"status-publish","4":"has-post-thumbnail","6":"product_cat-asmodee-es","7":"product_cat-familiar-es","8":"product_cat-boardgames","9":"product_cat-retail-products-es","10":"product_tag-boardgame-es","11":"product_tag-juego-de-mesa-es","13":"first","14":"onbackorder","15":"sale","16":"taxable","17":"shipping-taxable","18":"purchasable","19":"product-type-simple"},"exclude_global_add_ons":[],"addons":[],"acf":[],"_links":{"self":[{"href":"https:\/\/www.customeeple.com\/es\/wp-json\/wp\/v2\/product\/51619","targetHints":{"allow":["GET"]}}],"collection":[{"href":"https:\/\/www.customeeple.com\/es\/wp-json\/wp\/v2\/product"}],"about":[{"href":"https:\/\/www.customeeple.com\/es\/wp-json\/wp\/v2\/types\/product"}],"wp:featuredmedia":[{"embeddable":true,"href":"https:\/\/www.customeeple.com\/es\/wp-json\/wp\/v2\/media\/51621"}],"wp:attachment":[{"href":"https:\/\/www.customeeple.com\/es\/wp-json\/wp\/v2\/media?parent=51619"}],"wp:term":[{"taxonomy":"product_brand","embeddable":true,"href":"https:\/\/www.customeeple.com\/es\/wp-json\/wp\/v2\/product_brand?post=51619"},{"taxonomy":"product_cat","embeddable":true,"href":"https:\/\/www.customeeple.com\/es\/wp-json\/wp\/v2\/product_cat?post=51619"},{"taxonomy":"product_tag","embeddable":true,"href":"https:\/\/www.customeeple.com\/es\/wp-json\/wp\/v2\/product_tag?post=51619"}],"curies":[{"name":"wp","href":"https:\/\/api.w.org\/{rel}","templated":true}]}}