{"id":51611,"date":"2020-03-14T15:02:39","date_gmt":"2020-03-14T14:02:40","guid":{"rendered":"https:\/\/www.customeeple.com\/?post_type=product&#038;p=51611"},"modified":"2020-03-14T15:12:07","modified_gmt":"2020-03-14T14:12:07","slug":"escape-froma-the-aliens-in-outer-space-esp","status":"publish","type":"product","link":"https:\/\/www.customeeple.com\/es\/producto\/escape-froma-the-aliens-in-outer-space-esp\/","title":{"rendered":"Escape from the Aliens in Outer Space (ING)"},"content":{"rendered":"<div class=\"p_collection\">\n<div id=\"primary_block\" class=\"clearfix\">\n<div class=\"add-top p_collection\">\n<div>\n<p>Te escondes, agazapado, en un rinc\u00f3n del compartimento. Tu error fue parar un momento para recuperar el aliento. Ahora el miedo se ha apoderado de ti y tus piernas no te responden. Deber\u00edas seguir corriendo, lo sabes.\u00a0<strong>Ya s\u00f3lo quedan unos metros hasta la escotilla de escape.<\/strong>\u00a0Quieres llegar, pero te aterra que ya no queden naves con las que huir. O, peor a\u00fan. Que haya alguien esper\u00e1ndote.<\/p>\n<p>Entonces oyes como algo se desliza dentro de la habitaci\u00f3n y aferras con m\u00e1s fuerza la barra de acero que encontraste.\u00a0<strong>\u00bfSer\u00e1 uno de tus compa\u00f1eros?<\/strong>\u00a0<strong>\u00bfEstar\u00e1 ya infectado?<\/strong>\u00a0Y, de pronto, descubres avergonzado que la respuesta no te importa. Al fin y al cabo, tampoco\u00a0<strong>hay naves para todos.<\/strong>\u00a0Y est\u00e1s dispuesto a cualquier cosa con tal de sobrevivir.<\/p>\n<p><strong>Escape from the Aliens in Outer Space<\/strong>\u00a0es una carrera contrarreloj donde\u00a0<strong>tu objetivo estar\u00e1 determinado por el bando<\/strong>\u00a0en el que te haya tocado jugar. Los\u00a0<strong>humanos luchar\u00e1n por escapar<\/strong>\u00a0mientras\u00a0<strong>los alien\u00edgenas intentar\u00e1n devorarlos.<\/strong>\u00a0En una nave a oscuras, con los sistemas el\u00e9ctricos da\u00f1ados, deber\u00e1s interpretar cuidadosamente todas las se\u00f1ales para deducir la posici\u00f3n de los otros jugadores. Y, de paso, no te olvides de averiguar sus intenciones.<\/p>\n<p>No podr\u00e1s correr m\u00e1s que los alien\u00edgenas, pero quiz\u00e1 baste con que seas m\u00e1s r\u00e1pido que tus compa\u00f1eros.<\/p>\n<\/div>\n<p><strong>Cantidad de jugadores<\/strong>: 2 a 8 jugadores<\/p>\n<\/div>\n<\/div>\n<\/div>\n<div class=\"product_components double-top add-border\">\n<div>\n<p><strong>Duraci\u00f3n<\/strong>: 20 minutos<\/p>\n<p><strong>Edad<\/strong>: +12 a\u00f1os<\/p>\n<p><strong>Idioma<\/strong>: Ingles<\/p>\n<\/div>\n<div><\/div>\n<\/div>\n","protected":false},"excerpt":{"rendered":"<p>Boardgame.<\/p>\n","protected":false},"featured_media":51613,"template":"","meta":{"_acf_changed":false},"product_brand":[],"product_cat":[1561,1653,1180],"product_tag":[1264,1280],"class_list":{"0":"post-51611","1":"product","2":"type-product","3":"status-publish","4":"has-post-thumbnail","6":"product_cat-familiar-es","7":"product_cat-boardgames","8":"product_cat-retail-products-es","9":"product_tag-boardgame-es","10":"product_tag-juego-de-mesa-es","12":"first","13":"onbackorder","14":"sale","15":"taxable","16":"shipping-taxable","17":"purchasable","18":"product-type-simple"},"exclude_global_add_ons":[],"addons":[],"acf":[],"_links":{"self":[{"href":"https:\/\/www.customeeple.com\/es\/wp-json\/wp\/v2\/product\/51611","targetHints":{"allow":["GET"]}}],"collection":[{"href":"https:\/\/www.customeeple.com\/es\/wp-json\/wp\/v2\/product"}],"about":[{"href":"https:\/\/www.customeeple.com\/es\/wp-json\/wp\/v2\/types\/product"}],"wp:featuredmedia":[{"embeddable":true,"href":"https:\/\/www.customeeple.com\/es\/wp-json\/wp\/v2\/media\/51613"}],"wp:attachment":[{"href":"https:\/\/www.customeeple.com\/es\/wp-json\/wp\/v2\/media?parent=51611"}],"wp:term":[{"taxonomy":"product_brand","embeddable":true,"href":"https:\/\/www.customeeple.com\/es\/wp-json\/wp\/v2\/product_brand?post=51611"},{"taxonomy":"product_cat","embeddable":true,"href":"https:\/\/www.customeeple.com\/es\/wp-json\/wp\/v2\/product_cat?post=51611"},{"taxonomy":"product_tag","embeddable":true,"href":"https:\/\/www.customeeple.com\/es\/wp-json\/wp\/v2\/product_tag?post=51611"}],"curies":[{"name":"wp","href":"https:\/\/api.w.org\/{rel}","templated":true}]}}