{"id":51607,"date":"2020-03-14T14:54:00","date_gmt":"2020-03-14T13:54:00","guid":{"rendered":"https:\/\/www.customeeple.com\/?post_type=product&#038;p=51607"},"modified":"2020-03-14T15:07:07","modified_gmt":"2020-03-14T14:07:07","slug":"notre-dame-esp","status":"publish","type":"product","link":"https:\/\/www.customeeple.com\/es\/producto\/notre-dame-esp\/","title":{"rendered":"Notre Dame (ESP)"},"content":{"rendered":"<div class=\"p_collection\">\n<div id=\"primary_block\" class=\"clearfix\">\n<div class=\"add-top p_collection\">\n<div class=\"fusion-layout-column fusion_builder_column fusion_builder_column_2_3  fusion-two-third fusion-column-first 2_3\">\n<div class=\"fusion-column-wrapper\" data-bg-url=\"\">\n<div class=\"fusion-text\">\n<p><em>Par\u00eds, finales del siglo XIV. A la sombra de la espectacular catedral de Notre Dame, luchar\u00e1s y competir\u00e1s por el poder y la influencia sobre la ciudad. Juega tus cartas sabiamente, intentando evitar la temida peste negra, \u00a1y usa tu astucia y habilidad para sobornar a eminentes personajes en tu camino a la cima!<\/em><\/p>\n<p><em>Notre Dame<\/em>\u00a0es un emocionante juego de estrategia que pondr\u00e1 a prueba tus capacidades t\u00e1cticas y de planificaci\u00f3n, y en el que muchos caminos pueden llevarte a la victoria. Los jugadores asumen el papel de cabezas de influyentes familias parisinas de finales del siglo XIV. Cada jugador tratar\u00e1 de acumular riqueza y prestigio haciendo uso de las cartas de acci\u00f3n, para influenciar astutamente los sectores de sus distritos. Pero deber\u00e1n tener cuidado, ya que aquellos que no se preocupen del bienestar de los habitantes de su barrio sufrir\u00e1n los efectos de la peste negra. A medida que avance la partida, tendr\u00e1s que tomar decisiones que tendr\u00e1n m\u00e1s y m\u00e1s implicaciones. Deber\u00e1s elegir la mejor opci\u00f3n entre las muchas alternativas que se te presentar\u00e1n, y para lograr la victoria tendr\u00e1s que aprovechar las oportunidades en el momento justo.<\/p>\n<p>Tras 9 apasionantes rondas llenas de acci\u00f3n, el jugador que mejor haya aprovechado sus cartas y que m\u00e1s puntos de prestigio haya logrado obtener ser\u00e1 el ganador.<\/p>\n<\/div>\n<\/div>\n<\/div>\n<\/div>\n<\/div>\n<\/div>\n<div class=\"product_components double-top add-border\">\n<div>\n<p><strong>Cantidad de jugadores<\/strong>: 2 a 5 jugadores<\/p>\n<p><strong>Duraci\u00f3n<\/strong>: 45-75 minutos<\/p>\n<p><strong>Edad<\/strong>: +10 a\u00f1os<\/p>\n<p><strong>Idioma<\/strong>: Espa\u00f1ol<\/p>\n<\/div>\n<div><\/div>\n<\/div>\n","protected":false},"excerpt":{"rendered":"<p>Boardgame.<\/p>\n","protected":false},"featured_media":51609,"template":"","meta":{"_acf_changed":false},"product_brand":[],"product_cat":[1561,1653,1556,1180],"product_tag":[1264,1280],"class_list":{"0":"post-51607","1":"product","2":"type-product","3":"status-publish","4":"has-post-thumbnail","6":"product_cat-familiar-es","7":"product_cat-boardgames","8":"product_cat-board-games-es","9":"product_cat-retail-products-es","10":"product_tag-boardgame-es","11":"product_tag-juego-de-mesa-es","13":"first","14":"onbackorder","15":"sale","16":"taxable","17":"shipping-taxable","18":"purchasable","19":"product-type-simple"},"exclude_global_add_ons":[],"addons":[],"acf":[],"_links":{"self":[{"href":"https:\/\/www.customeeple.com\/es\/wp-json\/wp\/v2\/product\/51607","targetHints":{"allow":["GET"]}}],"collection":[{"href":"https:\/\/www.customeeple.com\/es\/wp-json\/wp\/v2\/product"}],"about":[{"href":"https:\/\/www.customeeple.com\/es\/wp-json\/wp\/v2\/types\/product"}],"wp:featuredmedia":[{"embeddable":true,"href":"https:\/\/www.customeeple.com\/es\/wp-json\/wp\/v2\/media\/51609"}],"wp:attachment":[{"href":"https:\/\/www.customeeple.com\/es\/wp-json\/wp\/v2\/media?parent=51607"}],"wp:term":[{"taxonomy":"product_brand","embeddable":true,"href":"https:\/\/www.customeeple.com\/es\/wp-json\/wp\/v2\/product_brand?post=51607"},{"taxonomy":"product_cat","embeddable":true,"href":"https:\/\/www.customeeple.com\/es\/wp-json\/wp\/v2\/product_cat?post=51607"},{"taxonomy":"product_tag","embeddable":true,"href":"https:\/\/www.customeeple.com\/es\/wp-json\/wp\/v2\/product_tag?post=51607"}],"curies":[{"name":"wp","href":"https:\/\/api.w.org\/{rel}","templated":true}]}}