{"id":51599,"date":"2020-03-14T14:45:48","date_gmt":"2020-03-14T13:45:48","guid":{"rendered":"https:\/\/www.customeeple.com\/?post_type=product&#038;p=51599"},"modified":"2020-03-14T15:04:40","modified_gmt":"2020-03-14T14:04:40","slug":"crimenes-en-l-a-esp","status":"publish","type":"product","link":"https:\/\/www.customeeple.com\/es\/producto\/crimenes-en-l-a-esp\/","title":{"rendered":"Cr\u00edmenes en L.A. (ESP)"},"content":{"rendered":"<div class=\"p_collection\">\n<div id=\"primary_block\" class=\"clearfix\">\n<div class=\"add-top p_collection\">\n<div class=\"clGa-baseGame\"><strong>Expansi\u00f3n para: <span class=\"clGa-baseGame-bg\">DETECTIVE<\/span><\/strong><\/div>\n<div><\/div>\n<div class=\"fusion-text\">\n<p>Son los a\u00f1os 80 y Los \u00c1ngeles es un enjambre de corrupci\u00f3n, drogas y cr\u00edmenes. Ha aparecido un caso inusual, pero se necesitaba un detective que no tenga miedo de hacer lo que sea necesario. Si crees que das el perfil, \u00a1\u00fanete al Departamento de Polic\u00eda de Los \u00c1ngeles y resuelve cr\u00edmenes bajo las \u00f3rdenes de James Bradley!<\/p>\n<p>Esta expansi\u00f3n incluye tres nuevos casos que crean una apasionante campa\u00f1a.\u00a0<em>Cr\u00edmenes en L.A.<\/em>\u00a0introduce nuevos personajes y mec\u00e1nicas que se a\u00f1aden a las del juego base,\u00a0<em>Detective: un juego de investigaci\u00f3n moderno<\/em>. Estar\u00e1s a cargo de vigilar a los sospechosos para averiguar detalles sobre ellos, \u00a1pero acumular\u00e1s estr\u00e9s r\u00e1pidamente si decides saltarte las reglas para ponerlos entre rejas! \u00bfHasta d\u00f3nde est\u00e1s dispuesto a llegar?<\/p>\n<\/div>\n<\/div>\n<\/div>\n<\/div>\n<div class=\"product_components double-top add-border\">\n<div>\n<p><strong>Cantidad de jugadores<\/strong>: 1 a 5 jugadores<\/p>\n<p><strong>Duraci\u00f3n<\/strong>: 120-180 minutos<\/p>\n<p><strong>Edad<\/strong>: +16 a\u00f1os<\/p>\n<p><strong>Idioma<\/strong>: Espa\u00f1ol<\/p>\n<\/div>\n<div><\/div>\n<\/div>\n","protected":false},"excerpt":{"rendered":"<p>Boardgame.<\/p>\n","protected":false},"featured_media":51601,"template":"","meta":{"_acf_changed":false},"product_brand":[],"product_cat":[1561,1653,1556,1180],"product_tag":[1264,1280],"class_list":{"0":"post-51599","1":"product","2":"type-product","3":"status-publish","4":"has-post-thumbnail","6":"product_cat-familiar-es","7":"product_cat-boardgames","8":"product_cat-board-games-es","9":"product_cat-retail-products-es","10":"product_tag-boardgame-es","11":"product_tag-juego-de-mesa-es","13":"first","14":"instock","15":"sale","16":"taxable","17":"shipping-taxable","18":"purchasable","19":"product-type-simple"},"exclude_global_add_ons":[],"addons":[],"acf":[],"_links":{"self":[{"href":"https:\/\/www.customeeple.com\/es\/wp-json\/wp\/v2\/product\/51599","targetHints":{"allow":["GET"]}}],"collection":[{"href":"https:\/\/www.customeeple.com\/es\/wp-json\/wp\/v2\/product"}],"about":[{"href":"https:\/\/www.customeeple.com\/es\/wp-json\/wp\/v2\/types\/product"}],"wp:featuredmedia":[{"embeddable":true,"href":"https:\/\/www.customeeple.com\/es\/wp-json\/wp\/v2\/media\/51601"}],"wp:attachment":[{"href":"https:\/\/www.customeeple.com\/es\/wp-json\/wp\/v2\/media?parent=51599"}],"wp:term":[{"taxonomy":"product_brand","embeddable":true,"href":"https:\/\/www.customeeple.com\/es\/wp-json\/wp\/v2\/product_brand?post=51599"},{"taxonomy":"product_cat","embeddable":true,"href":"https:\/\/www.customeeple.com\/es\/wp-json\/wp\/v2\/product_cat?post=51599"},{"taxonomy":"product_tag","embeddable":true,"href":"https:\/\/www.customeeple.com\/es\/wp-json\/wp\/v2\/product_tag?post=51599"}],"curies":[{"name":"wp","href":"https:\/\/api.w.org\/{rel}","templated":true}]}}